{"id":5471,"date":"2019-08-23T16:12:44","date_gmt":"2019-08-23T19:12:44","guid":{"rendered":"https:\/\/polyexcel.com.br\/energia\/"},"modified":"2023-02-13T14:55:32","modified_gmt":"2023-02-13T17:55:32","slug":"energy","status":"publish","type":"page","link":"https:\/\/polyexcel.com.br\/en\/energy\/","title":{"rendered":"Energy"},"content":{"rendered":"<div class=\"wpb-content-wrapper\">[vc_row css=&#8221;.vc_custom_1566588375010{margin-top: 5% !important;margin-bottom: 5% !important;}&#8221;][vc_column][vc_column_text]<a href=\"https:\/\/polyexcel.com.br\/wp-content\/uploads\/2019\/08\/fios-cabos-eletricos-300x200.jpg\"><img loading=\"lazy\" decoding=\"async\" class=\"wp-image-5472 alignright\" src=\"https:\/\/polyexcel.com.br\/wp-content\/uploads\/2019\/08\/fios-cabos-eletricos-300x200.jpg\" alt=\"fios e cabos el\u00e9tricos\" width=\"381\" height=\"254\" srcset=\"https:\/\/polyexcel.com.br\/wp-content\/uploads\/2019\/08\/fios-cabos-eletricos-300x200.jpg 300w, https:\/\/polyexcel.com.br\/wp-content\/uploads\/2019\/08\/fios-cabos-eletricos-768x512.jpg 768w, https:\/\/polyexcel.com.br\/wp-content\/uploads\/2019\/08\/fios-cabos-eletricos-1024x682.jpg 1024w, https:\/\/polyexcel.com.br\/wp-content\/uploads\/2019\/08\/fios-cabos-eletricos.jpg 2000w\" sizes=\"auto, (max-width: 381px) 100vw, 381px\" \/><\/a>Most human activities need some kind of energy, whether in the industries or in the electricity used at home and in several other moments of the day, since we are always connected. Most of this energy has its origins in the burning of fossil fuels.<\/p>\n<p>In the world, the main source of electricity generation is coal. In transportation, the energy to move the vehicles comes mainly from the burning of gasoline and diesel oil. In the industry, for example, we use natural gas and other oil derivatives.<\/p>\n<p>There is a difference between energy matrix and <b>electrical matrix<\/b>, although many people think it\u2019s the same thing. The first one represents the set of energy sources available to move the cars and generate electricity, while the\u00a0 second is formed by a set of available sources necessary for the electric power generation.<\/p>\n<p>In other words, the electrical matrix is part of the energy matrix. We need electric power to perform various activities such as watching a movie, keeping the fridge on, charging laptops and mobiles, among many other things.<\/p>\n<p>The Brazilian electrical matrix is more renewable than the energy matrix, considering that much of the electricity generated in Brazil comes from hydroelectric plants. Wind energy is growing and contributing to our electrical matrix to maintain its most renewable part.<\/p>\n<p>As it is possible to note, electricity is crucial. Among the forms of <b>power transmission<\/b>, the electrical power has the simplest transmission. It consists of raising the tension in the generators centers in order to obtain a level with fewer losses and at an acceptable cost and, after the arrival to the consumer centers, performing a second transformation.<\/p>\n<p>The electricity sector is a process that can be divided into three areas:<a href=\"https:\/\/polyexcel.com.br\/wp-content\/uploads\/2019\/09\/brazilian-electrical-matrix-2017-300x218.jpg\"><img loading=\"lazy\" decoding=\"async\" class=\"size-medium wp-image-5948 alignright\" src=\"https:\/\/polyexcel.com.br\/wp-content\/uploads\/2019\/09\/brazilian-electrical-matrix-2017-300x218.jpg\" alt=\"\" width=\"300\" height=\"218\" srcset=\"https:\/\/polyexcel.com.br\/wp-content\/uploads\/2019\/09\/brazilian-electrical-matrix-2017-300x218.jpg 300w, https:\/\/polyexcel.com.br\/wp-content\/uploads\/2019\/09\/brazilian-electrical-matrix-2017-768x559.jpg 768w, https:\/\/polyexcel.com.br\/wp-content\/uploads\/2019\/09\/brazilian-electrical-matrix-2017.jpg 800w\" sizes=\"auto, (max-width: 300px) 100vw, 300px\" \/><\/a><\/p>\n<p>Generation (G): responsible for the transformation of the primary energy (such as reservoir waters, wind energy, solar energy, gas) into electricity. In Brazil, power generation is dominated by the hydraulic system due to our rivers\u2019 great potential.<\/p>\n<p>Transmission (Tlt i): carries out the energy generated to the load-consuming centers. In general, large consumer centres are located far away from major energy potentials. This makes it necessary to have a large number of transmission lines, with hundreds of kilometers. State\/mixed capital companies such as Eletrobr\u00e1s, CEMIG, COPEL prevail.<\/p>\n<p>Distribution (D): this sector\u2019s function is to receive the energy of the transmission companies and distribute them to the consumer centers, both residential and industrial.<\/p>\n<p>The figure below illustrates the generation, transmission and <b>distribution of energy<\/b>.\u00a0 Polyexcel operates in the compounds\u2019 manufacture for the production of wires and cables used in the areas of energy distribution.[\/vc_column_text][vc_single_image image=&#8221;5951&#8243; img_size=&#8221;full&#8221; add_caption=&#8221;yes&#8221; alignment=&#8221;center&#8221; css=&#8221;.vc_custom_1569357528104{margin-top: 20px !important;}&#8221;][\/vc_column][\/vc_row][vc_section][vc_row full_width=&#8221;stretch_row&#8221; equal_height=&#8221;yes&#8221; bg_cws_repeat=&#8221;no-repeat&#8221; bg_cws_size=&#8221;cover&#8221; bg_image_position=&#8221;center_center&#8221; bg_cws_color=&#8221;color&#8221; cws_overlay_color=&#8221;rgba(29,45,70,0.85)&#8221; css=&#8221;.vc_custom_1676309477107{background-image: url(https:\/\/polyexcel.com.br\/wp-content\/uploads\/2019\/08\/banner-empresa.jpg?id=4220) !important;}&#8221;][vc_column width=&#8221;1\/6&#8243;][\/vc_column][vc_column width=&#8221;2\/3&#8243;][vc_empty_space height=&#8221;30px&#8221;][vc_column_text el_class=&#8221;branco&#8221;]\n<p style=\"text-align: center;\"><strong>Ask for a quotation with Polyexcel right now!<\/strong><\/p>\n[\/vc_column_text][vc_empty_space height=&#8221;30px&#8221;][vc_row_inner css=&#8221;.vc_custom_1676309380972{background-color: #ffffff !important;}&#8221;][vc_column_inner]<div class=\"wpforms-container wpforms-container-full\" id=\"wpforms-11082\"><form id=\"wpforms-form-11082\" class=\"wpforms-validate wpforms-form wpforms-ajax-form\" data-formid=\"11082\" method=\"post\" enctype=\"multipart\/form-data\" action=\"\/en\/wp-json\/wp\/v2\/pages\/5471\" data-token=\"c719a9569c7064c811f293b210ec5230\" data-token-time=\"1776996461\"><noscript class=\"wpforms-error-noscript\">Please enable JavaScript in your browser to complete this form.<\/noscript><div class=\"wpforms-field-container\"><div id=\"wpforms-11082-field_1-container\" class=\"wpforms-field wpforms-field-name\" data-field-id=\"1\"><label class=\"wpforms-field-label\" for=\"wpforms-11082-field_1\">Name * <span class=\"wpforms-required-label\">*<\/span><\/label><input type=\"text\" id=\"wpforms-11082-field_1\" class=\"wpforms-field-large wpforms-field-required\" name=\"wpforms[fields][1]\" required><\/div><div id=\"wpforms-11082-field_2-container\" class=\"wpforms-field wpforms-field-email wpforms-one-half wpforms-first\" data-field-id=\"2\"><label class=\"wpforms-field-label\" for=\"wpforms-11082-field_2\">E-mail * <span class=\"wpforms-required-label\">*<\/span><\/label><input type=\"email\" id=\"wpforms-11082-field_2\" class=\"wpforms-field-large wpforms-field-required\" name=\"wpforms[fields][2]\" spellcheck=\"false\" required><\/div><div id=\"wpforms-11082-field_4-container\" class=\"wpforms-field wpforms-field-text wpforms-one-half\" data-field-id=\"4\"><label class=\"wpforms-field-label\" for=\"wpforms-11082-field_4\">Phone <span class=\"wpforms-required-label\">*<\/span><\/label><input type=\"text\" id=\"wpforms-11082-field_4\" class=\"wpforms-field-large wpforms-field-required wpforms-masked-input\" data-rule-inputmask-incomplete=\"1\" data-inputmask-mask=\"99 9999-9999[9]\" name=\"wpforms[fields][4]\" required><\/div><div id=\"wpforms-11082-field_5-container\" class=\"wpforms-field wpforms-field-text wpforms-one-half wpforms-first\" data-field-id=\"5\"><label class=\"wpforms-field-label\" for=\"wpforms-11082-field_5\">Company <span class=\"wpforms-required-label\">*<\/span><\/label><input type=\"text\" id=\"wpforms-11082-field_5\" class=\"wpforms-field-large wpforms-field-required\" name=\"wpforms[fields][5]\" required><\/div><div id=\"wpforms-11082-field_6-container\" class=\"wpforms-field wpforms-field-select wpforms-one-half wpforms-field-select-style-classic\" data-field-id=\"6\"><label class=\"wpforms-field-label\" for=\"wpforms-11082-field_6\">Business Segment <span class=\"wpforms-required-label\">*<\/span><\/label><select id=\"wpforms-11082-field_6\" class=\"wpforms-field-large wpforms-field-required\" name=\"wpforms[fields][6]\" required=\"required\"><option value=\"\" class=\"placeholder\" disabled  selected='selected'>Choose...<\/option><option value=\"Energy\"  class=\"choice-1 depth-1\"  >Energy<\/option><option value=\"Telecommunication\"  class=\"choice-2 depth-1\"  >Telecommunication<\/option><option value=\"Industry\"  class=\"choice-3 depth-1\"  >Industry<\/option><option value=\"Other\"  class=\"choice-4 depth-1\"  >Other<\/option><\/select><\/div><div id=\"wpforms-11082-field_8-container\" class=\"wpforms-field wpforms-field-textarea\" data-field-id=\"8\"><label class=\"wpforms-field-label\" for=\"wpforms-11082-field_8\">Message <span class=\"wpforms-required-label\">*<\/span><\/label><textarea id=\"wpforms-11082-field_8\" class=\"wpforms-field-large wpforms-field-required wpforms-limit-characters-enabled\" data-form-id=\"11082\" data-field-id=\"8\" data-text-limit=\"500\" name=\"wpforms[fields][8]\" maxlength=\"500\" required><\/textarea><\/div><\/div><!-- .wpforms-field-container --><div class=\"wpforms-recaptcha-container wpforms-is-recaptcha wpforms-is-recaptcha-type-invisible\" ><div class=\"g-recaptcha\" data-sitekey=\"6Lf6VR4hAAAAAI4iWo7J_9g7pcd-JgbSp3XVwI3s\" data-size=\"invisible\"><\/div><\/div><div class=\"wpforms-submit-container\" ><input type=\"hidden\" name=\"wpforms[id]\" value=\"11082\"><input type=\"hidden\" name=\"page_title\" value=\"\"><input type=\"hidden\" name=\"page_url\" value=\"https:\/\/polyexcel.com.br\/en\/wp-json\/wp\/v2\/pages\/5471\"><input type=\"hidden\" name=\"url_referer\" value=\"\"><button type=\"submit\" name=\"wpforms[submit]\" id=\"wpforms-submit-11082\" class=\"wpforms-submit\" data-alt-text=\"Sending...\" data-submit-text=\"Send\" aria-live=\"assertive\" value=\"wpforms-submit\">Send<\/button><img loading=\"lazy\" decoding=\"async\" src=\"https:\/\/polyexcel.com.br\/wp-content\/plugins\/wpforms-lite\/assets\/images\/submit-spin.svg\" class=\"wpforms-submit-spinner\" style=\"display: none;\" width=\"26\" height=\"26\" alt=\"Loading\"><\/div><\/form><\/div>  <!-- .wpforms-container -->[\/vc_column_inner][\/vc_row_inner][vc_empty_space height=&#8221;30px&#8221;][\/vc_column][vc_column width=&#8221;1\/6&#8243;][\/vc_column][\/vc_row][\/vc_section]\n<\/div>","protected":false},"excerpt":{"rendered":"<p>[vc_row css=&#8221;.vc_custom_1566588375010{margin-top: 5% !important;margin-bottom: 5% !important;}&#8221;][vc_column][vc_column_text]Most human activities need some kind of energy, whether in the industries or in the electricity used at home and in several other moments of the day, since we are always connected. Most of this energy has its origins in the burning of fossil fuels. In the world, the main source of electricity generation is coal. In transportation, the energy to move the vehicles comes mainly from the burning of gasoline and diesel oil. In the industry, for example, we use natural gas and other oil derivatives. There is a difference between energy matrix and electrical matrix, although many people think it\u2019s the same thing. The first one represents the set of energy sources available to move the cars and generate electricity, while the\u00a0 second is formed by a set of available sources necessary for the electric power generation. In other words, the electrical matrix is part of the energy matrix. We need electric power to perform various activities such as watching a movie, keeping the fridge on, charging laptops and mobiles, among many other things. The Brazilian electrical matrix is more renewable than the energy matrix, considering that much of the electricity generated in Brazil comes from hydroelectric plants. Wind energy is growing and contributing to our electrical matrix to maintain its most renewable part. As it is possible to note, electricity is crucial. Among the forms of power transmission, the electrical power has the simplest transmission. It consists of raising the tension in the generators centers in order to obtain a level with fewer losses and at an acceptable cost and, after the arrival to the consumer centers, performing a second transformation. The electricity sector is a process that can be divided into three areas: Generation (G): responsible for the transformation of the primary energy (such as reservoir waters, wind energy, solar energy, gas) into electricity. In Brazil, power generation is dominated by the hydraulic system due to our rivers\u2019 great potential. Transmission (Tlt i): carries out the energy generated to the load-consuming centers. In general, large consumer centres are located far away from major energy potentials. This makes it necessary to have a large number of transmission lines, with hundreds of kilometers. State\/mixed capital companies such as Eletrobr\u00e1s, CEMIG, COPEL prevail. Distribution (D): this sector\u2019s function is to receive the energy of the transmission companies and distribute them to the consumer centers, both residential and industrial. The figure below illustrates the generation, transmission and distribution of energy.\u00a0 Polyexcel operates in the compounds\u2019 manufacture for the production of wires and cables used in the areas of energy distribution.[\/vc_column_text][vc_single_image image=&#8221;5951&#8243; img_size=&#8221;full&#8221; add_caption=&#8221;yes&#8221; alignment=&#8221;center&#8221; css=&#8221;.vc_custom_1569357528104{margin-top: 20px !important;}&#8221;][\/vc_column][\/vc_row][vc_section][vc_row full_width=&#8221;stretch_row&#8221; equal_height=&#8221;yes&#8221; bg_cws_repeat=&#8221;no-repeat&#8221; bg_cws_size=&#8221;cover&#8221; bg_image_position=&#8221;center_center&#8221; bg_cws_color=&#8221;color&#8221; cws_overlay_color=&#8221;rgba(29,45,70,0.85)&#8221; css=&#8221;.vc_custom_1676309477107{background-image: url(https:\/\/polyexcel.com.br\/wp-content\/uploads\/2019\/08\/banner-empresa.jpg?id=4220) !important;}&#8221;][vc_column width=&#8221;1\/6&#8243;][\/vc_column][vc_column width=&#8221;2\/3&#8243;][vc_empty_space height=&#8221;30px&#8221;][vc_column_text el_class=&#8221;branco&#8221;] Ask for a quotation with Polyexcel right now! [\/vc_column_text][vc_empty_space height=&#8221;30px&#8221;][vc_row_inner css=&#8221;.vc_custom_1676309380972{background-color: #ffffff !important;}&#8221;][vc_column_inner][\/vc_column_inner][\/vc_row_inner][vc_empty_space height=&#8221;30px&#8221;][\/vc_column][vc_column width=&#8221;1\/6&#8243;][\/vc_column][\/vc_row][\/vc_section]<\/p>\n","protected":false},"author":1,"featured_media":0,"parent":0,"menu_order":0,"comment_status":"closed","ping_status":"closed","template":"","meta":{"footnotes":""},"class_list":["post-5471","page","type-page","status-publish","hentry"],"yoast_head":"<!-- This site is optimized with the Yoast SEO plugin v27.4 - https:\/\/yoast.com\/product\/yoast-seo-wordpress\/ -->\n<title>Fios e cabos el\u00e9tricos: compostos polim\u00e9ricos aqui | Polyexcel<\/title>\n<meta name=\"description\" content=\"A Polyexcel produz compostos polim\u00e9ricos que atuam no isolamento dos cabos, tornando-os mais seguros. Conhe\u00e7a os nossos produtos e fa\u00e7a uma cota\u00e7\u00e3o!\" \/>\n<meta name=\"robots\" content=\"index, follow, max-snippet:-1, max-image-preview:large, max-video-preview:-1\" \/>\n<link rel=\"canonical\" href=\"https:\/\/polyexcel.com.br\/en\/energy\/\" \/>\n<meta property=\"og:locale\" content=\"en_US\" \/>\n<meta property=\"og:type\" content=\"article\" \/>\n<meta property=\"og:title\" content=\"Fios e cabos el\u00e9tricos: compostos polim\u00e9ricos aqui | Polyexcel\" \/>\n<meta property=\"og:description\" content=\"A Polyexcel produz compostos polim\u00e9ricos que atuam no isolamento dos cabos, tornando-os mais seguros. Conhe\u00e7a os nossos produtos e fa\u00e7a uma cota\u00e7\u00e3o!\" \/>\n<meta property=\"og:url\" content=\"https:\/\/polyexcel.com.br\/en\/energy\/\" \/>\n<meta property=\"og:site_name\" content=\"Polyexcel\" \/>\n<meta property=\"article:publisher\" content=\"https:\/\/www.facebook.com\/polyexcel\/\" \/>\n<meta property=\"article:modified_time\" content=\"2023-02-13T17:55:32+00:00\" \/>\n<meta property=\"og:image\" content=\"https:\/\/polyexcel.com.br\/wp-content\/uploads\/2019\/08\/fios-cabos-eletricos-300x200.jpg\" \/>\n<meta name=\"twitter:card\" content=\"summary_large_image\" \/>\n<meta name=\"twitter:label1\" content=\"Est. reading time\" \/>\n\t<meta name=\"twitter:data1\" content=\"4 minutes\" \/>\n<script type=\"application\/ld+json\" class=\"yoast-schema-graph\">{\"@context\":\"https:\\\/\\\/schema.org\",\"@graph\":[{\"@type\":\"WebPage\",\"@id\":\"https:\\\/\\\/polyexcel.com.br\\\/en\\\/energy\\\/\",\"url\":\"https:\\\/\\\/polyexcel.com.br\\\/en\\\/energy\\\/\",\"name\":\"Fios e cabos el\u00e9tricos: compostos polim\u00e9ricos aqui | Polyexcel\",\"isPartOf\":{\"@id\":\"https:\\\/\\\/polyexcel.com.br\\\/en\\\/#website\"},\"primaryImageOfPage\":{\"@id\":\"https:\\\/\\\/polyexcel.com.br\\\/en\\\/energy\\\/#primaryimage\"},\"image\":{\"@id\":\"https:\\\/\\\/polyexcel.com.br\\\/en\\\/energy\\\/#primaryimage\"},\"thumbnailUrl\":\"https:\\\/\\\/polyexcel.com.br\\\/wp-content\\\/uploads\\\/2019\\\/08\\\/fios-cabos-eletricos-300x200.jpg\",\"datePublished\":\"2019-08-23T19:12:44+00:00\",\"dateModified\":\"2023-02-13T17:55:32+00:00\",\"description\":\"A Polyexcel produz compostos polim\u00e9ricos que atuam no isolamento dos cabos, tornando-os mais seguros. Conhe\u00e7a os nossos produtos e fa\u00e7a uma cota\u00e7\u00e3o!\",\"breadcrumb\":{\"@id\":\"https:\\\/\\\/polyexcel.com.br\\\/en\\\/energy\\\/#breadcrumb\"},\"inLanguage\":\"en-US\",\"potentialAction\":[{\"@type\":\"ReadAction\",\"target\":[\"https:\\\/\\\/polyexcel.com.br\\\/en\\\/energy\\\/\"]}]},{\"@type\":\"ImageObject\",\"inLanguage\":\"en-US\",\"@id\":\"https:\\\/\\\/polyexcel.com.br\\\/en\\\/energy\\\/#primaryimage\",\"url\":\"https:\\\/\\\/polyexcel.com.br\\\/wp-content\\\/uploads\\\/2019\\\/08\\\/fios-cabos-eletricos-300x200.jpg\",\"contentUrl\":\"https:\\\/\\\/polyexcel.com.br\\\/wp-content\\\/uploads\\\/2019\\\/08\\\/fios-cabos-eletricos-300x200.jpg\"},{\"@type\":\"BreadcrumbList\",\"@id\":\"https:\\\/\\\/polyexcel.com.br\\\/en\\\/energy\\\/#breadcrumb\",\"itemListElement\":[{\"@type\":\"ListItem\",\"position\":1,\"name\":\"Start\",\"item\":\"https:\\\/\\\/polyexcel.com.br\\\/en\\\/\"},{\"@type\":\"ListItem\",\"position\":2,\"name\":\"Energy\"}]},{\"@type\":\"WebSite\",\"@id\":\"https:\\\/\\\/polyexcel.com.br\\\/en\\\/#website\",\"url\":\"https:\\\/\\\/polyexcel.com.br\\\/en\\\/\",\"name\":\"Polyexcel\",\"description\":\"\",\"publisher\":{\"@id\":\"https:\\\/\\\/polyexcel.com.br\\\/en\\\/#organization\"},\"potentialAction\":[{\"@type\":\"SearchAction\",\"target\":{\"@type\":\"EntryPoint\",\"urlTemplate\":\"https:\\\/\\\/polyexcel.com.br\\\/en\\\/?s={search_term_string}\"},\"query-input\":{\"@type\":\"PropertyValueSpecification\",\"valueRequired\":true,\"valueName\":\"search_term_string\"}}],\"inLanguage\":\"en-US\"},{\"@type\":\"Organization\",\"@id\":\"https:\\\/\\\/polyexcel.com.br\\\/en\\\/#organization\",\"name\":\"Polyexcel Ind\u00fastria e Com\u00e9rcio de Compostos Polim\u00e9ricos Ltda\",\"url\":\"https:\\\/\\\/polyexcel.com.br\\\/en\\\/\",\"logo\":{\"@type\":\"ImageObject\",\"inLanguage\":\"en-US\",\"@id\":\"https:\\\/\\\/polyexcel.com.br\\\/en\\\/#\\\/schema\\\/logo\\\/image\\\/\",\"url\":\"https:\\\/\\\/polyexcel.com.br\\\/wp-content\\\/uploads\\\/2023\\\/01\\\/Logo-Polyexcel-Assinado-16x9SQ.png\",\"contentUrl\":\"https:\\\/\\\/polyexcel.com.br\\\/wp-content\\\/uploads\\\/2023\\\/01\\\/Logo-Polyexcel-Assinado-16x9SQ.png\",\"width\":1920,\"height\":1080,\"caption\":\"Polyexcel Ind\u00fastria e Com\u00e9rcio de Compostos Polim\u00e9ricos Ltda\"},\"image\":{\"@id\":\"https:\\\/\\\/polyexcel.com.br\\\/en\\\/#\\\/schema\\\/logo\\\/image\\\/\"},\"sameAs\":[\"https:\\\/\\\/www.facebook.com\\\/polyexcel\\\/\",\"https:\\\/\\\/www.instagram.com\\\/polyexcel\\\/\",\"https:\\\/\\\/www.linkedin.com\\\/company\\\/polyexcel\\\/\"]}]}<\/script>\n<!-- \/ Yoast SEO plugin. -->","yoast_head_json":{"title":"Fios e cabos el\u00e9tricos: compostos polim\u00e9ricos aqui | Polyexcel","description":"A Polyexcel produz compostos polim\u00e9ricos que atuam no isolamento dos cabos, tornando-os mais seguros. Conhe\u00e7a os nossos produtos e fa\u00e7a uma cota\u00e7\u00e3o!","robots":{"index":"index","follow":"follow","max-snippet":"max-snippet:-1","max-image-preview":"max-image-preview:large","max-video-preview":"max-video-preview:-1"},"canonical":"https:\/\/polyexcel.com.br\/en\/energy\/","og_locale":"en_US","og_type":"article","og_title":"Fios e cabos el\u00e9tricos: compostos polim\u00e9ricos aqui | Polyexcel","og_description":"A Polyexcel produz compostos polim\u00e9ricos que atuam no isolamento dos cabos, tornando-os mais seguros. Conhe\u00e7a os nossos produtos e fa\u00e7a uma cota\u00e7\u00e3o!","og_url":"https:\/\/polyexcel.com.br\/en\/energy\/","og_site_name":"Polyexcel","article_publisher":"https:\/\/www.facebook.com\/polyexcel\/","article_modified_time":"2023-02-13T17:55:32+00:00","og_image":[{"url":"https:\/\/polyexcel.com.br\/wp-content\/uploads\/2019\/08\/fios-cabos-eletricos-300x200.jpg","type":"","width":"","height":""}],"twitter_card":"summary_large_image","twitter_misc":{"Est. reading time":"4 minutes"},"schema":{"@context":"https:\/\/schema.org","@graph":[{"@type":"WebPage","@id":"https:\/\/polyexcel.com.br\/en\/energy\/","url":"https:\/\/polyexcel.com.br\/en\/energy\/","name":"Fios e cabos el\u00e9tricos: compostos polim\u00e9ricos aqui | Polyexcel","isPartOf":{"@id":"https:\/\/polyexcel.com.br\/en\/#website"},"primaryImageOfPage":{"@id":"https:\/\/polyexcel.com.br\/en\/energy\/#primaryimage"},"image":{"@id":"https:\/\/polyexcel.com.br\/en\/energy\/#primaryimage"},"thumbnailUrl":"https:\/\/polyexcel.com.br\/wp-content\/uploads\/2019\/08\/fios-cabos-eletricos-300x200.jpg","datePublished":"2019-08-23T19:12:44+00:00","dateModified":"2023-02-13T17:55:32+00:00","description":"A Polyexcel produz compostos polim\u00e9ricos que atuam no isolamento dos cabos, tornando-os mais seguros. Conhe\u00e7a os nossos produtos e fa\u00e7a uma cota\u00e7\u00e3o!","breadcrumb":{"@id":"https:\/\/polyexcel.com.br\/en\/energy\/#breadcrumb"},"inLanguage":"en-US","potentialAction":[{"@type":"ReadAction","target":["https:\/\/polyexcel.com.br\/en\/energy\/"]}]},{"@type":"ImageObject","inLanguage":"en-US","@id":"https:\/\/polyexcel.com.br\/en\/energy\/#primaryimage","url":"https:\/\/polyexcel.com.br\/wp-content\/uploads\/2019\/08\/fios-cabos-eletricos-300x200.jpg","contentUrl":"https:\/\/polyexcel.com.br\/wp-content\/uploads\/2019\/08\/fios-cabos-eletricos-300x200.jpg"},{"@type":"BreadcrumbList","@id":"https:\/\/polyexcel.com.br\/en\/energy\/#breadcrumb","itemListElement":[{"@type":"ListItem","position":1,"name":"Start","item":"https:\/\/polyexcel.com.br\/en\/"},{"@type":"ListItem","position":2,"name":"Energy"}]},{"@type":"WebSite","@id":"https:\/\/polyexcel.com.br\/en\/#website","url":"https:\/\/polyexcel.com.br\/en\/","name":"Polyexcel","description":"","publisher":{"@id":"https:\/\/polyexcel.com.br\/en\/#organization"},"potentialAction":[{"@type":"SearchAction","target":{"@type":"EntryPoint","urlTemplate":"https:\/\/polyexcel.com.br\/en\/?s={search_term_string}"},"query-input":{"@type":"PropertyValueSpecification","valueRequired":true,"valueName":"search_term_string"}}],"inLanguage":"en-US"},{"@type":"Organization","@id":"https:\/\/polyexcel.com.br\/en\/#organization","name":"Polyexcel Ind\u00fastria e Com\u00e9rcio de Compostos Polim\u00e9ricos Ltda","url":"https:\/\/polyexcel.com.br\/en\/","logo":{"@type":"ImageObject","inLanguage":"en-US","@id":"https:\/\/polyexcel.com.br\/en\/#\/schema\/logo\/image\/","url":"https:\/\/polyexcel.com.br\/wp-content\/uploads\/2023\/01\/Logo-Polyexcel-Assinado-16x9SQ.png","contentUrl":"https:\/\/polyexcel.com.br\/wp-content\/uploads\/2023\/01\/Logo-Polyexcel-Assinado-16x9SQ.png","width":1920,"height":1080,"caption":"Polyexcel Ind\u00fastria e Com\u00e9rcio de Compostos Polim\u00e9ricos Ltda"},"image":{"@id":"https:\/\/polyexcel.com.br\/en\/#\/schema\/logo\/image\/"},"sameAs":["https:\/\/www.facebook.com\/polyexcel\/","https:\/\/www.instagram.com\/polyexcel\/","https:\/\/www.linkedin.com\/company\/polyexcel\/"]}]}},"_links":{"self":[{"href":"https:\/\/polyexcel.com.br\/en\/wp-json\/wp\/v2\/pages\/5471","targetHints":{"allow":["GET"]}}],"collection":[{"href":"https:\/\/polyexcel.com.br\/en\/wp-json\/wp\/v2\/pages"}],"about":[{"href":"https:\/\/polyexcel.com.br\/en\/wp-json\/wp\/v2\/types\/page"}],"author":[{"embeddable":true,"href":"https:\/\/polyexcel.com.br\/en\/wp-json\/wp\/v2\/users\/1"}],"replies":[{"embeddable":true,"href":"https:\/\/polyexcel.com.br\/en\/wp-json\/wp\/v2\/comments?post=5471"}],"version-history":[{"count":2,"href":"https:\/\/polyexcel.com.br\/en\/wp-json\/wp\/v2\/pages\/5471\/revisions"}],"predecessor-version":[{"id":11186,"href":"https:\/\/polyexcel.com.br\/en\/wp-json\/wp\/v2\/pages\/5471\/revisions\/11186"}],"wp:attachment":[{"href":"https:\/\/polyexcel.com.br\/en\/wp-json\/wp\/v2\/media?parent=5471"}],"curies":[{"name":"wp","href":"https:\/\/api.w.org\/{rel}","templated":true}]}}