{"id":5547,"date":"2019-09-17T16:16:36","date_gmt":"2019-09-17T19:16:36","guid":{"rendered":"https:\/\/polyexcel.com.br\/?page_id=5547"},"modified":"2023-01-02T18:44:09","modified_gmt":"2023-01-02T21:44:09","slug":"events","status":"publish","type":"page","link":"https:\/\/polyexcel.com.br\/en\/the-company\/events\/","title":{"rendered":"Events"},"content":{"rendered":"<div class=\"wpb-content-wrapper\">[vc_row full_width=&#8221;stretch_row&#8221; equal_height=&#8221;yes&#8221; css=&#8221;.vc_custom_1566398229612{padding-top: 5% !important;padding-bottom: 5% !important;}&#8221;][vc_column cws_mobile_paddings=&#8221;25px 15px 0px 15px&#8221; css=&#8221;.vc_custom_1531803767223{padding-right: 50px !important;}&#8221;]<div class='cws_textmodule cws_vc_shortcode_module' id='cws_textmodule_69ea98e79c9dd'><div class='cws_textmodule_wrapper add_divider'><div class='cws_textmodule_text text_align_left'><div class='cws_textmodule_titles display_block'><h2 class='cws_textmodule_title'>Wire South America<\/h2><\/div><div class='cws_textmodule_content'><div class='text_content_wrapper'><div class=\"w-full border-b border-black\/10 dark:border-gray-900\/50 text-gray-800 dark:text-gray-100 group bg-gray-50 dark:bg-[#444654]\">\n<div class=\"text-base gap-4 md:gap-6 m-auto md:max-w-2xl lg:max-w-2xl xl:max-w-3xl p-4 md:py-6 flex lg:px-0\">\n<div class=\"relative flex w-[calc(100%-50px)] md:flex-col lg:w-[calc(100%-115px)]\">\n<div class=\"flex flex-grow flex-col gap-3\">\n<div class=\"min-h-[20px] flex flex-col items-start gap-4 whitespace-pre-wrap\">\n<div class=\"markdown prose w-full break-words dark:prose-invert light\">\n<p>In October of 2022, Polyexcel marked the fifth edition of Wire South America, a major fair for the wire and cable industry in Brazil and Latin America, with a dedicated space for networking and discussions. The company also showcased new products and announced new international partnerships at the event. Additionally, Polyexcel brought its team to the fair to demonstrate their commitment to being accessible to their customers, a key part of their brand. The Wire South America fair was held on October 25th, 26th, and 27th.<\/p>\n<\/div>\n<\/div>\n<\/div>\n<\/div>\n<\/div>\n<\/div>\n<\/div><\/div><\/div><\/div><\/div>[vc_images_carousel images=&#8221;10921,10924,10927,10930,10933,10936,10939&#8243; img_size=&#8221;full&#8221; slides_per_view=&#8221;4&#8243; hide_pagination_control=&#8221;yes&#8221;][\/vc_column][\/vc_row][vc_row full_width=&#8221;stretch_row&#8221; equal_height=&#8221;yes&#8221; disable_element=&#8221;yes&#8221; css=&#8221;.vc_custom_1672694785631{padding-top: 5% !important;padding-bottom: 5% !important;}&#8221;][vc_column cws_mobile_paddings=&#8221;25px 15px 0px 15px&#8221; css=&#8221;.vc_custom_1531803767223{padding-right: 50px !important;}&#8221;]<div class='cws_textmodule cws_vc_shortcode_module' id='cws_textmodule_69ea98e79cb82'><div class='cws_textmodule_wrapper add_divider'><div class='cws_textmodule_text text_align_left'><div class='cws_textmodule_titles display_block'><h2 class='cws_textmodule_title'>Wire South America<\/h2><\/div><div class='cws_textmodule_content'><div class='text_content_wrapper'><p>In 2017, Polyexcel participated in Wire South America \u2013 the only event in Latin America that gathers all the latest technology, products and services in the manufacture and processing of wires and cables.<\/p>\n<p>In 2019, the company will one more time participate in the event, which gathers exhibitors and buyers from all parts of the production chain.<\/p>\n<\/div><\/div><\/div><\/div><\/div>[vc_images_carousel images=&#8221;5523,5524,5525,5526,5527,5528,5529,5530,5531,5532&#8243; img_size=&#8221;full&#8221; slides_per_view=&#8221;4&#8243; hide_pagination_control=&#8221;yes&#8221;][\/vc_column][\/vc_row]\n<\/div>","protected":false},"excerpt":{"rendered":"<p>[vc_row full_width=&#8221;stretch_row&#8221; equal_height=&#8221;yes&#8221; css=&#8221;.vc_custom_1566398229612{padding-top: 5% !important;padding-bottom: 5% !important;}&#8221;][vc_column cws_mobile_paddings=&#8221;25px 15px 0px 15px&#8221; css=&#8221;.vc_custom_1531803767223{padding-right: 50px !important;}&#8221;][vc_images_carousel images=&#8221;10921,10924,10927,10930,10933,10936,10939&#8243; img_size=&#8221;full&#8221; slides_per_view=&#8221;4&#8243; hide_pagination_control=&#8221;yes&#8221;][\/vc_column][\/vc_row][vc_row full_width=&#8221;stretch_row&#8221; equal_height=&#8221;yes&#8221; disable_element=&#8221;yes&#8221; css=&#8221;.vc_custom_1672694785631{padding-top: 5% !important;padding-bottom: 5% !important;}&#8221;][vc_column cws_mobile_paddings=&#8221;25px 15px 0px 15px&#8221; css=&#8221;.vc_custom_1531803767223{padding-right: 50px !important;}&#8221;][vc_images_carousel images=&#8221;5523,5524,5525,5526,5527,5528,5529,5530,5531,5532&#8243; img_size=&#8221;full&#8221; slides_per_view=&#8221;4&#8243; hide_pagination_control=&#8221;yes&#8221;][\/vc_column][\/vc_row]<\/p>\n","protected":false},"author":1,"featured_media":0,"parent":5457,"menu_order":0,"comment_status":"closed","ping_status":"open","template":"","meta":{"footnotes":""},"class_list":["post-5547","page","type-page","status-publish","hentry"],"yoast_head":"<!-- This site is optimized with the Yoast SEO plugin v27.4 - https:\/\/yoast.com\/product\/yoast-seo-wordpress\/ -->\n<title>Events | Polyexcel<\/title>\n<meta name=\"robots\" content=\"index, follow, max-snippet:-1, max-image-preview:large, max-video-preview:-1\" \/>\n<link rel=\"canonical\" href=\"https:\/\/polyexcel.com.br\/en\/the-company\/events\/\" \/>\n<meta property=\"og:locale\" content=\"en_US\" \/>\n<meta property=\"og:type\" content=\"article\" \/>\n<meta property=\"og:title\" content=\"Events | Polyexcel\" \/>\n<meta property=\"og:description\" content=\"[vc_row full_width=&#8221;stretch_row&#8221; equal_height=&#8221;yes&#8221; css=&#8221;.vc_custom_1566398229612{padding-top: 5% !important;padding-bottom: 5% !important;}&#8221;][vc_column cws_mobile_paddings=&#8221;25px 15px 0px 15px&#8221; css=&#8221;.vc_custom_1531803767223{padding-right: 50px !important;}&#8221;][vc_images_carousel images=&#8221;10921,10924,10927,10930,10933,10936,10939&#8243; img_size=&#8221;full&#8221; slides_per_view=&#8221;4&#8243; hide_pagination_control=&#8221;yes&#8221;][\/vc_column][\/vc_row][vc_row full_width=&#8221;stretch_row&#8221; equal_height=&#8221;yes&#8221; disable_element=&#8221;yes&#8221; css=&#8221;.vc_custom_1672694785631{padding-top: 5% !important;padding-bottom: 5% !important;}&#8221;][vc_column cws_mobile_paddings=&#8221;25px 15px 0px 15px&#8221; css=&#8221;.vc_custom_1531803767223{padding-right: 50px !important;}&#8221;][vc_images_carousel images=&#8221;5523,5524,5525,5526,5527,5528,5529,5530,5531,5532&#8243; img_size=&#8221;full&#8221; slides_per_view=&#8221;4&#8243; hide_pagination_control=&#8221;yes&#8221;][\/vc_column][\/vc_row]\" \/>\n<meta property=\"og:url\" content=\"https:\/\/polyexcel.com.br\/en\/the-company\/events\/\" \/>\n<meta property=\"og:site_name\" content=\"Polyexcel\" \/>\n<meta property=\"article:publisher\" content=\"https:\/\/www.facebook.com\/polyexcel\/\" \/>\n<meta property=\"article:modified_time\" content=\"2023-01-02T21:44:09+00:00\" \/>\n<meta name=\"twitter:card\" content=\"summary_large_image\" \/>\n<meta name=\"twitter:label1\" content=\"Est. reading time\" \/>\n\t<meta name=\"twitter:data1\" content=\"1 minute\" \/>\n<script type=\"application\/ld+json\" class=\"yoast-schema-graph\">{\"@context\":\"https:\\\/\\\/schema.org\",\"@graph\":[{\"@type\":\"WebPage\",\"@id\":\"https:\\\/\\\/polyexcel.com.br\\\/en\\\/the-company\\\/events\\\/\",\"url\":\"https:\\\/\\\/polyexcel.com.br\\\/en\\\/the-company\\\/events\\\/\",\"name\":\"Events | Polyexcel\",\"isPartOf\":{\"@id\":\"https:\\\/\\\/polyexcel.com.br\\\/en\\\/#website\"},\"datePublished\":\"2019-09-17T19:16:36+00:00\",\"dateModified\":\"2023-01-02T21:44:09+00:00\",\"breadcrumb\":{\"@id\":\"https:\\\/\\\/polyexcel.com.br\\\/en\\\/the-company\\\/events\\\/#breadcrumb\"},\"inLanguage\":\"en-US\",\"potentialAction\":[{\"@type\":\"ReadAction\",\"target\":[\"https:\\\/\\\/polyexcel.com.br\\\/en\\\/the-company\\\/events\\\/\"]}]},{\"@type\":\"BreadcrumbList\",\"@id\":\"https:\\\/\\\/polyexcel.com.br\\\/en\\\/the-company\\\/events\\\/#breadcrumb\",\"itemListElement\":[{\"@type\":\"ListItem\",\"position\":1,\"name\":\"Start\",\"item\":\"https:\\\/\\\/polyexcel.com.br\\\/en\\\/\"},{\"@type\":\"ListItem\",\"position\":2,\"name\":\"The Company\",\"item\":\"https:\\\/\\\/polyexcel.com.br\\\/en\\\/the-company\\\/\"},{\"@type\":\"ListItem\",\"position\":3,\"name\":\"Events\"}]},{\"@type\":\"WebSite\",\"@id\":\"https:\\\/\\\/polyexcel.com.br\\\/en\\\/#website\",\"url\":\"https:\\\/\\\/polyexcel.com.br\\\/en\\\/\",\"name\":\"Polyexcel\",\"description\":\"\",\"publisher\":{\"@id\":\"https:\\\/\\\/polyexcel.com.br\\\/en\\\/#organization\"},\"potentialAction\":[{\"@type\":\"SearchAction\",\"target\":{\"@type\":\"EntryPoint\",\"urlTemplate\":\"https:\\\/\\\/polyexcel.com.br\\\/en\\\/?s={search_term_string}\"},\"query-input\":{\"@type\":\"PropertyValueSpecification\",\"valueRequired\":true,\"valueName\":\"search_term_string\"}}],\"inLanguage\":\"en-US\"},{\"@type\":\"Organization\",\"@id\":\"https:\\\/\\\/polyexcel.com.br\\\/en\\\/#organization\",\"name\":\"Polyexcel Ind\u00fastria e Com\u00e9rcio de Compostos Polim\u00e9ricos Ltda\",\"url\":\"https:\\\/\\\/polyexcel.com.br\\\/en\\\/\",\"logo\":{\"@type\":\"ImageObject\",\"inLanguage\":\"en-US\",\"@id\":\"https:\\\/\\\/polyexcel.com.br\\\/en\\\/#\\\/schema\\\/logo\\\/image\\\/\",\"url\":\"https:\\\/\\\/polyexcel.com.br\\\/wp-content\\\/uploads\\\/2023\\\/01\\\/Logo-Polyexcel-Assinado-16x9SQ.png\",\"contentUrl\":\"https:\\\/\\\/polyexcel.com.br\\\/wp-content\\\/uploads\\\/2023\\\/01\\\/Logo-Polyexcel-Assinado-16x9SQ.png\",\"width\":1920,\"height\":1080,\"caption\":\"Polyexcel Ind\u00fastria e Com\u00e9rcio de Compostos Polim\u00e9ricos Ltda\"},\"image\":{\"@id\":\"https:\\\/\\\/polyexcel.com.br\\\/en\\\/#\\\/schema\\\/logo\\\/image\\\/\"},\"sameAs\":[\"https:\\\/\\\/www.facebook.com\\\/polyexcel\\\/\",\"https:\\\/\\\/www.instagram.com\\\/polyexcel\\\/\",\"https:\\\/\\\/www.linkedin.com\\\/company\\\/polyexcel\\\/\"]}]}<\/script>\n<!-- \/ Yoast SEO plugin. -->","yoast_head_json":{"title":"Events | Polyexcel","robots":{"index":"index","follow":"follow","max-snippet":"max-snippet:-1","max-image-preview":"max-image-preview:large","max-video-preview":"max-video-preview:-1"},"canonical":"https:\/\/polyexcel.com.br\/en\/the-company\/events\/","og_locale":"en_US","og_type":"article","og_title":"Events | Polyexcel","og_description":"[vc_row full_width=&#8221;stretch_row&#8221; equal_height=&#8221;yes&#8221; css=&#8221;.vc_custom_1566398229612{padding-top: 5% !important;padding-bottom: 5% !important;}&#8221;][vc_column cws_mobile_paddings=&#8221;25px 15px 0px 15px&#8221; css=&#8221;.vc_custom_1531803767223{padding-right: 50px !important;}&#8221;][vc_images_carousel images=&#8221;10921,10924,10927,10930,10933,10936,10939&#8243; img_size=&#8221;full&#8221; slides_per_view=&#8221;4&#8243; hide_pagination_control=&#8221;yes&#8221;][\/vc_column][\/vc_row][vc_row full_width=&#8221;stretch_row&#8221; equal_height=&#8221;yes&#8221; disable_element=&#8221;yes&#8221; css=&#8221;.vc_custom_1672694785631{padding-top: 5% !important;padding-bottom: 5% !important;}&#8221;][vc_column cws_mobile_paddings=&#8221;25px 15px 0px 15px&#8221; css=&#8221;.vc_custom_1531803767223{padding-right: 50px !important;}&#8221;][vc_images_carousel images=&#8221;5523,5524,5525,5526,5527,5528,5529,5530,5531,5532&#8243; img_size=&#8221;full&#8221; slides_per_view=&#8221;4&#8243; hide_pagination_control=&#8221;yes&#8221;][\/vc_column][\/vc_row]","og_url":"https:\/\/polyexcel.com.br\/en\/the-company\/events\/","og_site_name":"Polyexcel","article_publisher":"https:\/\/www.facebook.com\/polyexcel\/","article_modified_time":"2023-01-02T21:44:09+00:00","twitter_card":"summary_large_image","twitter_misc":{"Est. reading time":"1 minute"},"schema":{"@context":"https:\/\/schema.org","@graph":[{"@type":"WebPage","@id":"https:\/\/polyexcel.com.br\/en\/the-company\/events\/","url":"https:\/\/polyexcel.com.br\/en\/the-company\/events\/","name":"Events | Polyexcel","isPartOf":{"@id":"https:\/\/polyexcel.com.br\/en\/#website"},"datePublished":"2019-09-17T19:16:36+00:00","dateModified":"2023-01-02T21:44:09+00:00","breadcrumb":{"@id":"https:\/\/polyexcel.com.br\/en\/the-company\/events\/#breadcrumb"},"inLanguage":"en-US","potentialAction":[{"@type":"ReadAction","target":["https:\/\/polyexcel.com.br\/en\/the-company\/events\/"]}]},{"@type":"BreadcrumbList","@id":"https:\/\/polyexcel.com.br\/en\/the-company\/events\/#breadcrumb","itemListElement":[{"@type":"ListItem","position":1,"name":"Start","item":"https:\/\/polyexcel.com.br\/en\/"},{"@type":"ListItem","position":2,"name":"The Company","item":"https:\/\/polyexcel.com.br\/en\/the-company\/"},{"@type":"ListItem","position":3,"name":"Events"}]},{"@type":"WebSite","@id":"https:\/\/polyexcel.com.br\/en\/#website","url":"https:\/\/polyexcel.com.br\/en\/","name":"Polyexcel","description":"","publisher":{"@id":"https:\/\/polyexcel.com.br\/en\/#organization"},"potentialAction":[{"@type":"SearchAction","target":{"@type":"EntryPoint","urlTemplate":"https:\/\/polyexcel.com.br\/en\/?s={search_term_string}"},"query-input":{"@type":"PropertyValueSpecification","valueRequired":true,"valueName":"search_term_string"}}],"inLanguage":"en-US"},{"@type":"Organization","@id":"https:\/\/polyexcel.com.br\/en\/#organization","name":"Polyexcel Ind\u00fastria e Com\u00e9rcio de Compostos Polim\u00e9ricos Ltda","url":"https:\/\/polyexcel.com.br\/en\/","logo":{"@type":"ImageObject","inLanguage":"en-US","@id":"https:\/\/polyexcel.com.br\/en\/#\/schema\/logo\/image\/","url":"https:\/\/polyexcel.com.br\/wp-content\/uploads\/2023\/01\/Logo-Polyexcel-Assinado-16x9SQ.png","contentUrl":"https:\/\/polyexcel.com.br\/wp-content\/uploads\/2023\/01\/Logo-Polyexcel-Assinado-16x9SQ.png","width":1920,"height":1080,"caption":"Polyexcel Ind\u00fastria e Com\u00e9rcio de Compostos Polim\u00e9ricos Ltda"},"image":{"@id":"https:\/\/polyexcel.com.br\/en\/#\/schema\/logo\/image\/"},"sameAs":["https:\/\/www.facebook.com\/polyexcel\/","https:\/\/www.instagram.com\/polyexcel\/","https:\/\/www.linkedin.com\/company\/polyexcel\/"]}]}},"_links":{"self":[{"href":"https:\/\/polyexcel.com.br\/en\/wp-json\/wp\/v2\/pages\/5547","targetHints":{"allow":["GET"]}}],"collection":[{"href":"https:\/\/polyexcel.com.br\/en\/wp-json\/wp\/v2\/pages"}],"about":[{"href":"https:\/\/polyexcel.com.br\/en\/wp-json\/wp\/v2\/types\/page"}],"author":[{"embeddable":true,"href":"https:\/\/polyexcel.com.br\/en\/wp-json\/wp\/v2\/users\/1"}],"replies":[{"embeddable":true,"href":"https:\/\/polyexcel.com.br\/en\/wp-json\/wp\/v2\/comments?post=5547"}],"version-history":[{"count":2,"href":"https:\/\/polyexcel.com.br\/en\/wp-json\/wp\/v2\/pages\/5547\/revisions"}],"predecessor-version":[{"id":10943,"href":"https:\/\/polyexcel.com.br\/en\/wp-json\/wp\/v2\/pages\/5547\/revisions\/10943"}],"up":[{"embeddable":true,"href":"https:\/\/polyexcel.com.br\/en\/wp-json\/wp\/v2\/pages\/5457"}],"wp:attachment":[{"href":"https:\/\/polyexcel.com.br\/en\/wp-json\/wp\/v2\/media?parent=5547"}],"curies":[{"name":"wp","href":"https:\/\/api.w.org\/{rel}","templated":true}]}}