{"id":5554,"date":"2019-09-17T16:24:48","date_gmt":"2019-09-17T19:24:48","guid":{"rendered":"https:\/\/polyexcel.com.br\/?page_id=5554"},"modified":"2023-06-09T12:47:59","modified_gmt":"2023-06-09T15:47:59","slug":"human-resources","status":"publish","type":"page","link":"https:\/\/polyexcel.com.br\/en\/the-company\/human-resources\/","title":{"rendered":"Human Resources"},"content":{"rendered":"<div class=\"wpb-content-wrapper\">[vc_row css=&#8221;.vc_custom_1566576970221{margin-top: 5% !important;margin-bottom: 3% !important;}&#8221;][vc_column][vc_column_text]\n<h2 style=\"text-align: center;\"><span style=\"font-weight: 400;\">Come join our team. Check out our open positions<\/span><\/h2>\n<p>Want to know why work at Polyexcel? We are a company of excellence in the manufacture of compounds based on ethylenic polymers. In the market for almost 10 years, we invest in technology and innovation to keep evolving.<\/p>\n<p>So, if you want to work in a company where you will have the opportunity to grow and evolve, join us. Check out the positions currently available.[\/vc_column_text][\/vc_column][\/vc_row][vc_row][vc_column]<div class=\"cws_spacing\"><div class=\"cws_spacing cws_spacing_default\" style=\"height:32px;\"><\/div><\/div>[\/vc_column][\/vc_row][vc_row full_width=&#8221;stretch_row&#8221; css=&#8221;.vc_custom_1659121491300{padding-top: 90px !important;padding-bottom: 90px !important;background-color: #ededed !important;}&#8221;][vc_column]<div class='cws_textmodule cws_vc_shortcode_module' id='cws_textmodule_69e9cb178b318'><div class='cws_textmodule_wrapper '><div class='cws_textmodule_text text_align_center'><div class='cws_textmodule_titles display_block'><h4 class='cws_textmodule_subtitle'>Want to<\/h4><h3 class='cws_textmodule_title'><strong>Work with us?<\/strong><\/h3><\/div><div class='cws_textmodule_content'><div class='text_content_wrapper'><p>Thank you for your interest in being part of our team!<\/p>\n<div class='cws_custom_button_wrapper simple'><span><a href=\"https:\/\/polyexcel.com.br\/en\/the-company\/work-with-us\/\" class='cws_custom_button'>Submit your CV<\/a><\/span><\/div><\/div><\/div><\/div><\/div><\/div>[\/vc_column][\/vc_row]\n<\/div>","protected":false},"excerpt":{"rendered":"<p>[vc_row css=&#8221;.vc_custom_1566576970221{margin-top: 5% !important;margin-bottom: 3% !important;}&#8221;][vc_column][vc_column_text] Come join our team. Check out our open positions Want to know why work at Polyexcel? We are a company of excellence in the manufacture of compounds based on ethylenic polymers. In the market for almost 10 years, we invest in technology and innovation to keep evolving. So, if you want to work in a company where you will have the opportunity to grow and evolve, join us. Check out the positions currently available.[\/vc_column_text][\/vc_column][\/vc_row][vc_row][vc_column][\/vc_column][\/vc_row][vc_row full_width=&#8221;stretch_row&#8221; css=&#8221;.vc_custom_1659121491300{padding-top: 90px !important;padding-bottom: 90px !important;background-color: #ededed !important;}&#8221;][vc_column][\/vc_column][\/vc_row]<\/p>\n","protected":false},"author":1,"featured_media":0,"parent":5457,"menu_order":0,"comment_status":"closed","ping_status":"closed","template":"","meta":{"footnotes":""},"class_list":["post-5554","page","type-page","status-publish","hentry"],"yoast_head":"<!-- This site is optimized with the Yoast SEO plugin v27.4 - https:\/\/yoast.com\/product\/yoast-seo-wordpress\/ -->\n<title>Human Resources | Polyexcel<\/title>\n<meta name=\"robots\" content=\"index, follow, max-snippet:-1, max-image-preview:large, max-video-preview:-1\" \/>\n<link rel=\"canonical\" href=\"https:\/\/polyexcel.com.br\/en\/the-company\/human-resources\/\" \/>\n<meta property=\"og:locale\" content=\"en_US\" \/>\n<meta property=\"og:type\" content=\"article\" \/>\n<meta property=\"og:title\" content=\"Human Resources | Polyexcel\" \/>\n<meta property=\"og:description\" content=\"[vc_row css=&#8221;.vc_custom_1566576970221{margin-top: 5% !important;margin-bottom: 3% !important;}&#8221;][vc_column][vc_column_text] Come join our team. Check out our open positions Want to know why work at Polyexcel? We are a company of excellence in the manufacture of compounds based on ethylenic polymers. In the market for almost 10 years, we invest in technology and innovation to keep evolving. So, if you want to work in a company where you will have the opportunity to grow and evolve, join us. Check out the positions currently available.[\/vc_column_text][\/vc_column][\/vc_row][vc_row][vc_column][\/vc_column][\/vc_row][vc_row full_width=&#8221;stretch_row&#8221; css=&#8221;.vc_custom_1659121491300{padding-top: 90px !important;padding-bottom: 90px !important;background-color: #ededed !important;}&#8221;][vc_column][\/vc_column][\/vc_row]\" \/>\n<meta property=\"og:url\" content=\"https:\/\/polyexcel.com.br\/en\/the-company\/human-resources\/\" \/>\n<meta property=\"og:site_name\" content=\"Polyexcel\" \/>\n<meta property=\"article:publisher\" content=\"https:\/\/www.facebook.com\/polyexcel\/\" \/>\n<meta property=\"article:modified_time\" content=\"2023-06-09T15:47:59+00:00\" \/>\n<meta name=\"twitter:card\" content=\"summary_large_image\" \/>\n<meta name=\"twitter:label1\" content=\"Est. reading time\" \/>\n\t<meta name=\"twitter:data1\" content=\"1 minute\" \/>\n<script type=\"application\/ld+json\" class=\"yoast-schema-graph\">{\"@context\":\"https:\\\/\\\/schema.org\",\"@graph\":[{\"@type\":\"WebPage\",\"@id\":\"https:\\\/\\\/polyexcel.com.br\\\/en\\\/the-company\\\/human-resources\\\/\",\"url\":\"https:\\\/\\\/polyexcel.com.br\\\/en\\\/the-company\\\/human-resources\\\/\",\"name\":\"Human Resources | Polyexcel\",\"isPartOf\":{\"@id\":\"https:\\\/\\\/polyexcel.com.br\\\/en\\\/#website\"},\"datePublished\":\"2019-09-17T19:24:48+00:00\",\"dateModified\":\"2023-06-09T15:47:59+00:00\",\"breadcrumb\":{\"@id\":\"https:\\\/\\\/polyexcel.com.br\\\/en\\\/the-company\\\/human-resources\\\/#breadcrumb\"},\"inLanguage\":\"en-US\",\"potentialAction\":[{\"@type\":\"ReadAction\",\"target\":[\"https:\\\/\\\/polyexcel.com.br\\\/en\\\/the-company\\\/human-resources\\\/\"]}]},{\"@type\":\"BreadcrumbList\",\"@id\":\"https:\\\/\\\/polyexcel.com.br\\\/en\\\/the-company\\\/human-resources\\\/#breadcrumb\",\"itemListElement\":[{\"@type\":\"ListItem\",\"position\":1,\"name\":\"Start\",\"item\":\"https:\\\/\\\/polyexcel.com.br\\\/en\\\/\"},{\"@type\":\"ListItem\",\"position\":2,\"name\":\"The Company\",\"item\":\"https:\\\/\\\/polyexcel.com.br\\\/en\\\/the-company\\\/\"},{\"@type\":\"ListItem\",\"position\":3,\"name\":\"Human Resources\"}]},{\"@type\":\"WebSite\",\"@id\":\"https:\\\/\\\/polyexcel.com.br\\\/en\\\/#website\",\"url\":\"https:\\\/\\\/polyexcel.com.br\\\/en\\\/\",\"name\":\"Polyexcel\",\"description\":\"\",\"publisher\":{\"@id\":\"https:\\\/\\\/polyexcel.com.br\\\/en\\\/#organization\"},\"potentialAction\":[{\"@type\":\"SearchAction\",\"target\":{\"@type\":\"EntryPoint\",\"urlTemplate\":\"https:\\\/\\\/polyexcel.com.br\\\/en\\\/?s={search_term_string}\"},\"query-input\":{\"@type\":\"PropertyValueSpecification\",\"valueRequired\":true,\"valueName\":\"search_term_string\"}}],\"inLanguage\":\"en-US\"},{\"@type\":\"Organization\",\"@id\":\"https:\\\/\\\/polyexcel.com.br\\\/en\\\/#organization\",\"name\":\"Polyexcel Ind\u00fastria e Com\u00e9rcio de Compostos Polim\u00e9ricos Ltda\",\"url\":\"https:\\\/\\\/polyexcel.com.br\\\/en\\\/\",\"logo\":{\"@type\":\"ImageObject\",\"inLanguage\":\"en-US\",\"@id\":\"https:\\\/\\\/polyexcel.com.br\\\/en\\\/#\\\/schema\\\/logo\\\/image\\\/\",\"url\":\"https:\\\/\\\/polyexcel.com.br\\\/wp-content\\\/uploads\\\/2023\\\/01\\\/Logo-Polyexcel-Assinado-16x9SQ.png\",\"contentUrl\":\"https:\\\/\\\/polyexcel.com.br\\\/wp-content\\\/uploads\\\/2023\\\/01\\\/Logo-Polyexcel-Assinado-16x9SQ.png\",\"width\":1920,\"height\":1080,\"caption\":\"Polyexcel Ind\u00fastria e Com\u00e9rcio de Compostos Polim\u00e9ricos Ltda\"},\"image\":{\"@id\":\"https:\\\/\\\/polyexcel.com.br\\\/en\\\/#\\\/schema\\\/logo\\\/image\\\/\"},\"sameAs\":[\"https:\\\/\\\/www.facebook.com\\\/polyexcel\\\/\",\"https:\\\/\\\/www.instagram.com\\\/polyexcel\\\/\",\"https:\\\/\\\/www.linkedin.com\\\/company\\\/polyexcel\\\/\"]}]}<\/script>\n<!-- \/ Yoast SEO plugin. -->","yoast_head_json":{"title":"Human Resources | Polyexcel","robots":{"index":"index","follow":"follow","max-snippet":"max-snippet:-1","max-image-preview":"max-image-preview:large","max-video-preview":"max-video-preview:-1"},"canonical":"https:\/\/polyexcel.com.br\/en\/the-company\/human-resources\/","og_locale":"en_US","og_type":"article","og_title":"Human Resources | Polyexcel","og_description":"[vc_row css=&#8221;.vc_custom_1566576970221{margin-top: 5% !important;margin-bottom: 3% !important;}&#8221;][vc_column][vc_column_text] Come join our team. Check out our open positions Want to know why work at Polyexcel? We are a company of excellence in the manufacture of compounds based on ethylenic polymers. In the market for almost 10 years, we invest in technology and innovation to keep evolving. So, if you want to work in a company where you will have the opportunity to grow and evolve, join us. Check out the positions currently available.[\/vc_column_text][\/vc_column][\/vc_row][vc_row][vc_column][\/vc_column][\/vc_row][vc_row full_width=&#8221;stretch_row&#8221; css=&#8221;.vc_custom_1659121491300{padding-top: 90px !important;padding-bottom: 90px !important;background-color: #ededed !important;}&#8221;][vc_column][\/vc_column][\/vc_row]","og_url":"https:\/\/polyexcel.com.br\/en\/the-company\/human-resources\/","og_site_name":"Polyexcel","article_publisher":"https:\/\/www.facebook.com\/polyexcel\/","article_modified_time":"2023-06-09T15:47:59+00:00","twitter_card":"summary_large_image","twitter_misc":{"Est. reading time":"1 minute"},"schema":{"@context":"https:\/\/schema.org","@graph":[{"@type":"WebPage","@id":"https:\/\/polyexcel.com.br\/en\/the-company\/human-resources\/","url":"https:\/\/polyexcel.com.br\/en\/the-company\/human-resources\/","name":"Human Resources | Polyexcel","isPartOf":{"@id":"https:\/\/polyexcel.com.br\/en\/#website"},"datePublished":"2019-09-17T19:24:48+00:00","dateModified":"2023-06-09T15:47:59+00:00","breadcrumb":{"@id":"https:\/\/polyexcel.com.br\/en\/the-company\/human-resources\/#breadcrumb"},"inLanguage":"en-US","potentialAction":[{"@type":"ReadAction","target":["https:\/\/polyexcel.com.br\/en\/the-company\/human-resources\/"]}]},{"@type":"BreadcrumbList","@id":"https:\/\/polyexcel.com.br\/en\/the-company\/human-resources\/#breadcrumb","itemListElement":[{"@type":"ListItem","position":1,"name":"Start","item":"https:\/\/polyexcel.com.br\/en\/"},{"@type":"ListItem","position":2,"name":"The Company","item":"https:\/\/polyexcel.com.br\/en\/the-company\/"},{"@type":"ListItem","position":3,"name":"Human Resources"}]},{"@type":"WebSite","@id":"https:\/\/polyexcel.com.br\/en\/#website","url":"https:\/\/polyexcel.com.br\/en\/","name":"Polyexcel","description":"","publisher":{"@id":"https:\/\/polyexcel.com.br\/en\/#organization"},"potentialAction":[{"@type":"SearchAction","target":{"@type":"EntryPoint","urlTemplate":"https:\/\/polyexcel.com.br\/en\/?s={search_term_string}"},"query-input":{"@type":"PropertyValueSpecification","valueRequired":true,"valueName":"search_term_string"}}],"inLanguage":"en-US"},{"@type":"Organization","@id":"https:\/\/polyexcel.com.br\/en\/#organization","name":"Polyexcel Ind\u00fastria e Com\u00e9rcio de Compostos Polim\u00e9ricos Ltda","url":"https:\/\/polyexcel.com.br\/en\/","logo":{"@type":"ImageObject","inLanguage":"en-US","@id":"https:\/\/polyexcel.com.br\/en\/#\/schema\/logo\/image\/","url":"https:\/\/polyexcel.com.br\/wp-content\/uploads\/2023\/01\/Logo-Polyexcel-Assinado-16x9SQ.png","contentUrl":"https:\/\/polyexcel.com.br\/wp-content\/uploads\/2023\/01\/Logo-Polyexcel-Assinado-16x9SQ.png","width":1920,"height":1080,"caption":"Polyexcel Ind\u00fastria e Com\u00e9rcio de Compostos Polim\u00e9ricos Ltda"},"image":{"@id":"https:\/\/polyexcel.com.br\/en\/#\/schema\/logo\/image\/"},"sameAs":["https:\/\/www.facebook.com\/polyexcel\/","https:\/\/www.instagram.com\/polyexcel\/","https:\/\/www.linkedin.com\/company\/polyexcel\/"]}]}},"_links":{"self":[{"href":"https:\/\/polyexcel.com.br\/en\/wp-json\/wp\/v2\/pages\/5554","targetHints":{"allow":["GET"]}}],"collection":[{"href":"https:\/\/polyexcel.com.br\/en\/wp-json\/wp\/v2\/pages"}],"about":[{"href":"https:\/\/polyexcel.com.br\/en\/wp-json\/wp\/v2\/types\/page"}],"author":[{"embeddable":true,"href":"https:\/\/polyexcel.com.br\/en\/wp-json\/wp\/v2\/users\/1"}],"replies":[{"embeddable":true,"href":"https:\/\/polyexcel.com.br\/en\/wp-json\/wp\/v2\/comments?post=5554"}],"version-history":[{"count":4,"href":"https:\/\/polyexcel.com.br\/en\/wp-json\/wp\/v2\/pages\/5554\/revisions"}],"predecessor-version":[{"id":10662,"href":"https:\/\/polyexcel.com.br\/en\/wp-json\/wp\/v2\/pages\/5554\/revisions\/10662"}],"up":[{"embeddable":true,"href":"https:\/\/polyexcel.com.br\/en\/wp-json\/wp\/v2\/pages\/5457"}],"wp:attachment":[{"href":"https:\/\/polyexcel.com.br\/en\/wp-json\/wp\/v2\/media?parent=5554"}],"curies":[{"name":"wp","href":"https:\/\/api.w.org\/{rel}","templated":true}]}}