{"id":5561,"date":"2019-09-17T16:49:41","date_gmt":"2019-09-17T19:49:41","guid":{"rendered":"https:\/\/polyexcel.com.br\/?page_id=5561"},"modified":"2023-02-13T16:36:23","modified_gmt":"2023-02-13T19:36:23","slug":"telecommunication","status":"publish","type":"page","link":"https:\/\/polyexcel.com.br\/en\/telecommunication\/","title":{"rendered":"Telecommunication"},"content":{"rendered":"<div class=\"wpb-content-wrapper\">[vc_row css=&#8221;.vc_custom_1566588326240{margin-top: 5% !important;margin-bottom: 5% !important;}&#8221;][vc_column width=&#8221;1\/2&#8243;][vc_column_text]The field of<b> telecommunications technology<\/b> is large and has as a main purpose to supply the necessities of those who need to communicate at a distance. It is part of the electrical engineering and includes a complete project, from the implementation to the maintenance and control of communications systems\u2019 networks.<\/p>\n<p>The information is temporarily converted into <b>electrical signals<\/b> (electrical voltages). This is done so that it is possible to go through the system until it reaches the destination. Then, these signals are again converted into intelligible information by the recipient.<\/p>\n[\/vc_column_text][\/vc_column][vc_column width=&#8221;1\/2&#8243;][vc_single_image image=&#8221;5563&#8243; img_size=&#8221;large&#8221; alignment=&#8221;center&#8221; onclick=&#8221;link_image&#8221;][\/vc_column][\/vc_row][vc_row css=&#8221;.vc_custom_1566588326240{margin-top: 5% !important;margin-bottom: 5% !important;}&#8221;][vc_column][vc_column_text]This transportation can be done by metallic wires or fiber optics. The first format carries the information in an analogous way, while the <b>optical fiber <\/b>makes the transport with a luminous energy.<\/p>\n<p>In addition, <b>telecommunications cables<\/b> can be internal or external and each one has its specificities. They also rely on a color coding system to combine them with each other.<\/p>\n<p>These telecommunications cables need the correct isolation and Polyexcel polymeric compounds help with this. Our compounds are thermoplastics, flame retardants and halogens free. See which one applies best specifically to your cable. After all, specific properties are required for each situation.[\/vc_column_text][\/vc_column][\/vc_row][vc_section][vc_row full_width=&#8221;stretch_row&#8221; equal_height=&#8221;yes&#8221; bg_cws_repeat=&#8221;no-repeat&#8221; bg_cws_size=&#8221;cover&#8221; bg_image_position=&#8221;center_center&#8221; bg_cws_color=&#8221;color&#8221; cws_overlay_color=&#8221;rgba(29,45,70,0.85)&#8221; css=&#8221;.vc_custom_1676309477107{background-image: url(https:\/\/polyexcel.com.br\/wp-content\/uploads\/2019\/08\/banner-empresa.jpg?id=4220) !important;}&#8221;][vc_column width=&#8221;1\/6&#8243;][\/vc_column][vc_column width=&#8221;2\/3&#8243;][vc_empty_space height=&#8221;30px&#8221;][vc_column_text el_class=&#8221;branco&#8221;]\n<p style=\"text-align: center;\"><strong>Ask for a quotation with Polyexcel right now!<\/strong><\/p>\n[\/vc_column_text][vc_empty_space height=&#8221;30px&#8221;][vc_row_inner css=&#8221;.vc_custom_1676309380972{background-color: #ffffff !important;}&#8221;][vc_column_inner]<div class=\"wpforms-container wpforms-container-full\" id=\"wpforms-11082\"><form id=\"wpforms-form-11082\" class=\"wpforms-validate wpforms-form wpforms-ajax-form\" data-formid=\"11082\" method=\"post\" enctype=\"multipart\/form-data\" action=\"\/en\/wp-json\/wp\/v2\/pages\/5561\" data-token=\"c719a9569c7064c811f293b210ec5230\" data-token-time=\"1777006445\"><noscript class=\"wpforms-error-noscript\">Please enable JavaScript in your browser to complete this form.<\/noscript><div class=\"wpforms-field-container\"><div id=\"wpforms-11082-field_1-container\" class=\"wpforms-field wpforms-field-name\" data-field-id=\"1\"><label class=\"wpforms-field-label\" for=\"wpforms-11082-field_1\">Name * <span class=\"wpforms-required-label\">*<\/span><\/label><input type=\"text\" id=\"wpforms-11082-field_1\" class=\"wpforms-field-large wpforms-field-required\" name=\"wpforms[fields][1]\" required><\/div><div id=\"wpforms-11082-field_2-container\" class=\"wpforms-field wpforms-field-email wpforms-one-half wpforms-first\" data-field-id=\"2\"><label class=\"wpforms-field-label\" for=\"wpforms-11082-field_2\">E-mail * <span class=\"wpforms-required-label\">*<\/span><\/label><input type=\"email\" id=\"wpforms-11082-field_2\" class=\"wpforms-field-large wpforms-field-required\" name=\"wpforms[fields][2]\" spellcheck=\"false\" required><\/div><div id=\"wpforms-11082-field_4-container\" class=\"wpforms-field wpforms-field-text wpforms-one-half\" data-field-id=\"4\"><label class=\"wpforms-field-label\" for=\"wpforms-11082-field_4\">Phone <span class=\"wpforms-required-label\">*<\/span><\/label><input type=\"text\" id=\"wpforms-11082-field_4\" class=\"wpforms-field-large wpforms-field-required wpforms-masked-input\" data-rule-inputmask-incomplete=\"1\" data-inputmask-mask=\"99 9999-9999[9]\" name=\"wpforms[fields][4]\" required><\/div><div id=\"wpforms-11082-field_5-container\" class=\"wpforms-field wpforms-field-text wpforms-one-half wpforms-first\" data-field-id=\"5\"><label class=\"wpforms-field-label\" for=\"wpforms-11082-field_5\">Company <span class=\"wpforms-required-label\">*<\/span><\/label><input type=\"text\" id=\"wpforms-11082-field_5\" class=\"wpforms-field-large wpforms-field-required\" name=\"wpforms[fields][5]\" required><\/div><div id=\"wpforms-11082-field_6-container\" class=\"wpforms-field wpforms-field-select wpforms-one-half wpforms-field-select-style-classic\" data-field-id=\"6\"><label class=\"wpforms-field-label\" for=\"wpforms-11082-field_6\">Business Segment <span class=\"wpforms-required-label\">*<\/span><\/label><select id=\"wpforms-11082-field_6\" class=\"wpforms-field-large wpforms-field-required\" name=\"wpforms[fields][6]\" required=\"required\"><option value=\"\" class=\"placeholder\" disabled  selected='selected'>Choose...<\/option><option value=\"Energy\"  class=\"choice-1 depth-1\"  >Energy<\/option><option value=\"Telecommunication\"  class=\"choice-2 depth-1\"  >Telecommunication<\/option><option value=\"Industry\"  class=\"choice-3 depth-1\"  >Industry<\/option><option value=\"Other\"  class=\"choice-4 depth-1\"  >Other<\/option><\/select><\/div><div id=\"wpforms-11082-field_8-container\" class=\"wpforms-field wpforms-field-textarea\" data-field-id=\"8\"><label class=\"wpforms-field-label\" for=\"wpforms-11082-field_8\">Message <span class=\"wpforms-required-label\">*<\/span><\/label><textarea id=\"wpforms-11082-field_8\" class=\"wpforms-field-large wpforms-field-required wpforms-limit-characters-enabled\" data-form-id=\"11082\" data-field-id=\"8\" data-text-limit=\"500\" name=\"wpforms[fields][8]\" maxlength=\"500\" required><\/textarea><\/div><\/div><!-- .wpforms-field-container --><div class=\"wpforms-recaptcha-container wpforms-is-recaptcha wpforms-is-recaptcha-type-invisible\" ><div class=\"g-recaptcha\" data-sitekey=\"6Lf6VR4hAAAAAI4iWo7J_9g7pcd-JgbSp3XVwI3s\" data-size=\"invisible\"><\/div><\/div><div class=\"wpforms-submit-container\" ><input type=\"hidden\" name=\"wpforms[id]\" value=\"11082\"><input type=\"hidden\" name=\"page_title\" value=\"\"><input type=\"hidden\" name=\"page_url\" value=\"https:\/\/polyexcel.com.br\/en\/wp-json\/wp\/v2\/pages\/5561\"><input type=\"hidden\" name=\"url_referer\" value=\"\"><button type=\"submit\" name=\"wpforms[submit]\" id=\"wpforms-submit-11082\" class=\"wpforms-submit\" data-alt-text=\"Sending...\" data-submit-text=\"Send\" aria-live=\"assertive\" value=\"wpforms-submit\">Send<\/button><img loading=\"lazy\" decoding=\"async\" src=\"https:\/\/polyexcel.com.br\/wp-content\/plugins\/wpforms-lite\/assets\/images\/submit-spin.svg\" class=\"wpforms-submit-spinner\" style=\"display: none;\" width=\"26\" height=\"26\" alt=\"Loading\"><\/div><\/form><\/div>  <!-- .wpforms-container -->[\/vc_column_inner][\/vc_row_inner][vc_empty_space height=&#8221;30px&#8221;][\/vc_column][vc_column width=&#8221;1\/6&#8243;][\/vc_column][\/vc_row][\/vc_section]\n<\/div>","protected":false},"excerpt":{"rendered":"<p>[vc_row css=&#8221;.vc_custom_1566588326240{margin-top: 5% !important;margin-bottom: 5% !important;}&#8221;][vc_column width=&#8221;1\/2&#8243;][vc_column_text]The field of telecommunications technology is large and has as a main purpose to supply the necessities of those who need to communicate at a distance. It is part of the electrical engineering and includes a complete project, from the implementation to the maintenance and control of communications systems\u2019 networks. The information is temporarily converted into electrical signals (electrical voltages). This is done so that it is possible to go through the system until it reaches the destination. Then, these signals are again converted into intelligible information by the recipient. [\/vc_column_text][\/vc_column][vc_column width=&#8221;1\/2&#8243;][vc_single_image image=&#8221;5563&#8243; img_size=&#8221;large&#8221; alignment=&#8221;center&#8221; onclick=&#8221;link_image&#8221;][\/vc_column][\/vc_row][vc_row css=&#8221;.vc_custom_1566588326240{margin-top: 5% !important;margin-bottom: 5% !important;}&#8221;][vc_column][vc_column_text]This transportation can be done by metallic wires or fiber optics. The first format carries the information in an analogous way, while the optical fiber makes the transport with a luminous energy. In addition, telecommunications cables can be internal or external and each one has its specificities. They also rely on a color coding system to combine them with each other. These telecommunications cables need the correct isolation and Polyexcel polymeric compounds help with this. Our compounds are thermoplastics, flame retardants and halogens free. See which one applies best specifically to your cable. After all, specific properties are required for each situation.[\/vc_column_text][\/vc_column][\/vc_row][vc_section][vc_row full_width=&#8221;stretch_row&#8221; equal_height=&#8221;yes&#8221; bg_cws_repeat=&#8221;no-repeat&#8221; bg_cws_size=&#8221;cover&#8221; bg_image_position=&#8221;center_center&#8221; bg_cws_color=&#8221;color&#8221; cws_overlay_color=&#8221;rgba(29,45,70,0.85)&#8221; css=&#8221;.vc_custom_1676309477107{background-image: url(https:\/\/polyexcel.com.br\/wp-content\/uploads\/2019\/08\/banner-empresa.jpg?id=4220) !important;}&#8221;][vc_column width=&#8221;1\/6&#8243;][\/vc_column][vc_column width=&#8221;2\/3&#8243;][vc_empty_space height=&#8221;30px&#8221;][vc_column_text el_class=&#8221;branco&#8221;] Ask for a quotation with Polyexcel right now! [\/vc_column_text][vc_empty_space height=&#8221;30px&#8221;][vc_row_inner css=&#8221;.vc_custom_1676309380972{background-color: #ffffff !important;}&#8221;][vc_column_inner][\/vc_column_inner][\/vc_row_inner][vc_empty_space height=&#8221;30px&#8221;][\/vc_column][vc_column width=&#8221;1\/6&#8243;][\/vc_column][\/vc_row][\/vc_section]<\/p>\n","protected":false},"author":1,"featured_media":0,"parent":0,"menu_order":0,"comment_status":"closed","ping_status":"closed","template":"","meta":{"footnotes":""},"class_list":["post-5561","page","type-page","status-publish","hentry"],"yoast_head":"<!-- This site is optimized with the Yoast SEO plugin v27.4 - https:\/\/yoast.com\/product\/yoast-seo-wordpress\/ -->\n<title>Telecommunication | Polyexcel<\/title>\n<meta name=\"robots\" content=\"index, follow, max-snippet:-1, max-image-preview:large, max-video-preview:-1\" \/>\n<link rel=\"canonical\" href=\"https:\/\/polyexcel.com.br\/en\/telecommunication\/\" \/>\n<meta property=\"og:locale\" content=\"en_US\" \/>\n<meta property=\"og:type\" content=\"article\" \/>\n<meta property=\"og:title\" content=\"Telecommunication | Polyexcel\" \/>\n<meta property=\"og:description\" content=\"[vc_row css=&#8221;.vc_custom_1566588326240{margin-top: 5% !important;margin-bottom: 5% !important;}&#8221;][vc_column width=&#8221;1\/2&#8243;][vc_column_text]The field of telecommunications technology is large and has as a main purpose to supply the necessities of those who need to communicate at a distance. It is part of the electrical engineering and includes a complete project, from the implementation to the maintenance and control of communications systems\u2019 networks. The information is temporarily converted into electrical signals (electrical voltages). This is done so that it is possible to go through the system until it reaches the destination. Then, these signals are again converted into intelligible information by the recipient. [\/vc_column_text][\/vc_column][vc_column width=&#8221;1\/2&#8243;][vc_single_image image=&#8221;5563&#8243; img_size=&#8221;large&#8221; alignment=&#8221;center&#8221; onclick=&#8221;link_image&#8221;][\/vc_column][\/vc_row][vc_row css=&#8221;.vc_custom_1566588326240{margin-top: 5% !important;margin-bottom: 5% !important;}&#8221;][vc_column][vc_column_text]This transportation can be done by metallic wires or fiber optics. The first format carries the information in an analogous way, while the optical fiber makes the transport with a luminous energy. In addition, telecommunications cables can be internal or external and each one has its specificities. They also rely on a color coding system to combine them with each other. These telecommunications cables need the correct isolation and Polyexcel polymeric compounds help with this. Our compounds are thermoplastics, flame retardants and halogens free. See which one applies best specifically to your cable. After all, specific properties are required for each situation.[\/vc_column_text][\/vc_column][\/vc_row][vc_section][vc_row full_width=&#8221;stretch_row&#8221; equal_height=&#8221;yes&#8221; bg_cws_repeat=&#8221;no-repeat&#8221; bg_cws_size=&#8221;cover&#8221; bg_image_position=&#8221;center_center&#8221; bg_cws_color=&#8221;color&#8221; cws_overlay_color=&#8221;rgba(29,45,70,0.85)&#8221; css=&#8221;.vc_custom_1676309477107{background-image: url(https:\/\/polyexcel.com.br\/wp-content\/uploads\/2019\/08\/banner-empresa.jpg?id=4220) !important;}&#8221;][vc_column width=&#8221;1\/6&#8243;][\/vc_column][vc_column width=&#8221;2\/3&#8243;][vc_empty_space height=&#8221;30px&#8221;][vc_column_text el_class=&#8221;branco&#8221;] Ask for a quotation with Polyexcel right now! [\/vc_column_text][vc_empty_space height=&#8221;30px&#8221;][vc_row_inner css=&#8221;.vc_custom_1676309380972{background-color: #ffffff !important;}&#8221;][vc_column_inner][\/vc_column_inner][\/vc_row_inner][vc_empty_space height=&#8221;30px&#8221;][\/vc_column][vc_column width=&#8221;1\/6&#8243;][\/vc_column][\/vc_row][\/vc_section]\" \/>\n<meta property=\"og:url\" content=\"https:\/\/polyexcel.com.br\/en\/telecommunication\/\" \/>\n<meta property=\"og:site_name\" content=\"Polyexcel\" \/>\n<meta property=\"article:publisher\" content=\"https:\/\/www.facebook.com\/polyexcel\/\" \/>\n<meta property=\"article:modified_time\" content=\"2023-02-13T19:36:23+00:00\" \/>\n<meta name=\"twitter:card\" content=\"summary_large_image\" \/>\n<meta name=\"twitter:label1\" content=\"Est. reading time\" \/>\n\t<meta name=\"twitter:data1\" content=\"2 minutes\" \/>\n<script type=\"application\/ld+json\" class=\"yoast-schema-graph\">{\"@context\":\"https:\\\/\\\/schema.org\",\"@graph\":[{\"@type\":\"WebPage\",\"@id\":\"https:\\\/\\\/polyexcel.com.br\\\/en\\\/telecommunication\\\/\",\"url\":\"https:\\\/\\\/polyexcel.com.br\\\/en\\\/telecommunication\\\/\",\"name\":\"Telecommunication | Polyexcel\",\"isPartOf\":{\"@id\":\"https:\\\/\\\/polyexcel.com.br\\\/en\\\/#website\"},\"datePublished\":\"2019-09-17T19:49:41+00:00\",\"dateModified\":\"2023-02-13T19:36:23+00:00\",\"breadcrumb\":{\"@id\":\"https:\\\/\\\/polyexcel.com.br\\\/en\\\/telecommunication\\\/#breadcrumb\"},\"inLanguage\":\"en-US\",\"potentialAction\":[{\"@type\":\"ReadAction\",\"target\":[\"https:\\\/\\\/polyexcel.com.br\\\/en\\\/telecommunication\\\/\"]}]},{\"@type\":\"BreadcrumbList\",\"@id\":\"https:\\\/\\\/polyexcel.com.br\\\/en\\\/telecommunication\\\/#breadcrumb\",\"itemListElement\":[{\"@type\":\"ListItem\",\"position\":1,\"name\":\"Start\",\"item\":\"https:\\\/\\\/polyexcel.com.br\\\/en\\\/\"},{\"@type\":\"ListItem\",\"position\":2,\"name\":\"Telecommunication\"}]},{\"@type\":\"WebSite\",\"@id\":\"https:\\\/\\\/polyexcel.com.br\\\/en\\\/#website\",\"url\":\"https:\\\/\\\/polyexcel.com.br\\\/en\\\/\",\"name\":\"Polyexcel\",\"description\":\"\",\"publisher\":{\"@id\":\"https:\\\/\\\/polyexcel.com.br\\\/en\\\/#organization\"},\"potentialAction\":[{\"@type\":\"SearchAction\",\"target\":{\"@type\":\"EntryPoint\",\"urlTemplate\":\"https:\\\/\\\/polyexcel.com.br\\\/en\\\/?s={search_term_string}\"},\"query-input\":{\"@type\":\"PropertyValueSpecification\",\"valueRequired\":true,\"valueName\":\"search_term_string\"}}],\"inLanguage\":\"en-US\"},{\"@type\":\"Organization\",\"@id\":\"https:\\\/\\\/polyexcel.com.br\\\/en\\\/#organization\",\"name\":\"Polyexcel Ind\u00fastria e Com\u00e9rcio de Compostos Polim\u00e9ricos Ltda\",\"url\":\"https:\\\/\\\/polyexcel.com.br\\\/en\\\/\",\"logo\":{\"@type\":\"ImageObject\",\"inLanguage\":\"en-US\",\"@id\":\"https:\\\/\\\/polyexcel.com.br\\\/en\\\/#\\\/schema\\\/logo\\\/image\\\/\",\"url\":\"https:\\\/\\\/polyexcel.com.br\\\/wp-content\\\/uploads\\\/2023\\\/01\\\/Logo-Polyexcel-Assinado-16x9SQ.png\",\"contentUrl\":\"https:\\\/\\\/polyexcel.com.br\\\/wp-content\\\/uploads\\\/2023\\\/01\\\/Logo-Polyexcel-Assinado-16x9SQ.png\",\"width\":1920,\"height\":1080,\"caption\":\"Polyexcel Ind\u00fastria e Com\u00e9rcio de Compostos Polim\u00e9ricos Ltda\"},\"image\":{\"@id\":\"https:\\\/\\\/polyexcel.com.br\\\/en\\\/#\\\/schema\\\/logo\\\/image\\\/\"},\"sameAs\":[\"https:\\\/\\\/www.facebook.com\\\/polyexcel\\\/\",\"https:\\\/\\\/www.instagram.com\\\/polyexcel\\\/\",\"https:\\\/\\\/www.linkedin.com\\\/company\\\/polyexcel\\\/\"]}]}<\/script>\n<!-- \/ Yoast SEO plugin. -->","yoast_head_json":{"title":"Telecommunication | Polyexcel","robots":{"index":"index","follow":"follow","max-snippet":"max-snippet:-1","max-image-preview":"max-image-preview:large","max-video-preview":"max-video-preview:-1"},"canonical":"https:\/\/polyexcel.com.br\/en\/telecommunication\/","og_locale":"en_US","og_type":"article","og_title":"Telecommunication | Polyexcel","og_description":"[vc_row css=&#8221;.vc_custom_1566588326240{margin-top: 5% !important;margin-bottom: 5% !important;}&#8221;][vc_column width=&#8221;1\/2&#8243;][vc_column_text]The field of telecommunications technology is large and has as a main purpose to supply the necessities of those who need to communicate at a distance. It is part of the electrical engineering and includes a complete project, from the implementation to the maintenance and control of communications systems\u2019 networks. The information is temporarily converted into electrical signals (electrical voltages). This is done so that it is possible to go through the system until it reaches the destination. Then, these signals are again converted into intelligible information by the recipient. [\/vc_column_text][\/vc_column][vc_column width=&#8221;1\/2&#8243;][vc_single_image image=&#8221;5563&#8243; img_size=&#8221;large&#8221; alignment=&#8221;center&#8221; onclick=&#8221;link_image&#8221;][\/vc_column][\/vc_row][vc_row css=&#8221;.vc_custom_1566588326240{margin-top: 5% !important;margin-bottom: 5% !important;}&#8221;][vc_column][vc_column_text]This transportation can be done by metallic wires or fiber optics. The first format carries the information in an analogous way, while the optical fiber makes the transport with a luminous energy. In addition, telecommunications cables can be internal or external and each one has its specificities. They also rely on a color coding system to combine them with each other. These telecommunications cables need the correct isolation and Polyexcel polymeric compounds help with this. Our compounds are thermoplastics, flame retardants and halogens free. See which one applies best specifically to your cable. After all, specific properties are required for each situation.[\/vc_column_text][\/vc_column][\/vc_row][vc_section][vc_row full_width=&#8221;stretch_row&#8221; equal_height=&#8221;yes&#8221; bg_cws_repeat=&#8221;no-repeat&#8221; bg_cws_size=&#8221;cover&#8221; bg_image_position=&#8221;center_center&#8221; bg_cws_color=&#8221;color&#8221; cws_overlay_color=&#8221;rgba(29,45,70,0.85)&#8221; css=&#8221;.vc_custom_1676309477107{background-image: url(https:\/\/polyexcel.com.br\/wp-content\/uploads\/2019\/08\/banner-empresa.jpg?id=4220) !important;}&#8221;][vc_column width=&#8221;1\/6&#8243;][\/vc_column][vc_column width=&#8221;2\/3&#8243;][vc_empty_space height=&#8221;30px&#8221;][vc_column_text el_class=&#8221;branco&#8221;] Ask for a quotation with Polyexcel right now! [\/vc_column_text][vc_empty_space height=&#8221;30px&#8221;][vc_row_inner css=&#8221;.vc_custom_1676309380972{background-color: #ffffff !important;}&#8221;][vc_column_inner][\/vc_column_inner][\/vc_row_inner][vc_empty_space height=&#8221;30px&#8221;][\/vc_column][vc_column width=&#8221;1\/6&#8243;][\/vc_column][\/vc_row][\/vc_section]","og_url":"https:\/\/polyexcel.com.br\/en\/telecommunication\/","og_site_name":"Polyexcel","article_publisher":"https:\/\/www.facebook.com\/polyexcel\/","article_modified_time":"2023-02-13T19:36:23+00:00","twitter_card":"summary_large_image","twitter_misc":{"Est. reading time":"2 minutes"},"schema":{"@context":"https:\/\/schema.org","@graph":[{"@type":"WebPage","@id":"https:\/\/polyexcel.com.br\/en\/telecommunication\/","url":"https:\/\/polyexcel.com.br\/en\/telecommunication\/","name":"Telecommunication | Polyexcel","isPartOf":{"@id":"https:\/\/polyexcel.com.br\/en\/#website"},"datePublished":"2019-09-17T19:49:41+00:00","dateModified":"2023-02-13T19:36:23+00:00","breadcrumb":{"@id":"https:\/\/polyexcel.com.br\/en\/telecommunication\/#breadcrumb"},"inLanguage":"en-US","potentialAction":[{"@type":"ReadAction","target":["https:\/\/polyexcel.com.br\/en\/telecommunication\/"]}]},{"@type":"BreadcrumbList","@id":"https:\/\/polyexcel.com.br\/en\/telecommunication\/#breadcrumb","itemListElement":[{"@type":"ListItem","position":1,"name":"Start","item":"https:\/\/polyexcel.com.br\/en\/"},{"@type":"ListItem","position":2,"name":"Telecommunication"}]},{"@type":"WebSite","@id":"https:\/\/polyexcel.com.br\/en\/#website","url":"https:\/\/polyexcel.com.br\/en\/","name":"Polyexcel","description":"","publisher":{"@id":"https:\/\/polyexcel.com.br\/en\/#organization"},"potentialAction":[{"@type":"SearchAction","target":{"@type":"EntryPoint","urlTemplate":"https:\/\/polyexcel.com.br\/en\/?s={search_term_string}"},"query-input":{"@type":"PropertyValueSpecification","valueRequired":true,"valueName":"search_term_string"}}],"inLanguage":"en-US"},{"@type":"Organization","@id":"https:\/\/polyexcel.com.br\/en\/#organization","name":"Polyexcel Ind\u00fastria e Com\u00e9rcio de Compostos Polim\u00e9ricos Ltda","url":"https:\/\/polyexcel.com.br\/en\/","logo":{"@type":"ImageObject","inLanguage":"en-US","@id":"https:\/\/polyexcel.com.br\/en\/#\/schema\/logo\/image\/","url":"https:\/\/polyexcel.com.br\/wp-content\/uploads\/2023\/01\/Logo-Polyexcel-Assinado-16x9SQ.png","contentUrl":"https:\/\/polyexcel.com.br\/wp-content\/uploads\/2023\/01\/Logo-Polyexcel-Assinado-16x9SQ.png","width":1920,"height":1080,"caption":"Polyexcel Ind\u00fastria e Com\u00e9rcio de Compostos Polim\u00e9ricos Ltda"},"image":{"@id":"https:\/\/polyexcel.com.br\/en\/#\/schema\/logo\/image\/"},"sameAs":["https:\/\/www.facebook.com\/polyexcel\/","https:\/\/www.instagram.com\/polyexcel\/","https:\/\/www.linkedin.com\/company\/polyexcel\/"]}]}},"_links":{"self":[{"href":"https:\/\/polyexcel.com.br\/en\/wp-json\/wp\/v2\/pages\/5561","targetHints":{"allow":["GET"]}}],"collection":[{"href":"https:\/\/polyexcel.com.br\/en\/wp-json\/wp\/v2\/pages"}],"about":[{"href":"https:\/\/polyexcel.com.br\/en\/wp-json\/wp\/v2\/types\/page"}],"author":[{"embeddable":true,"href":"https:\/\/polyexcel.com.br\/en\/wp-json\/wp\/v2\/users\/1"}],"replies":[{"embeddable":true,"href":"https:\/\/polyexcel.com.br\/en\/wp-json\/wp\/v2\/comments?post=5561"}],"version-history":[{"count":1,"href":"https:\/\/polyexcel.com.br\/en\/wp-json\/wp\/v2\/pages\/5561\/revisions"}],"predecessor-version":[{"id":11217,"href":"https:\/\/polyexcel.com.br\/en\/wp-json\/wp\/v2\/pages\/5561\/revisions\/11217"}],"wp:attachment":[{"href":"https:\/\/polyexcel.com.br\/en\/wp-json\/wp\/v2\/media?parent=5561"}],"curies":[{"name":"wp","href":"https:\/\/api.w.org\/{rel}","templated":true}]}}