{"id":5969,"date":"2019-09-25T17:05:16","date_gmt":"2019-09-25T20:05:16","guid":{"rendered":"https:\/\/polyexcel.com.br\/?page_id=5969"},"modified":"2023-02-13T16:52:23","modified_gmt":"2023-02-13T19:52:23","slug":"ldpe","status":"publish","type":"page","link":"https:\/\/polyexcel.com.br\/en\/ldpe\/","title":{"rendered":"LDPE"},"content":{"rendered":"<div class=\"wpb-content-wrapper\">[vc_row css=&#8221;.vc_custom_1566590552075{margin-top: 5% !important;margin-bottom: 3% !important;}&#8221;][vc_column][vc_column_text el_class=&#8221;principal&#8221;]<a href=\"https:\/\/polyexcel.com.br\/wp-content\/uploads\/2019\/09\/Produto-telecom-LLDPE.jpg\"><img loading=\"lazy\" decoding=\"async\" class=\"alignleft size-medium wp-image-5421\" src=\"https:\/\/polyexcel.com.br\/wp-content\/uploads\/2019\/09\/Produto-telecom-LLDPE-300x177.jpg\" alt=\"LLDPE\" width=\"300\" height=\"177\" srcset=\"https:\/\/polyexcel.com.br\/wp-content\/uploads\/2019\/09\/Produto-telecom-LLDPE-300x177.jpg 300w, https:\/\/polyexcel.com.br\/wp-content\/uploads\/2019\/09\/Produto-telecom-LLDPE.jpg 557w\" sizes=\"auto, (max-width: 300px) 100vw, 300px\" \/><\/a><strong>LDPE<\/strong> is a polyethylene of low density thermoplastic. Used as insulation and coverage of power or telecommunications cables.<\/p>\n<p><a href=\"https:\/\/polyexcel.com.br\/wp-content\/uploads\/2022\/12\/Catalogo-Polyexcel-2022-ingles.pdf\" target=\"_blank\" rel=\"noopener\"><button class=\"catalogo\">Download Catalogue<\/button><\/a>[\/vc_column_text][\/vc_column][\/vc_row][vc_row full_width=&#8221;stretch_row&#8221; css=&#8221;.vc_custom_1566593541653{padding-top: 2% !important;padding-bottom: 2% !important;background-color: #f4f4f4 !important;}&#8221;][vc_column][vc_tta_tabs alignment=&#8221;center&#8221; active_section=&#8221;1&#8243;][vc_tta_section title=&#8221;LDPE 81 BK&#8221; tab_id=&#8221;1568051375398-b3e27963-1db4&#8243;][vc_column_text]\n<h2>LDPE 81 BK<\/h2>\n<p>It&#8217;s a LDPE base compound properly attachable with carbon black, which guarantees resistance to photodegradation with high UV absorption coefficient, the compound includes additives necessary for optimum extrudability performance, minimizing machine stops for screw, head and matrix cleaning. Used for coverage and insulation of electrical conductors.[\/vc_column_text][\/vc_tta_section][\/vc_tta_tabs][\/vc_column][\/vc_row][vc_section][vc_row full_width=&#8221;stretch_row&#8221; equal_height=&#8221;yes&#8221; bg_cws_repeat=&#8221;no-repeat&#8221; bg_cws_size=&#8221;cover&#8221; bg_image_position=&#8221;center_center&#8221; bg_cws_color=&#8221;color&#8221; cws_overlay_color=&#8221;rgba(29,45,70,0.85)&#8221; css=&#8221;.vc_custom_1676309477107{background-image: url(https:\/\/polyexcel.com.br\/wp-content\/uploads\/2019\/08\/banner-empresa.jpg?id=4220) !important;}&#8221;][vc_column width=&#8221;1\/6&#8243;][\/vc_column][vc_column width=&#8221;2\/3&#8243;][vc_empty_space height=&#8221;30px&#8221;][vc_column_text el_class=&#8221;branco&#8221;]\n<p style=\"text-align: center;\"><strong>Ask for a quotation with Polyexcel right now!<\/strong><\/p>\n[\/vc_column_text][vc_empty_space height=&#8221;30px&#8221;][vc_row_inner css=&#8221;.vc_custom_1676309380972{background-color: #ffffff !important;}&#8221;][vc_column_inner]<div class=\"wpforms-container wpforms-container-full\" id=\"wpforms-11082\"><form id=\"wpforms-form-11082\" class=\"wpforms-validate wpforms-form wpforms-ajax-form\" data-formid=\"11082\" method=\"post\" enctype=\"multipart\/form-data\" action=\"\/en\/wp-json\/wp\/v2\/pages\/5969\" data-token=\"504a59ade36f5653e008c569482e74ce\" data-token-time=\"1778683917\"><noscript class=\"wpforms-error-noscript\">Please enable JavaScript in your browser to complete this form.<\/noscript><div class=\"wpforms-field-container\"><div id=\"wpforms-11082-field_1-container\" class=\"wpforms-field wpforms-field-name\" data-field-id=\"1\"><label class=\"wpforms-field-label\" for=\"wpforms-11082-field_1\">Name * <span class=\"wpforms-required-label\">*<\/span><\/label><input type=\"text\" id=\"wpforms-11082-field_1\" class=\"wpforms-field-large wpforms-field-required\" name=\"wpforms[fields][1]\" required><\/div><div id=\"wpforms-11082-field_2-container\" class=\"wpforms-field wpforms-field-email wpforms-one-half wpforms-first\" data-field-id=\"2\"><label class=\"wpforms-field-label\" for=\"wpforms-11082-field_2\">E-mail * <span class=\"wpforms-required-label\">*<\/span><\/label><input type=\"email\" id=\"wpforms-11082-field_2\" class=\"wpforms-field-large wpforms-field-required\" name=\"wpforms[fields][2]\" spellcheck=\"false\" required><\/div><div id=\"wpforms-11082-field_4-container\" class=\"wpforms-field wpforms-field-text wpforms-one-half\" data-field-id=\"4\"><label class=\"wpforms-field-label\" for=\"wpforms-11082-field_4\">Phone <span class=\"wpforms-required-label\">*<\/span><\/label><input type=\"text\" id=\"wpforms-11082-field_4\" class=\"wpforms-field-large wpforms-field-required wpforms-masked-input\" data-rule-inputmask-incomplete=\"1\" data-inputmask-mask=\"99 9999-9999[9]\" name=\"wpforms[fields][4]\" required><\/div><div id=\"wpforms-11082-field_5-container\" class=\"wpforms-field wpforms-field-text wpforms-one-half wpforms-first\" data-field-id=\"5\"><label class=\"wpforms-field-label\" for=\"wpforms-11082-field_5\">Company <span class=\"wpforms-required-label\">*<\/span><\/label><input type=\"text\" id=\"wpforms-11082-field_5\" class=\"wpforms-field-large wpforms-field-required\" name=\"wpforms[fields][5]\" required><\/div><div id=\"wpforms-11082-field_6-container\" class=\"wpforms-field wpforms-field-select wpforms-one-half wpforms-field-select-style-classic\" data-field-id=\"6\"><label class=\"wpforms-field-label\" for=\"wpforms-11082-field_6\">Business Segment <span class=\"wpforms-required-label\">*<\/span><\/label><select id=\"wpforms-11082-field_6\" class=\"wpforms-field-large wpforms-field-required\" name=\"wpforms[fields][6]\" required=\"required\"><option value=\"\" class=\"placeholder\" disabled  selected='selected'>Choose...<\/option><option value=\"Energy\"  class=\"choice-1 depth-1\"  >Energy<\/option><option value=\"Telecommunication\"  class=\"choice-2 depth-1\"  >Telecommunication<\/option><option value=\"Industry\"  class=\"choice-3 depth-1\"  >Industry<\/option><option value=\"Other\"  class=\"choice-4 depth-1\"  >Other<\/option><\/select><\/div><div id=\"wpforms-11082-field_8-container\" class=\"wpforms-field wpforms-field-textarea\" data-field-id=\"8\"><label class=\"wpforms-field-label\" for=\"wpforms-11082-field_8\">Message <span class=\"wpforms-required-label\">*<\/span><\/label><textarea id=\"wpforms-11082-field_8\" class=\"wpforms-field-large wpforms-field-required wpforms-limit-characters-enabled\" data-form-id=\"11082\" data-field-id=\"8\" data-text-limit=\"500\" name=\"wpforms[fields][8]\" maxlength=\"500\" required><\/textarea><\/div><\/div><!-- .wpforms-field-container --><div class=\"wpforms-recaptcha-container wpforms-is-recaptcha wpforms-is-recaptcha-type-invisible\" ><div class=\"g-recaptcha\" data-sitekey=\"6Lf6VR4hAAAAAI4iWo7J_9g7pcd-JgbSp3XVwI3s\" data-size=\"invisible\"><\/div><\/div><div class=\"wpforms-submit-container\" ><input type=\"hidden\" name=\"wpforms[id]\" value=\"11082\"><input type=\"hidden\" name=\"page_title\" value=\"\"><input type=\"hidden\" name=\"page_url\" value=\"https:\/\/polyexcel.com.br\/en\/wp-json\/wp\/v2\/pages\/5969\"><input type=\"hidden\" name=\"url_referer\" value=\"\"><button type=\"submit\" name=\"wpforms[submit]\" id=\"wpforms-submit-11082\" class=\"wpforms-submit\" data-alt-text=\"Sending...\" data-submit-text=\"Send\" aria-live=\"assertive\" value=\"wpforms-submit\">Send<\/button><img loading=\"lazy\" decoding=\"async\" src=\"https:\/\/polyexcel.com.br\/wp-content\/plugins\/wpforms-lite\/assets\/images\/submit-spin.svg\" class=\"wpforms-submit-spinner\" style=\"display: none;\" width=\"26\" height=\"26\" alt=\"Loading\"><\/div><\/form><\/div>  <!-- .wpforms-container -->[\/vc_column_inner][\/vc_row_inner][vc_empty_space height=&#8221;30px&#8221;][\/vc_column][vc_column width=&#8221;1\/6&#8243;][\/vc_column][\/vc_row][\/vc_section][vc_row][vc_column][vc_raw_js]JTNDc2NyaXB0JTNFJTBBJTBBJTIwJTIwJTIwJTIwdmFyJTIwZmlsdGVyJTIwJTNEJTIwJTJGJTVFJTI4JTVCYS16QS1aMC05XyU1Qy4lNUMtJTVEJTI5JTJCJTVDJTQwJTI4JTI4JTVCYS16QS1aMC05JTVDLSU1RCUyOSUyQiU1Qy4lMjklMkIlMjglNUJhLXpBLVowLTklNUQlN0IyJTJDNCU3RCUyOSUyQiUyNCUyRiUzQiUwQSUyMCUyMCUyMCUyMCUyMCUyMGpRdWVyeSUyOCUyMGRvY3VtZW50JTIwJTI5LnJlYWR5JTI4JTIwZnVuY3Rpb24lMjglMjklMjAlN0IlMEElMjAlMjAlMjAlMjAlMjAlMjAlMjAlMjBqUXVlcnklMjglMjBkb2N1bWVudCUyMCUyOSUwQSUyMCUyMCUyMCUyMCUyMCUyMCUyMCUyMC5vbiUyOCUyN2NsaWNrJTI3JTJDJTIwJTI3JTIzaWQlM0Fmb3JtTERQRWVuJTI3JTJDJTIwZnVuY3Rpb24lMjglMjklMjAlN0IlMjAlMEElMjAlMjAlMjAlMjAlMjAlMjAlMjAlMjAlMjAlMjAlMjBpZiUyOGpRdWVyeSUyOCUyMmlucHV0JTVCbmFtZSUzRCUyN3lvdXItZW1wcmVzYSUyNyU1RCUyMiUyOS52YWwlMjglMjklMjElM0QlMjIlMjIlMjAlMjYlMjYlMjBqUXVlcnklMjglMjJpbnB1dCU1Qm5hbWUlM0QlMjd5b3VyLW5vbWUlMjclNUQlMjIlMjkudmFsJTI4JTI5JTIxJTNEJTIyJTIyJTIwJTI2JTI2JTIwalF1ZXJ5JTI4JTIyaW5wdXQlNUJuYW1lJTNEJTI3eW91ci1lbWFpbCUyNyU1RCUyMiUyOS52YWwlMjglMjklMjElM0QlMjIlMjIlMjAlMjYlMjYlMjBmaWx0ZXIudGVzdCUyOCUyMGpRdWVyeSUyOCUyMmlucHV0JTVCbmFtZSUzRCUyN3lvdXItZW1haWwlMjclNUQlMjIlMjkudmFsJTI4JTI5JTI5JTIxJTNEZmFsc2UlMjklN0IlMEElMjAlMjAlMjAlMjAlMjAlMjAlMjAlMjAlMjAlMjAlMjAlMjAlMjAlMjAlMjAlMjAlMjAlMEElMjBndGFnJTI4JTI3ZXZlbnQlMjclMkMlMjdjbGljYXIlMjclMkMlMjAlN0IlMjdldmVudF9jYXRlZ29yeSUyNyUzQSUyN0NhcHR1cmFEZUxlYWQlMjclMkMlMjdldmVudF9sYWJlbCUyNyUzQSUyN0Zvcm11bGFyaW9fRW5lcmdpYV9MRFBFX2VuJTI3JTJDJTI3dmFsdWUlMjclM0ExJTdEJTI5JTNCJTBBJTIwJTIwJTIwJTIwJTIwJTIwJTIwJTIwJTIwJTIwJTIwJTdEJTBBJTIwJTIwJTIwJTIwJTIwJTIwJTIwJTIwJTdEJTI5JTNCJTBBJTIwJTIwJTIwJTIwJTIwJTIwJTIwJTIwJTBBJTIwJTIwJTIwJTIwJTIwJTIwJTIwJTIwJTBBJTBBJTIwJTIwJTdEJTI5JTNCJTBBJTNDJTJGc2NyaXB0JTNF[\/vc_raw_js][\/vc_column][\/vc_row]\n<\/div>","protected":false},"excerpt":{"rendered":"<p>[vc_row css=&#8221;.vc_custom_1566590552075{margin-top: 5% !important;margin-bottom: 3% !important;}&#8221;][vc_column][vc_column_text el_class=&#8221;principal&#8221;]LDPE is a polyethylene of low density thermoplastic. Used as insulation and coverage of power or telecommunications cables. Download Catalogue[\/vc_column_text][\/vc_column][\/vc_row][vc_row full_width=&#8221;stretch_row&#8221; css=&#8221;.vc_custom_1566593541653{padding-top: 2% !important;padding-bottom: 2% !important;background-color: #f4f4f4 !important;}&#8221;][vc_column][vc_tta_tabs alignment=&#8221;center&#8221; active_section=&#8221;1&#8243;][vc_tta_section title=&#8221;LDPE 81 BK&#8221; tab_id=&#8221;1568051375398-b3e27963-1db4&#8243;][vc_column_text] LDPE 81 BK It&#8217;s a LDPE base compound properly attachable with carbon black, which guarantees resistance to photodegradation with high UV absorption coefficient, the compound includes additives necessary for optimum extrudability performance, minimizing machine stops for screw, head and matrix cleaning. Used for coverage and insulation of electrical conductors.[\/vc_column_text][\/vc_tta_section][\/vc_tta_tabs][\/vc_column][\/vc_row][vc_section][vc_row full_width=&#8221;stretch_row&#8221; equal_height=&#8221;yes&#8221; bg_cws_repeat=&#8221;no-repeat&#8221; bg_cws_size=&#8221;cover&#8221; bg_image_position=&#8221;center_center&#8221; bg_cws_color=&#8221;color&#8221; cws_overlay_color=&#8221;rgba(29,45,70,0.85)&#8221; css=&#8221;.vc_custom_1676309477107{background-image: url(https:\/\/polyexcel.com.br\/wp-content\/uploads\/2019\/08\/banner-empresa.jpg?id=4220) !important;}&#8221;][vc_column width=&#8221;1\/6&#8243;][\/vc_column][vc_column width=&#8221;2\/3&#8243;][vc_empty_space height=&#8221;30px&#8221;][vc_column_text el_class=&#8221;branco&#8221;] Ask for a quotation with Polyexcel right now! [\/vc_column_text][vc_empty_space height=&#8221;30px&#8221;][vc_row_inner css=&#8221;.vc_custom_1676309380972{background-color: #ffffff !important;}&#8221;][vc_column_inner][\/vc_column_inner][\/vc_row_inner][vc_empty_space height=&#8221;30px&#8221;][\/vc_column][vc_column width=&#8221;1\/6&#8243;][\/vc_column][\/vc_row][\/vc_section][vc_row][vc_column][vc_raw_js]JTNDc2NyaXB0JTNFJTBBJTBBJTIwJTIwJTIwJTIwdmFyJTIwZmlsdGVyJTIwJTNEJTIwJTJGJTVFJTI4JTVCYS16QS1aMC05XyU1Qy4lNUMtJTVEJTI5JTJCJTVDJTQwJTI4JTI4JTVCYS16QS1aMC05JTVDLSU1RCUyOSUyQiU1Qy4lMjklMkIlMjglNUJhLXpBLVowLTklNUQlN0IyJTJDNCU3RCUyOSUyQiUyNCUyRiUzQiUwQSUyMCUyMCUyMCUyMCUyMCUyMGpRdWVyeSUyOCUyMGRvY3VtZW50JTIwJTI5LnJlYWR5JTI4JTIwZnVuY3Rpb24lMjglMjklMjAlN0IlMEElMjAlMjAlMjAlMjAlMjAlMjAlMjAlMjBqUXVlcnklMjglMjBkb2N1bWVudCUyMCUyOSUwQSUyMCUyMCUyMCUyMCUyMCUyMCUyMCUyMC5vbiUyOCUyN2NsaWNrJTI3JTJDJTIwJTI3JTIzaWQlM0Fmb3JtTERQRWVuJTI3JTJDJTIwZnVuY3Rpb24lMjglMjklMjAlN0IlMjAlMEElMjAlMjAlMjAlMjAlMjAlMjAlMjAlMjAlMjAlMjAlMjBpZiUyOGpRdWVyeSUyOCUyMmlucHV0JTVCbmFtZSUzRCUyN3lvdXItZW1wcmVzYSUyNyU1RCUyMiUyOS52YWwlMjglMjklMjElM0QlMjIlMjIlMjAlMjYlMjYlMjBqUXVlcnklMjglMjJpbnB1dCU1Qm5hbWUlM0QlMjd5b3VyLW5vbWUlMjclNUQlMjIlMjkudmFsJTI4JTI5JTIxJTNEJTIyJTIyJTIwJTI2JTI2JTIwalF1ZXJ5JTI4JTIyaW5wdXQlNUJuYW1lJTNEJTI3eW91ci1lbWFpbCUyNyU1RCUyMiUyOS52YWwlMjglMjklMjElM0QlMjIlMjIlMjAlMjYlMjYlMjBmaWx0ZXIudGVzdCUyOCUyMGpRdWVyeSUyOCUyMmlucHV0JTVCbmFtZSUzRCUyN3lvdXItZW1haWwlMjclNUQlMjIlMjkudmFsJTI4JTI5JTI5JTIxJTNEZmFsc2UlMjklN0IlMEElMjAlMjAlMjAlMjAlMjAlMjAlMjAlMjAlMjAlMjAlMjAlMjAlMjAlMjAlMjAlMjAlMjAlMEElMjBndGFnJTI4JTI3ZXZlbnQlMjclMkMlMjdjbGljYXIlMjclMkMlMjAlN0IlMjdldmVudF9jYXRlZ29yeSUyNyUzQSUyN0NhcHR1cmFEZUxlYWQlMjclMkMlMjdldmVudF9sYWJlbCUyNyUzQSUyN0Zvcm11bGFyaW9fRW5lcmdpYV9MRFBFX2VuJTI3JTJDJTI3dmFsdWUlMjclM0ExJTdEJTI5JTNCJTBBJTIwJTIwJTIwJTIwJTIwJTIwJTIwJTIwJTIwJTIwJTIwJTdEJTBBJTIwJTIwJTIwJTIwJTIwJTIwJTIwJTIwJTdEJTI5JTNCJTBBJTIwJTIwJTIwJTIwJTIwJTIwJTIwJTIwJTBBJTIwJTIwJTIwJTIwJTIwJTIwJTIwJTIwJTBBJTBBJTIwJTIwJTdEJTI5JTNCJTBBJTNDJTJGc2NyaXB0JTNF[\/vc_raw_js][\/vc_column][\/vc_row]<\/p>\n","protected":false},"author":1,"featured_media":0,"parent":0,"menu_order":0,"comment_status":"closed","ping_status":"closed","template":"","meta":{"footnotes":""},"class_list":["post-5969","page","type-page","status-publish","hentry"],"yoast_head":"<!-- This site is optimized with the Yoast SEO plugin v27.6 - https:\/\/yoast.com\/product\/yoast-seo-wordpress\/ -->\n<title>LDPE: polietileno de baixa densidade | Polyexcel<\/title>\n<meta name=\"description\" content=\"O nosso composto utiliza o LDPE como base e aditiva negro de fumo. Assim, \u00e9 poss\u00edvel garantir resist\u00eancia \u00e0 fotodegrada\u00e7\u00e3o. Veja mais sobre o produto aqui!\" \/>\n<meta name=\"robots\" content=\"index, follow, max-snippet:-1, max-image-preview:large, max-video-preview:-1\" \/>\n<link rel=\"canonical\" href=\"https:\/\/polyexcel.com.br\/en\/ldpe\/\" \/>\n<meta property=\"og:locale\" content=\"en_US\" \/>\n<meta property=\"og:type\" content=\"article\" \/>\n<meta property=\"og:title\" content=\"LDPE: polietileno de baixa densidade | Polyexcel\" \/>\n<meta property=\"og:description\" content=\"O nosso composto utiliza o LDPE como base e aditiva negro de fumo. Assim, \u00e9 poss\u00edvel garantir resist\u00eancia \u00e0 fotodegrada\u00e7\u00e3o. Veja mais sobre o produto aqui!\" \/>\n<meta property=\"og:url\" content=\"https:\/\/polyexcel.com.br\/en\/ldpe\/\" \/>\n<meta property=\"og:site_name\" content=\"Polyexcel\" \/>\n<meta property=\"article:publisher\" content=\"https:\/\/www.facebook.com\/polyexcel\/\" \/>\n<meta property=\"article:modified_time\" content=\"2023-02-13T19:52:23+00:00\" \/>\n<meta property=\"og:image\" content=\"https:\/\/polyexcel.com.br\/wp-content\/uploads\/2019\/09\/Produto-telecom-LLDPE-300x177.jpg\" \/>\n<meta name=\"twitter:card\" content=\"summary_large_image\" \/>\n<meta name=\"twitter:label1\" content=\"Est. reading time\" \/>\n\t<meta name=\"twitter:data1\" content=\"2 minutes\" \/>\n<script type=\"application\/ld+json\" class=\"yoast-schema-graph\">{\"@context\":\"https:\\\/\\\/schema.org\",\"@graph\":[{\"@type\":\"WebPage\",\"@id\":\"https:\\\/\\\/polyexcel.com.br\\\/en\\\/ldpe\\\/\",\"url\":\"https:\\\/\\\/polyexcel.com.br\\\/en\\\/ldpe\\\/\",\"name\":\"LDPE: polietileno de baixa densidade | Polyexcel\",\"isPartOf\":{\"@id\":\"https:\\\/\\\/polyexcel.com.br\\\/en\\\/#website\"},\"primaryImageOfPage\":{\"@id\":\"https:\\\/\\\/polyexcel.com.br\\\/en\\\/ldpe\\\/#primaryimage\"},\"image\":{\"@id\":\"https:\\\/\\\/polyexcel.com.br\\\/en\\\/ldpe\\\/#primaryimage\"},\"thumbnailUrl\":\"https:\\\/\\\/polyexcel.com.br\\\/wp-content\\\/uploads\\\/2019\\\/09\\\/Produto-telecom-LLDPE-300x177.jpg\",\"datePublished\":\"2019-09-25T20:05:16+00:00\",\"dateModified\":\"2023-02-13T19:52:23+00:00\",\"description\":\"O nosso composto utiliza o LDPE como base e aditiva negro de fumo. Assim, \u00e9 poss\u00edvel garantir resist\u00eancia \u00e0 fotodegrada\u00e7\u00e3o. Veja mais sobre o produto aqui!\",\"breadcrumb\":{\"@id\":\"https:\\\/\\\/polyexcel.com.br\\\/en\\\/ldpe\\\/#breadcrumb\"},\"inLanguage\":\"en-US\",\"potentialAction\":[{\"@type\":\"ReadAction\",\"target\":[\"https:\\\/\\\/polyexcel.com.br\\\/en\\\/ldpe\\\/\"]}]},{\"@type\":\"ImageObject\",\"inLanguage\":\"en-US\",\"@id\":\"https:\\\/\\\/polyexcel.com.br\\\/en\\\/ldpe\\\/#primaryimage\",\"url\":\"https:\\\/\\\/polyexcel.com.br\\\/wp-content\\\/uploads\\\/2019\\\/09\\\/Produto-telecom-LLDPE-300x177.jpg\",\"contentUrl\":\"https:\\\/\\\/polyexcel.com.br\\\/wp-content\\\/uploads\\\/2019\\\/09\\\/Produto-telecom-LLDPE-300x177.jpg\"},{\"@type\":\"BreadcrumbList\",\"@id\":\"https:\\\/\\\/polyexcel.com.br\\\/en\\\/ldpe\\\/#breadcrumb\",\"itemListElement\":[{\"@type\":\"ListItem\",\"position\":1,\"name\":\"Start\",\"item\":\"https:\\\/\\\/polyexcel.com.br\\\/en\\\/\"},{\"@type\":\"ListItem\",\"position\":2,\"name\":\"LDPE\"}]},{\"@type\":\"WebSite\",\"@id\":\"https:\\\/\\\/polyexcel.com.br\\\/en\\\/#website\",\"url\":\"https:\\\/\\\/polyexcel.com.br\\\/en\\\/\",\"name\":\"Polyexcel\",\"description\":\"\",\"publisher\":{\"@id\":\"https:\\\/\\\/polyexcel.com.br\\\/en\\\/#organization\"},\"potentialAction\":[{\"@type\":\"SearchAction\",\"target\":{\"@type\":\"EntryPoint\",\"urlTemplate\":\"https:\\\/\\\/polyexcel.com.br\\\/en\\\/?s={search_term_string}\"},\"query-input\":{\"@type\":\"PropertyValueSpecification\",\"valueRequired\":true,\"valueName\":\"search_term_string\"}}],\"inLanguage\":\"en-US\"},{\"@type\":\"Organization\",\"@id\":\"https:\\\/\\\/polyexcel.com.br\\\/en\\\/#organization\",\"name\":\"Polyexcel Ind\u00fastria e Com\u00e9rcio de Compostos Polim\u00e9ricos Ltda\",\"url\":\"https:\\\/\\\/polyexcel.com.br\\\/en\\\/\",\"logo\":{\"@type\":\"ImageObject\",\"inLanguage\":\"en-US\",\"@id\":\"https:\\\/\\\/polyexcel.com.br\\\/en\\\/#\\\/schema\\\/logo\\\/image\\\/\",\"url\":\"https:\\\/\\\/polyexcel.com.br\\\/wp-content\\\/uploads\\\/2023\\\/01\\\/Logo-Polyexcel-Assinado-16x9SQ.png\",\"contentUrl\":\"https:\\\/\\\/polyexcel.com.br\\\/wp-content\\\/uploads\\\/2023\\\/01\\\/Logo-Polyexcel-Assinado-16x9SQ.png\",\"width\":1920,\"height\":1080,\"caption\":\"Polyexcel Ind\u00fastria e Com\u00e9rcio de Compostos Polim\u00e9ricos Ltda\"},\"image\":{\"@id\":\"https:\\\/\\\/polyexcel.com.br\\\/en\\\/#\\\/schema\\\/logo\\\/image\\\/\"},\"sameAs\":[\"https:\\\/\\\/www.facebook.com\\\/polyexcel\\\/\",\"https:\\\/\\\/www.instagram.com\\\/polyexcel\\\/\",\"https:\\\/\\\/www.linkedin.com\\\/company\\\/polyexcel\\\/\"]}]}<\/script>\n<!-- \/ Yoast SEO plugin. -->","yoast_head_json":{"title":"LDPE: polietileno de baixa densidade | Polyexcel","description":"O nosso composto utiliza o LDPE como base e aditiva negro de fumo. Assim, \u00e9 poss\u00edvel garantir resist\u00eancia \u00e0 fotodegrada\u00e7\u00e3o. Veja mais sobre o produto aqui!","robots":{"index":"index","follow":"follow","max-snippet":"max-snippet:-1","max-image-preview":"max-image-preview:large","max-video-preview":"max-video-preview:-1"},"canonical":"https:\/\/polyexcel.com.br\/en\/ldpe\/","og_locale":"en_US","og_type":"article","og_title":"LDPE: polietileno de baixa densidade | Polyexcel","og_description":"O nosso composto utiliza o LDPE como base e aditiva negro de fumo. Assim, \u00e9 poss\u00edvel garantir resist\u00eancia \u00e0 fotodegrada\u00e7\u00e3o. Veja mais sobre o produto aqui!","og_url":"https:\/\/polyexcel.com.br\/en\/ldpe\/","og_site_name":"Polyexcel","article_publisher":"https:\/\/www.facebook.com\/polyexcel\/","article_modified_time":"2023-02-13T19:52:23+00:00","og_image":[{"url":"https:\/\/polyexcel.com.br\/wp-content\/uploads\/2019\/09\/Produto-telecom-LLDPE-300x177.jpg","type":"","width":"","height":""}],"twitter_card":"summary_large_image","twitter_misc":{"Est. reading time":"2 minutes"},"schema":{"@context":"https:\/\/schema.org","@graph":[{"@type":"WebPage","@id":"https:\/\/polyexcel.com.br\/en\/ldpe\/","url":"https:\/\/polyexcel.com.br\/en\/ldpe\/","name":"LDPE: polietileno de baixa densidade | Polyexcel","isPartOf":{"@id":"https:\/\/polyexcel.com.br\/en\/#website"},"primaryImageOfPage":{"@id":"https:\/\/polyexcel.com.br\/en\/ldpe\/#primaryimage"},"image":{"@id":"https:\/\/polyexcel.com.br\/en\/ldpe\/#primaryimage"},"thumbnailUrl":"https:\/\/polyexcel.com.br\/wp-content\/uploads\/2019\/09\/Produto-telecom-LLDPE-300x177.jpg","datePublished":"2019-09-25T20:05:16+00:00","dateModified":"2023-02-13T19:52:23+00:00","description":"O nosso composto utiliza o LDPE como base e aditiva negro de fumo. Assim, \u00e9 poss\u00edvel garantir resist\u00eancia \u00e0 fotodegrada\u00e7\u00e3o. Veja mais sobre o produto aqui!","breadcrumb":{"@id":"https:\/\/polyexcel.com.br\/en\/ldpe\/#breadcrumb"},"inLanguage":"en-US","potentialAction":[{"@type":"ReadAction","target":["https:\/\/polyexcel.com.br\/en\/ldpe\/"]}]},{"@type":"ImageObject","inLanguage":"en-US","@id":"https:\/\/polyexcel.com.br\/en\/ldpe\/#primaryimage","url":"https:\/\/polyexcel.com.br\/wp-content\/uploads\/2019\/09\/Produto-telecom-LLDPE-300x177.jpg","contentUrl":"https:\/\/polyexcel.com.br\/wp-content\/uploads\/2019\/09\/Produto-telecom-LLDPE-300x177.jpg"},{"@type":"BreadcrumbList","@id":"https:\/\/polyexcel.com.br\/en\/ldpe\/#breadcrumb","itemListElement":[{"@type":"ListItem","position":1,"name":"Start","item":"https:\/\/polyexcel.com.br\/en\/"},{"@type":"ListItem","position":2,"name":"LDPE"}]},{"@type":"WebSite","@id":"https:\/\/polyexcel.com.br\/en\/#website","url":"https:\/\/polyexcel.com.br\/en\/","name":"Polyexcel","description":"","publisher":{"@id":"https:\/\/polyexcel.com.br\/en\/#organization"},"potentialAction":[{"@type":"SearchAction","target":{"@type":"EntryPoint","urlTemplate":"https:\/\/polyexcel.com.br\/en\/?s={search_term_string}"},"query-input":{"@type":"PropertyValueSpecification","valueRequired":true,"valueName":"search_term_string"}}],"inLanguage":"en-US"},{"@type":"Organization","@id":"https:\/\/polyexcel.com.br\/en\/#organization","name":"Polyexcel Ind\u00fastria e Com\u00e9rcio de Compostos Polim\u00e9ricos Ltda","url":"https:\/\/polyexcel.com.br\/en\/","logo":{"@type":"ImageObject","inLanguage":"en-US","@id":"https:\/\/polyexcel.com.br\/en\/#\/schema\/logo\/image\/","url":"https:\/\/polyexcel.com.br\/wp-content\/uploads\/2023\/01\/Logo-Polyexcel-Assinado-16x9SQ.png","contentUrl":"https:\/\/polyexcel.com.br\/wp-content\/uploads\/2023\/01\/Logo-Polyexcel-Assinado-16x9SQ.png","width":1920,"height":1080,"caption":"Polyexcel Ind\u00fastria e Com\u00e9rcio de Compostos Polim\u00e9ricos Ltda"},"image":{"@id":"https:\/\/polyexcel.com.br\/en\/#\/schema\/logo\/image\/"},"sameAs":["https:\/\/www.facebook.com\/polyexcel\/","https:\/\/www.instagram.com\/polyexcel\/","https:\/\/www.linkedin.com\/company\/polyexcel\/"]}]}},"_links":{"self":[{"href":"https:\/\/polyexcel.com.br\/en\/wp-json\/wp\/v2\/pages\/5969","targetHints":{"allow":["GET"]}}],"collection":[{"href":"https:\/\/polyexcel.com.br\/en\/wp-json\/wp\/v2\/pages"}],"about":[{"href":"https:\/\/polyexcel.com.br\/en\/wp-json\/wp\/v2\/types\/page"}],"author":[{"embeddable":true,"href":"https:\/\/polyexcel.com.br\/en\/wp-json\/wp\/v2\/users\/1"}],"replies":[{"embeddable":true,"href":"https:\/\/polyexcel.com.br\/en\/wp-json\/wp\/v2\/comments?post=5969"}],"version-history":[{"count":3,"href":"https:\/\/polyexcel.com.br\/en\/wp-json\/wp\/v2\/pages\/5969\/revisions"}],"predecessor-version":[{"id":11232,"href":"https:\/\/polyexcel.com.br\/en\/wp-json\/wp\/v2\/pages\/5969\/revisions\/11232"}],"wp:attachment":[{"href":"https:\/\/polyexcel.com.br\/en\/wp-json\/wp\/v2\/media?parent=5969"}],"curies":[{"name":"wp","href":"https:\/\/api.w.org\/{rel}","templated":true}]}}