{"id":5533,"date":"2019-09-17T16:04:19","date_gmt":"2019-09-17T19:04:19","guid":{"rendered":"https:\/\/polyexcel.com.br\/?page_id=5533"},"modified":"2023-01-02T18:43:07","modified_gmt":"2023-01-02T21:43:07","slug":"events","status":"publish","type":"page","link":"https:\/\/polyexcel.com.br\/es\/la-compania\/events\/","title":{"rendered":"Eventos"},"content":{"rendered":"<div class=\"wpb-content-wrapper\">[vc_row full_width=\u00bbstretch_row\u00bb equal_height=\u00bbyes\u00bb css=\u00bb.vc_custom_1566398229612{padding-top: 5% !important;padding-bottom: 5% !important;}\u00bb][vc_column cws_mobile_paddings=\u00bb25px 15px 0px 15px\u00bb css=\u00bb.vc_custom_1531803767223{padding-right: 50px !important;}\u00bb]<div class='cws_textmodule cws_vc_shortcode_module' id='cws_textmodule_69ea98fc1b836'><div class='cws_textmodule_wrapper add_divider'><div class='cws_textmodule_text text_align_left'><div class='cws_textmodule_titles display_block'><h2 class='cws_textmodule_title'>Wire South America<\/h2><\/div><div class='cws_textmodule_content'><div class='text_content_wrapper'><p>En 2022, Polyexcel celebr\u00f3 la 5\u00aa edici\u00f3n de la importante feria Wire South America, con un espacio para promover el encuentro y el di\u00e1logo con el sector de alambres y cables de Brasil y de toda Am\u00e9rica Latina. Adem\u00e1s de nuevos productos y nuevos socios internacionales, Polyexcel trajo su equipo al evento, reforzando una de las marcas de la empresa: la proximidad a sus clientes. La WSA se llev\u00f3 a cabo los d\u00edas 25, 26 y 27 de octubre.<\/p>\n<\/div><\/div><\/div><\/div><\/div>[vc_images_carousel images=\u00bb10922,10925,10928,10931,10934,10937,10940&#8243; img_size=\u00bbfull\u00bb slides_per_view=\u00bb4&#8243; hide_pagination_control=\u00bbyes\u00bb][\/vc_column][\/vc_row][vc_row full_width=\u00bbstretch_row\u00bb equal_height=\u00bbyes\u00bb disable_element=\u00bbyes\u00bb css=\u00bb.vc_custom_1672694976347{padding-top: 5% !important;padding-bottom: 5% !important;}\u00bb][vc_column cws_mobile_paddings=\u00bb25px 15px 0px 15px\u00bb css=\u00bb.vc_custom_1531803767223{padding-right: 50px !important;}\u00bb]<div class='cws_textmodule cws_vc_shortcode_module' id='cws_textmodule_69ea98fc1ba68'><div class='cws_textmodule_wrapper add_divider'><div class='cws_textmodule_text text_align_left'><div class='cws_textmodule_titles display_block'><h2 class='cws_textmodule_title'>Wire South America<\/h2><\/div><div class='cws_textmodule_content'><div class='text_content_wrapper'><p>En 2017, Polyexcel particip\u00f3 en Wire South America. El \u00fanico evento en Am\u00e9rica Latina que re\u00fane a todas las \u00faltimas tecnolog\u00edas, productos y servicios en la fabricaci\u00f3n y procesamiento de cables y alambres.<\/p>\n<p>En 2019, la empresa volver\u00e1 a participar en el evento que cuenta con expositores y compradores de todas las partes de la cadena de producci\u00f3n.<\/p>\n<\/div><\/div><\/div><\/div><\/div>[vc_images_carousel images=\u00bb5536,5537,5538,5539,5540,5541,5542,5543,5544,5545&#8243; img_size=\u00bbfull\u00bb slides_per_view=\u00bb4&#8243; hide_pagination_control=\u00bbyes\u00bb][\/vc_column][\/vc_row]\n<\/div>","protected":false},"excerpt":{"rendered":"<p>[vc_row full_width=\u00bbstretch_row\u00bb equal_height=\u00bbyes\u00bb css=\u00bb.vc_custom_1566398229612{padding-top: 5% !important;padding-bottom: 5% !important;}\u00bb][vc_column cws_mobile_paddings=\u00bb25px 15px 0px 15px\u00bb css=\u00bb.vc_custom_1531803767223{padding-right: 50px !important;}\u00bb][vc_images_carousel images=\u00bb10922,10925,10928,10931,10934,10937,10940&#8243; img_size=\u00bbfull\u00bb slides_per_view=\u00bb4&#8243; hide_pagination_control=\u00bbyes\u00bb][\/vc_column][\/vc_row][vc_row full_width=\u00bbstretch_row\u00bb equal_height=\u00bbyes\u00bb disable_element=\u00bbyes\u00bb css=\u00bb.vc_custom_1672694976347{padding-top: 5% !important;padding-bottom: 5% !important;}\u00bb][vc_column cws_mobile_paddings=\u00bb25px 15px 0px 15px\u00bb css=\u00bb.vc_custom_1531803767223{padding-right: 50px !important;}\u00bb][vc_images_carousel images=\u00bb5536,5537,5538,5539,5540,5541,5542,5543,5544,5545&#8243; img_size=\u00bbfull\u00bb slides_per_view=\u00bb4&#8243; hide_pagination_control=\u00bbyes\u00bb][\/vc_column][\/vc_row]<\/p>\n","protected":false},"author":1,"featured_media":0,"parent":5625,"menu_order":0,"comment_status":"closed","ping_status":"open","template":"","meta":{"footnotes":""},"class_list":["post-5533","page","type-page","status-publish","hentry"],"yoast_head":"<!-- This site is optimized with the Yoast SEO plugin v27.4 - https:\/\/yoast.com\/product\/yoast-seo-wordpress\/ -->\n<title>Vea a los eventos que hicimos parte | Polyexcel<\/title>\n<meta name=\"description\" content=\"Con una expertise de qui\u00e9n conoce los compuestos polim\u00e9ricos, la Polyexcel participa de grandes eventos alrededor del mundo \u00a1Eche un vistazo!\" \/>\n<meta name=\"robots\" content=\"index, follow, max-snippet:-1, max-image-preview:large, max-video-preview:-1\" \/>\n<link rel=\"canonical\" href=\"https:\/\/polyexcel.com.br\/es\/la-compania\/events\/\" \/>\n<meta property=\"og:locale\" content=\"es_ES\" \/>\n<meta property=\"og:type\" content=\"article\" \/>\n<meta property=\"og:title\" content=\"Vea a los eventos que hicimos parte | Polyexcel\" \/>\n<meta property=\"og:description\" content=\"Con una expertise de qui\u00e9n conoce los compuestos polim\u00e9ricos, la Polyexcel participa de grandes eventos alrededor del mundo \u00a1Eche un vistazo!\" \/>\n<meta property=\"og:url\" content=\"https:\/\/polyexcel.com.br\/es\/la-compania\/events\/\" \/>\n<meta property=\"og:site_name\" content=\"Polyexcel\" \/>\n<meta property=\"article:publisher\" content=\"https:\/\/www.facebook.com\/polyexcel\/\" \/>\n<meta property=\"article:modified_time\" content=\"2023-01-02T21:43:07+00:00\" \/>\n<meta name=\"twitter:card\" content=\"summary_large_image\" \/>\n<meta name=\"twitter:label1\" content=\"Tiempo de lectura\" \/>\n\t<meta name=\"twitter:data1\" content=\"1 minuto\" \/>\n<script type=\"application\/ld+json\" class=\"yoast-schema-graph\">{\"@context\":\"https:\\\/\\\/schema.org\",\"@graph\":[{\"@type\":\"WebPage\",\"@id\":\"https:\\\/\\\/polyexcel.com.br\\\/es\\\/la-compania\\\/events\\\/\",\"url\":\"https:\\\/\\\/polyexcel.com.br\\\/es\\\/la-compania\\\/events\\\/\",\"name\":\"Vea a los eventos que hicimos parte | Polyexcel\",\"isPartOf\":{\"@id\":\"https:\\\/\\\/polyexcel.com.br\\\/es\\\/#website\"},\"datePublished\":\"2019-09-17T19:04:19+00:00\",\"dateModified\":\"2023-01-02T21:43:07+00:00\",\"description\":\"Con una expertise de qui\u00e9n conoce los compuestos polim\u00e9ricos, la Polyexcel participa de grandes eventos alrededor del mundo \u00a1Eche un vistazo!\",\"breadcrumb\":{\"@id\":\"https:\\\/\\\/polyexcel.com.br\\\/es\\\/la-compania\\\/events\\\/#breadcrumb\"},\"inLanguage\":\"es\",\"potentialAction\":[{\"@type\":\"ReadAction\",\"target\":[\"https:\\\/\\\/polyexcel.com.br\\\/es\\\/la-compania\\\/events\\\/\"]}]},{\"@type\":\"BreadcrumbList\",\"@id\":\"https:\\\/\\\/polyexcel.com.br\\\/es\\\/la-compania\\\/events\\\/#breadcrumb\",\"itemListElement\":[{\"@type\":\"ListItem\",\"position\":1,\"name\":\"comienzo\",\"item\":\"https:\\\/\\\/polyexcel.com.br\\\/es\\\/\"},{\"@type\":\"ListItem\",\"position\":2,\"name\":\"La Compa\u00f1\u00eda\",\"item\":\"https:\\\/\\\/polyexcel.com.br\\\/es\\\/la-compania\\\/\"},{\"@type\":\"ListItem\",\"position\":3,\"name\":\"Eventos\"}]},{\"@type\":\"WebSite\",\"@id\":\"https:\\\/\\\/polyexcel.com.br\\\/es\\\/#website\",\"url\":\"https:\\\/\\\/polyexcel.com.br\\\/es\\\/\",\"name\":\"Polyexcel\",\"description\":\"\",\"publisher\":{\"@id\":\"https:\\\/\\\/polyexcel.com.br\\\/es\\\/#organization\"},\"potentialAction\":[{\"@type\":\"SearchAction\",\"target\":{\"@type\":\"EntryPoint\",\"urlTemplate\":\"https:\\\/\\\/polyexcel.com.br\\\/es\\\/?s={search_term_string}\"},\"query-input\":{\"@type\":\"PropertyValueSpecification\",\"valueRequired\":true,\"valueName\":\"search_term_string\"}}],\"inLanguage\":\"es\"},{\"@type\":\"Organization\",\"@id\":\"https:\\\/\\\/polyexcel.com.br\\\/es\\\/#organization\",\"name\":\"Polyexcel Ind\u00fastria e Com\u00e9rcio de Compostos Polim\u00e9ricos Ltda\",\"url\":\"https:\\\/\\\/polyexcel.com.br\\\/es\\\/\",\"logo\":{\"@type\":\"ImageObject\",\"inLanguage\":\"es\",\"@id\":\"https:\\\/\\\/polyexcel.com.br\\\/es\\\/#\\\/schema\\\/logo\\\/image\\\/\",\"url\":\"https:\\\/\\\/polyexcel.com.br\\\/wp-content\\\/uploads\\\/2023\\\/01\\\/Logo-Polyexcel-Assinado-16x9SQ.png\",\"contentUrl\":\"https:\\\/\\\/polyexcel.com.br\\\/wp-content\\\/uploads\\\/2023\\\/01\\\/Logo-Polyexcel-Assinado-16x9SQ.png\",\"width\":1920,\"height\":1080,\"caption\":\"Polyexcel Ind\u00fastria e Com\u00e9rcio de Compostos Polim\u00e9ricos Ltda\"},\"image\":{\"@id\":\"https:\\\/\\\/polyexcel.com.br\\\/es\\\/#\\\/schema\\\/logo\\\/image\\\/\"},\"sameAs\":[\"https:\\\/\\\/www.facebook.com\\\/polyexcel\\\/\",\"https:\\\/\\\/www.instagram.com\\\/polyexcel\\\/\",\"https:\\\/\\\/www.linkedin.com\\\/company\\\/polyexcel\\\/\"]}]}<\/script>\n<!-- \/ Yoast SEO plugin. -->","yoast_head_json":{"title":"Vea a los eventos que hicimos parte | Polyexcel","description":"Con una expertise de qui\u00e9n conoce los compuestos polim\u00e9ricos, la Polyexcel participa de grandes eventos alrededor del mundo \u00a1Eche un vistazo!","robots":{"index":"index","follow":"follow","max-snippet":"max-snippet:-1","max-image-preview":"max-image-preview:large","max-video-preview":"max-video-preview:-1"},"canonical":"https:\/\/polyexcel.com.br\/es\/la-compania\/events\/","og_locale":"es_ES","og_type":"article","og_title":"Vea a los eventos que hicimos parte | Polyexcel","og_description":"Con una expertise de qui\u00e9n conoce los compuestos polim\u00e9ricos, la Polyexcel participa de grandes eventos alrededor del mundo \u00a1Eche un vistazo!","og_url":"https:\/\/polyexcel.com.br\/es\/la-compania\/events\/","og_site_name":"Polyexcel","article_publisher":"https:\/\/www.facebook.com\/polyexcel\/","article_modified_time":"2023-01-02T21:43:07+00:00","twitter_card":"summary_large_image","twitter_misc":{"Tiempo de lectura":"1 minuto"},"schema":{"@context":"https:\/\/schema.org","@graph":[{"@type":"WebPage","@id":"https:\/\/polyexcel.com.br\/es\/la-compania\/events\/","url":"https:\/\/polyexcel.com.br\/es\/la-compania\/events\/","name":"Vea a los eventos que hicimos parte | Polyexcel","isPartOf":{"@id":"https:\/\/polyexcel.com.br\/es\/#website"},"datePublished":"2019-09-17T19:04:19+00:00","dateModified":"2023-01-02T21:43:07+00:00","description":"Con una expertise de qui\u00e9n conoce los compuestos polim\u00e9ricos, la Polyexcel participa de grandes eventos alrededor del mundo \u00a1Eche un vistazo!","breadcrumb":{"@id":"https:\/\/polyexcel.com.br\/es\/la-compania\/events\/#breadcrumb"},"inLanguage":"es","potentialAction":[{"@type":"ReadAction","target":["https:\/\/polyexcel.com.br\/es\/la-compania\/events\/"]}]},{"@type":"BreadcrumbList","@id":"https:\/\/polyexcel.com.br\/es\/la-compania\/events\/#breadcrumb","itemListElement":[{"@type":"ListItem","position":1,"name":"comienzo","item":"https:\/\/polyexcel.com.br\/es\/"},{"@type":"ListItem","position":2,"name":"La Compa\u00f1\u00eda","item":"https:\/\/polyexcel.com.br\/es\/la-compania\/"},{"@type":"ListItem","position":3,"name":"Eventos"}]},{"@type":"WebSite","@id":"https:\/\/polyexcel.com.br\/es\/#website","url":"https:\/\/polyexcel.com.br\/es\/","name":"Polyexcel","description":"","publisher":{"@id":"https:\/\/polyexcel.com.br\/es\/#organization"},"potentialAction":[{"@type":"SearchAction","target":{"@type":"EntryPoint","urlTemplate":"https:\/\/polyexcel.com.br\/es\/?s={search_term_string}"},"query-input":{"@type":"PropertyValueSpecification","valueRequired":true,"valueName":"search_term_string"}}],"inLanguage":"es"},{"@type":"Organization","@id":"https:\/\/polyexcel.com.br\/es\/#organization","name":"Polyexcel Ind\u00fastria e Com\u00e9rcio de Compostos Polim\u00e9ricos Ltda","url":"https:\/\/polyexcel.com.br\/es\/","logo":{"@type":"ImageObject","inLanguage":"es","@id":"https:\/\/polyexcel.com.br\/es\/#\/schema\/logo\/image\/","url":"https:\/\/polyexcel.com.br\/wp-content\/uploads\/2023\/01\/Logo-Polyexcel-Assinado-16x9SQ.png","contentUrl":"https:\/\/polyexcel.com.br\/wp-content\/uploads\/2023\/01\/Logo-Polyexcel-Assinado-16x9SQ.png","width":1920,"height":1080,"caption":"Polyexcel Ind\u00fastria e Com\u00e9rcio de Compostos Polim\u00e9ricos Ltda"},"image":{"@id":"https:\/\/polyexcel.com.br\/es\/#\/schema\/logo\/image\/"},"sameAs":["https:\/\/www.facebook.com\/polyexcel\/","https:\/\/www.instagram.com\/polyexcel\/","https:\/\/www.linkedin.com\/company\/polyexcel\/"]}]}},"_links":{"self":[{"href":"https:\/\/polyexcel.com.br\/es\/wp-json\/wp\/v2\/pages\/5533","targetHints":{"allow":["GET"]}}],"collection":[{"href":"https:\/\/polyexcel.com.br\/es\/wp-json\/wp\/v2\/pages"}],"about":[{"href":"https:\/\/polyexcel.com.br\/es\/wp-json\/wp\/v2\/types\/page"}],"author":[{"embeddable":true,"href":"https:\/\/polyexcel.com.br\/es\/wp-json\/wp\/v2\/users\/1"}],"replies":[{"embeddable":true,"href":"https:\/\/polyexcel.com.br\/es\/wp-json\/wp\/v2\/comments?post=5533"}],"version-history":[{"count":2,"href":"https:\/\/polyexcel.com.br\/es\/wp-json\/wp\/v2\/pages\/5533\/revisions"}],"predecessor-version":[{"id":10945,"href":"https:\/\/polyexcel.com.br\/es\/wp-json\/wp\/v2\/pages\/5533\/revisions\/10945"}],"up":[{"embeddable":true,"href":"https:\/\/polyexcel.com.br\/es\/wp-json\/wp\/v2\/pages\/5625"}],"wp:attachment":[{"href":"https:\/\/polyexcel.com.br\/es\/wp-json\/wp\/v2\/media?parent=5533"}],"curies":[{"name":"wp","href":"https:\/\/api.w.org\/{rel}","templated":true}]}}