{"id":5645,"date":"2019-09-18T16:52:24","date_gmt":"2019-09-18T19:52:24","guid":{"rendered":"https:\/\/polyexcel.com.br\/?page_id=5645"},"modified":"2023-02-13T16:36:48","modified_gmt":"2023-02-13T19:36:48","slug":"telecomunicaciones","status":"publish","type":"page","link":"https:\/\/polyexcel.com.br\/es\/telecomunicaciones\/","title":{"rendered":"Telecomunicaciones"},"content":{"rendered":"<div class=\"wpb-content-wrapper\">[vc_row css=\u00bb.vc_custom_1566588326240{margin-top: 5% !important;margin-bottom: 5% !important;}\u00bb][vc_column width=\u00bb1\/2&#8243;][vc_column_text]El campo de la <b>tecnolog\u00eda de telecomunicaciones<\/b> es amplio y su objetivo principal es satisfacer las necesidades de los que necesitan comunicarse a distancia. Forma parte de la ingenier\u00eda el\u00e9ctrica e incluye un proyecto completo, desde la implantaci\u00f3n, mantenimiento y control de redes de sistemas de comunicaci\u00f3n.<\/p>\n<p>Las informaciones se convierten en se\u00f1ales el\u00e9ctricas (voltajes el\u00e9ctricos) temporalmente. Esto se hace para que pueda viajar a trav\u00e9s del sistema hasta llegar al destino. All\u00ed, estas se\u00f1ales son convertidas en informaci\u00f3n inteligible por el destinatario.<\/p>\n<p>Este transporte puede hacerse por cables met\u00e1licos o fibra \u00f3ptica. El primer formato lleva las informaciones de forma anal\u00f3gica, mientras que la fibra \u00f3ptica lleva la informaci\u00f3n en forma de energ\u00eda luminosa.[\/vc_column_text][\/vc_column][vc_column width=\u00bb1\/2&#8243;][vc_single_image image=\u00bb5647&#8243; img_size=\u00bblarge\u00bb alignment=\u00bbcenter\u00bb onclick=\u00bblink_image\u00bb][\/vc_column][\/vc_row][vc_row css=\u00bb.vc_custom_1566588326240{margin-top: 5% !important;margin-bottom: 5% !important;}\u00bb][vc_column][vc_column_text]Adem\u00e1s, los <b>cables de telecomunicaciones <\/b>pueden ser internos o externos y cada uno tiene sus propias especificidades. Y tambi\u00e9n cuentan con un sistema de codificaci\u00f3n de colores para combinarlos entre s\u00ed.<\/p>\n<p>Estos cables de telecomunicaciones necesitan el aislamiento correcto y los compuestos polim\u00e9ricos Polyexcel ayudan con esto. Nuestros compuestos son termopl\u00e1sticos, ign\u00edfugos y libres de hal\u00f3genos. Vea cu\u00e1l se adapta mejor a su cable espec\u00edficamente. Despu\u00e9s de todo, para cada situaci\u00f3n, se requieren propiedades espec\u00edficas.[\/vc_column_text][\/vc_column][\/vc_row][vc_section][vc_row full_width=\u00bbstretch_row\u00bb equal_height=\u00bbyes\u00bb bg_cws_repeat=\u00bbno-repeat\u00bb bg_cws_size=\u00bbcover\u00bb bg_image_position=\u00bbcenter_center\u00bb bg_cws_color=\u00bbcolor\u00bb cws_overlay_color=\u00bbrgba(29,45,70,0.85)\u00bb css=\u00bb.vc_custom_1676309477107{background-image: url(https:\/\/polyexcel.com.br\/wp-content\/uploads\/2019\/08\/banner-empresa.jpg?id=4220) !important;}\u00bb][vc_column width=\u00bb1\/6&#8243;][\/vc_column][vc_column width=\u00bb2\/3&#8243;][vc_empty_space height=\u00bb30px\u00bb][vc_column_text el_class=\u00bbbranco\u00bb]\n<p style=\"text-align: center;\"><strong>Haga un presupuesto con Polyexcel ahora mismo!<\/strong><\/p>\n[\/vc_column_text][vc_empty_space height=\u00bb30px\u00bb][vc_row_inner css=\u00bb.vc_custom_1676309380972{background-color: #ffffff !important;}\u00bb][vc_column_inner]<div class=\"wpforms-container wpforms-container-full\" id=\"wpforms-11082\"><form id=\"wpforms-form-11082\" class=\"wpforms-validate wpforms-form wpforms-ajax-form\" data-formid=\"11082\" method=\"post\" enctype=\"multipart\/form-data\" action=\"\/es\/wp-json\/wp\/v2\/pages\/5645\" data-token=\"b7a0b90d61f49604daec2d2f2d30ddf6\" data-token-time=\"1776978588\"><noscript class=\"wpforms-error-noscript\">Por favor, activa JavaScript en tu navegador para completar este formulario.<\/noscript><div class=\"wpforms-field-container\"><div id=\"wpforms-11082-field_1-container\" class=\"wpforms-field wpforms-field-name\" data-field-id=\"1\"><label class=\"wpforms-field-label\" for=\"wpforms-11082-field_1\">Nombre <span class=\"wpforms-required-label\">*<\/span><\/label><input type=\"text\" id=\"wpforms-11082-field_1\" class=\"wpforms-field-large wpforms-field-required\" name=\"wpforms[fields][1]\" required><\/div><div id=\"wpforms-11082-field_2-container\" class=\"wpforms-field wpforms-field-email wpforms-one-half wpforms-first\" data-field-id=\"2\"><label class=\"wpforms-field-label\" for=\"wpforms-11082-field_2\">E-mail <span class=\"wpforms-required-label\">*<\/span><\/label><input type=\"email\" id=\"wpforms-11082-field_2\" class=\"wpforms-field-large wpforms-field-required\" name=\"wpforms[fields][2]\" spellcheck=\"false\" required><\/div><div id=\"wpforms-11082-field_4-container\" class=\"wpforms-field wpforms-field-text wpforms-one-half\" data-field-id=\"4\"><label class=\"wpforms-field-label\" for=\"wpforms-11082-field_4\">Tel\u00e9fono <span class=\"wpforms-required-label\">*<\/span><\/label><input type=\"text\" id=\"wpforms-11082-field_4\" class=\"wpforms-field-large wpforms-field-required wpforms-masked-input\" data-rule-inputmask-incomplete=\"1\" data-inputmask-mask=\"99 9999-9999[9]\" name=\"wpforms[fields][4]\" required><\/div><div id=\"wpforms-11082-field_5-container\" class=\"wpforms-field wpforms-field-text wpforms-one-half wpforms-first\" data-field-id=\"5\"><label class=\"wpforms-field-label\" for=\"wpforms-11082-field_5\">Empresa <span class=\"wpforms-required-label\">*<\/span><\/label><input type=\"text\" id=\"wpforms-11082-field_5\" class=\"wpforms-field-large wpforms-field-required\" name=\"wpforms[fields][5]\" required><\/div><div id=\"wpforms-11082-field_6-container\" class=\"wpforms-field wpforms-field-select wpforms-one-half wpforms-field-select-style-classic\" data-field-id=\"6\"><label class=\"wpforms-field-label\" for=\"wpforms-11082-field_6\">Seguimiento <span class=\"wpforms-required-label\">*<\/span><\/label><select id=\"wpforms-11082-field_6\" class=\"wpforms-field-large wpforms-field-required\" name=\"wpforms[fields][6]\" required=\"required\"><option value=\"\" class=\"placeholder\" disabled  selected='selected'>Elige...<\/option><option value=\"Energ\u00eda\"  class=\"choice-1 depth-1\"  >Energ\u00eda<\/option><option value=\"Telecomunicaciones\"  class=\"choice-2 depth-1\"  >Telecomunicaciones<\/option><option value=\"Industria\"  class=\"choice-3 depth-1\"  >Industria<\/option><option value=\"Otros\"  class=\"choice-4 depth-1\"  >Otros<\/option><\/select><\/div><div id=\"wpforms-11082-field_8-container\" class=\"wpforms-field wpforms-field-textarea\" data-field-id=\"8\"><label class=\"wpforms-field-label\" for=\"wpforms-11082-field_8\">Mensage <span class=\"wpforms-required-label\">*<\/span><\/label><textarea id=\"wpforms-11082-field_8\" class=\"wpforms-field-large wpforms-field-required wpforms-limit-characters-enabled\" data-form-id=\"11082\" data-field-id=\"8\" data-text-limit=\"500\" name=\"wpforms[fields][8]\" maxlength=\"500\" required><\/textarea><\/div><\/div><!-- .wpforms-field-container --><div class=\"wpforms-recaptcha-container wpforms-is-recaptcha wpforms-is-recaptcha-type-invisible\" ><div class=\"g-recaptcha\" data-sitekey=\"6Lf6VR4hAAAAAI4iWo7J_9g7pcd-JgbSp3XVwI3s\" data-size=\"invisible\"><\/div><\/div><div class=\"wpforms-submit-container\" ><input type=\"hidden\" name=\"wpforms[id]\" value=\"11082\"><input type=\"hidden\" name=\"page_title\" value=\"\"><input type=\"hidden\" name=\"page_url\" value=\"https:\/\/polyexcel.com.br\/es\/wp-json\/wp\/v2\/pages\/5645\"><input type=\"hidden\" name=\"url_referer\" value=\"\"><button type=\"submit\" name=\"wpforms[submit]\" id=\"wpforms-submit-11082\" class=\"wpforms-submit\" data-alt-text=\"Enviando...\" data-submit-text=\"Enviar\" aria-live=\"assertive\" value=\"wpforms-submit\">Enviar<\/button><img loading=\"lazy\" decoding=\"async\" src=\"https:\/\/polyexcel.com.br\/wp-content\/plugins\/wpforms-lite\/assets\/images\/submit-spin.svg\" class=\"wpforms-submit-spinner\" style=\"display: none;\" width=\"26\" height=\"26\" alt=\"Cargando\"><\/div><\/form><\/div>  <!-- .wpforms-container -->[\/vc_column_inner][\/vc_row_inner][vc_empty_space height=\u00bb30px\u00bb][\/vc_column][vc_column width=\u00bb1\/6&#8243;][\/vc_column][\/vc_row][\/vc_section]\n<\/div>","protected":false},"excerpt":{"rendered":"<p>[vc_row css=\u00bb.vc_custom_1566588326240{margin-top: 5% !important;margin-bottom: 5% !important;}\u00bb][vc_column width=\u00bb1\/2&#8243;][vc_column_text]El campo de la tecnolog\u00eda de telecomunicaciones es amplio y su objetivo principal es satisfacer las necesidades de los que necesitan comunicarse a distancia. Forma parte de la ingenier\u00eda el\u00e9ctrica e incluye un proyecto completo, desde la implantaci\u00f3n, mantenimiento y control de redes de sistemas de comunicaci\u00f3n. Las informaciones se convierten en se\u00f1ales el\u00e9ctricas (voltajes el\u00e9ctricos) temporalmente. Esto se hace para que pueda viajar a trav\u00e9s del sistema hasta llegar al destino. All\u00ed, estas se\u00f1ales son convertidas en informaci\u00f3n inteligible por el destinatario. Este transporte puede hacerse por cables met\u00e1licos o fibra \u00f3ptica. El primer formato lleva las informaciones de forma anal\u00f3gica, mientras que la fibra \u00f3ptica lleva la informaci\u00f3n en forma de energ\u00eda luminosa.[\/vc_column_text][\/vc_column][vc_column width=\u00bb1\/2&#8243;][vc_single_image image=\u00bb5647&#8243; img_size=\u00bblarge\u00bb alignment=\u00bbcenter\u00bb onclick=\u00bblink_image\u00bb][\/vc_column][\/vc_row][vc_row css=\u00bb.vc_custom_1566588326240{margin-top: 5% !important;margin-bottom: 5% !important;}\u00bb][vc_column][vc_column_text]Adem\u00e1s, los cables de telecomunicaciones pueden ser internos o externos y cada uno tiene sus propias especificidades. Y tambi\u00e9n cuentan con un sistema de codificaci\u00f3n de colores para combinarlos entre s\u00ed. Estos cables de telecomunicaciones necesitan el aislamiento correcto y los compuestos polim\u00e9ricos Polyexcel ayudan con esto. Nuestros compuestos son termopl\u00e1sticos, ign\u00edfugos y libres de hal\u00f3genos. Vea cu\u00e1l se adapta mejor a su cable espec\u00edficamente. Despu\u00e9s de todo, para cada situaci\u00f3n, se requieren propiedades espec\u00edficas.[\/vc_column_text][\/vc_column][\/vc_row][vc_section][vc_row full_width=\u00bbstretch_row\u00bb equal_height=\u00bbyes\u00bb bg_cws_repeat=\u00bbno-repeat\u00bb bg_cws_size=\u00bbcover\u00bb bg_image_position=\u00bbcenter_center\u00bb bg_cws_color=\u00bbcolor\u00bb cws_overlay_color=\u00bbrgba(29,45,70,0.85)\u00bb css=\u00bb.vc_custom_1676309477107{background-image: url(https:\/\/polyexcel.com.br\/wp-content\/uploads\/2019\/08\/banner-empresa.jpg?id=4220) !important;}\u00bb][vc_column width=\u00bb1\/6&#8243;][\/vc_column][vc_column width=\u00bb2\/3&#8243;][vc_empty_space height=\u00bb30px\u00bb][vc_column_text el_class=\u00bbbranco\u00bb] Haga un presupuesto con Polyexcel ahora mismo! [\/vc_column_text][vc_empty_space height=\u00bb30px\u00bb][vc_row_inner css=\u00bb.vc_custom_1676309380972{background-color: #ffffff !important;}\u00bb][vc_column_inner][\/vc_column_inner][\/vc_row_inner][vc_empty_space height=\u00bb30px\u00bb][\/vc_column][vc_column width=\u00bb1\/6&#8243;][\/vc_column][\/vc_row][\/vc_section]<\/p>\n","protected":false},"author":1,"featured_media":0,"parent":0,"menu_order":0,"comment_status":"closed","ping_status":"closed","template":"","meta":{"footnotes":""},"class_list":["post-5645","page","type-page","status-publish","hentry"],"yoast_head":"<!-- This site is optimized with the Yoast SEO plugin v27.4 - https:\/\/yoast.com\/product\/yoast-seo-wordpress\/ -->\n<title>Telecomunicaciones: vea los compuestos polim\u00e9ricos | Polyexcel<\/title>\n<meta name=\"description\" content=\"Clic aqu\u00ed y conozca uno de los campos de actuaci\u00f3n de Polyexcel. Aqu\u00ed usted podr\u00e1 entender m\u00e1s sobre los pol\u00edmeros y lo que hacemos\" \/>\n<meta name=\"robots\" content=\"index, follow, max-snippet:-1, max-image-preview:large, max-video-preview:-1\" \/>\n<link rel=\"canonical\" href=\"https:\/\/polyexcel.com.br\/es\/telecomunicaciones\/\" \/>\n<meta property=\"og:locale\" content=\"es_ES\" \/>\n<meta property=\"og:type\" content=\"article\" \/>\n<meta property=\"og:title\" content=\"Telecomunicaciones: vea los compuestos polim\u00e9ricos | Polyexcel\" \/>\n<meta property=\"og:description\" content=\"Clic aqu\u00ed y conozca uno de los campos de actuaci\u00f3n de Polyexcel. Aqu\u00ed usted podr\u00e1 entender m\u00e1s sobre los pol\u00edmeros y lo que hacemos\" \/>\n<meta property=\"og:url\" content=\"https:\/\/polyexcel.com.br\/es\/telecomunicaciones\/\" \/>\n<meta property=\"og:site_name\" content=\"Polyexcel\" \/>\n<meta property=\"article:publisher\" content=\"https:\/\/www.facebook.com\/polyexcel\/\" \/>\n<meta property=\"article:modified_time\" content=\"2023-02-13T19:36:48+00:00\" \/>\n<meta name=\"twitter:card\" content=\"summary_large_image\" \/>\n<meta name=\"twitter:label1\" content=\"Tiempo de lectura\" \/>\n\t<meta name=\"twitter:data1\" content=\"2 minutos\" \/>\n<script type=\"application\/ld+json\" class=\"yoast-schema-graph\">{\"@context\":\"https:\\\/\\\/schema.org\",\"@graph\":[{\"@type\":\"WebPage\",\"@id\":\"https:\\\/\\\/polyexcel.com.br\\\/es\\\/telecomunicaciones\\\/\",\"url\":\"https:\\\/\\\/polyexcel.com.br\\\/es\\\/telecomunicaciones\\\/\",\"name\":\"Telecomunicaciones: vea los compuestos polim\u00e9ricos | Polyexcel\",\"isPartOf\":{\"@id\":\"https:\\\/\\\/polyexcel.com.br\\\/es\\\/#website\"},\"datePublished\":\"2019-09-18T19:52:24+00:00\",\"dateModified\":\"2023-02-13T19:36:48+00:00\",\"description\":\"Clic aqu\u00ed y conozca uno de los campos de actuaci\u00f3n de Polyexcel. Aqu\u00ed usted podr\u00e1 entender m\u00e1s sobre los pol\u00edmeros y lo que hacemos\",\"breadcrumb\":{\"@id\":\"https:\\\/\\\/polyexcel.com.br\\\/es\\\/telecomunicaciones\\\/#breadcrumb\"},\"inLanguage\":\"es\",\"potentialAction\":[{\"@type\":\"ReadAction\",\"target\":[\"https:\\\/\\\/polyexcel.com.br\\\/es\\\/telecomunicaciones\\\/\"]}]},{\"@type\":\"BreadcrumbList\",\"@id\":\"https:\\\/\\\/polyexcel.com.br\\\/es\\\/telecomunicaciones\\\/#breadcrumb\",\"itemListElement\":[{\"@type\":\"ListItem\",\"position\":1,\"name\":\"comienzo\",\"item\":\"https:\\\/\\\/polyexcel.com.br\\\/es\\\/\"},{\"@type\":\"ListItem\",\"position\":2,\"name\":\"Telecomunicaciones\"}]},{\"@type\":\"WebSite\",\"@id\":\"https:\\\/\\\/polyexcel.com.br\\\/es\\\/#website\",\"url\":\"https:\\\/\\\/polyexcel.com.br\\\/es\\\/\",\"name\":\"Polyexcel\",\"description\":\"\",\"publisher\":{\"@id\":\"https:\\\/\\\/polyexcel.com.br\\\/es\\\/#organization\"},\"potentialAction\":[{\"@type\":\"SearchAction\",\"target\":{\"@type\":\"EntryPoint\",\"urlTemplate\":\"https:\\\/\\\/polyexcel.com.br\\\/es\\\/?s={search_term_string}\"},\"query-input\":{\"@type\":\"PropertyValueSpecification\",\"valueRequired\":true,\"valueName\":\"search_term_string\"}}],\"inLanguage\":\"es\"},{\"@type\":\"Organization\",\"@id\":\"https:\\\/\\\/polyexcel.com.br\\\/es\\\/#organization\",\"name\":\"Polyexcel Ind\u00fastria e Com\u00e9rcio de Compostos Polim\u00e9ricos Ltda\",\"url\":\"https:\\\/\\\/polyexcel.com.br\\\/es\\\/\",\"logo\":{\"@type\":\"ImageObject\",\"inLanguage\":\"es\",\"@id\":\"https:\\\/\\\/polyexcel.com.br\\\/es\\\/#\\\/schema\\\/logo\\\/image\\\/\",\"url\":\"https:\\\/\\\/polyexcel.com.br\\\/wp-content\\\/uploads\\\/2023\\\/01\\\/Logo-Polyexcel-Assinado-16x9SQ.png\",\"contentUrl\":\"https:\\\/\\\/polyexcel.com.br\\\/wp-content\\\/uploads\\\/2023\\\/01\\\/Logo-Polyexcel-Assinado-16x9SQ.png\",\"width\":1920,\"height\":1080,\"caption\":\"Polyexcel Ind\u00fastria e Com\u00e9rcio de Compostos Polim\u00e9ricos Ltda\"},\"image\":{\"@id\":\"https:\\\/\\\/polyexcel.com.br\\\/es\\\/#\\\/schema\\\/logo\\\/image\\\/\"},\"sameAs\":[\"https:\\\/\\\/www.facebook.com\\\/polyexcel\\\/\",\"https:\\\/\\\/www.instagram.com\\\/polyexcel\\\/\",\"https:\\\/\\\/www.linkedin.com\\\/company\\\/polyexcel\\\/\"]}]}<\/script>\n<!-- \/ Yoast SEO plugin. -->","yoast_head_json":{"title":"Telecomunicaciones: vea los compuestos polim\u00e9ricos | Polyexcel","description":"Clic aqu\u00ed y conozca uno de los campos de actuaci\u00f3n de Polyexcel. Aqu\u00ed usted podr\u00e1 entender m\u00e1s sobre los pol\u00edmeros y lo que hacemos","robots":{"index":"index","follow":"follow","max-snippet":"max-snippet:-1","max-image-preview":"max-image-preview:large","max-video-preview":"max-video-preview:-1"},"canonical":"https:\/\/polyexcel.com.br\/es\/telecomunicaciones\/","og_locale":"es_ES","og_type":"article","og_title":"Telecomunicaciones: vea los compuestos polim\u00e9ricos | Polyexcel","og_description":"Clic aqu\u00ed y conozca uno de los campos de actuaci\u00f3n de Polyexcel. Aqu\u00ed usted podr\u00e1 entender m\u00e1s sobre los pol\u00edmeros y lo que hacemos","og_url":"https:\/\/polyexcel.com.br\/es\/telecomunicaciones\/","og_site_name":"Polyexcel","article_publisher":"https:\/\/www.facebook.com\/polyexcel\/","article_modified_time":"2023-02-13T19:36:48+00:00","twitter_card":"summary_large_image","twitter_misc":{"Tiempo de lectura":"2 minutos"},"schema":{"@context":"https:\/\/schema.org","@graph":[{"@type":"WebPage","@id":"https:\/\/polyexcel.com.br\/es\/telecomunicaciones\/","url":"https:\/\/polyexcel.com.br\/es\/telecomunicaciones\/","name":"Telecomunicaciones: vea los compuestos polim\u00e9ricos | Polyexcel","isPartOf":{"@id":"https:\/\/polyexcel.com.br\/es\/#website"},"datePublished":"2019-09-18T19:52:24+00:00","dateModified":"2023-02-13T19:36:48+00:00","description":"Clic aqu\u00ed y conozca uno de los campos de actuaci\u00f3n de Polyexcel. Aqu\u00ed usted podr\u00e1 entender m\u00e1s sobre los pol\u00edmeros y lo que hacemos","breadcrumb":{"@id":"https:\/\/polyexcel.com.br\/es\/telecomunicaciones\/#breadcrumb"},"inLanguage":"es","potentialAction":[{"@type":"ReadAction","target":["https:\/\/polyexcel.com.br\/es\/telecomunicaciones\/"]}]},{"@type":"BreadcrumbList","@id":"https:\/\/polyexcel.com.br\/es\/telecomunicaciones\/#breadcrumb","itemListElement":[{"@type":"ListItem","position":1,"name":"comienzo","item":"https:\/\/polyexcel.com.br\/es\/"},{"@type":"ListItem","position":2,"name":"Telecomunicaciones"}]},{"@type":"WebSite","@id":"https:\/\/polyexcel.com.br\/es\/#website","url":"https:\/\/polyexcel.com.br\/es\/","name":"Polyexcel","description":"","publisher":{"@id":"https:\/\/polyexcel.com.br\/es\/#organization"},"potentialAction":[{"@type":"SearchAction","target":{"@type":"EntryPoint","urlTemplate":"https:\/\/polyexcel.com.br\/es\/?s={search_term_string}"},"query-input":{"@type":"PropertyValueSpecification","valueRequired":true,"valueName":"search_term_string"}}],"inLanguage":"es"},{"@type":"Organization","@id":"https:\/\/polyexcel.com.br\/es\/#organization","name":"Polyexcel Ind\u00fastria e Com\u00e9rcio de Compostos Polim\u00e9ricos Ltda","url":"https:\/\/polyexcel.com.br\/es\/","logo":{"@type":"ImageObject","inLanguage":"es","@id":"https:\/\/polyexcel.com.br\/es\/#\/schema\/logo\/image\/","url":"https:\/\/polyexcel.com.br\/wp-content\/uploads\/2023\/01\/Logo-Polyexcel-Assinado-16x9SQ.png","contentUrl":"https:\/\/polyexcel.com.br\/wp-content\/uploads\/2023\/01\/Logo-Polyexcel-Assinado-16x9SQ.png","width":1920,"height":1080,"caption":"Polyexcel Ind\u00fastria e Com\u00e9rcio de Compostos Polim\u00e9ricos Ltda"},"image":{"@id":"https:\/\/polyexcel.com.br\/es\/#\/schema\/logo\/image\/"},"sameAs":["https:\/\/www.facebook.com\/polyexcel\/","https:\/\/www.instagram.com\/polyexcel\/","https:\/\/www.linkedin.com\/company\/polyexcel\/"]}]}},"_links":{"self":[{"href":"https:\/\/polyexcel.com.br\/es\/wp-json\/wp\/v2\/pages\/5645","targetHints":{"allow":["GET"]}}],"collection":[{"href":"https:\/\/polyexcel.com.br\/es\/wp-json\/wp\/v2\/pages"}],"about":[{"href":"https:\/\/polyexcel.com.br\/es\/wp-json\/wp\/v2\/types\/page"}],"author":[{"embeddable":true,"href":"https:\/\/polyexcel.com.br\/es\/wp-json\/wp\/v2\/users\/1"}],"replies":[{"embeddable":true,"href":"https:\/\/polyexcel.com.br\/es\/wp-json\/wp\/v2\/comments?post=5645"}],"version-history":[{"count":1,"href":"https:\/\/polyexcel.com.br\/es\/wp-json\/wp\/v2\/pages\/5645\/revisions"}],"predecessor-version":[{"id":11218,"href":"https:\/\/polyexcel.com.br\/es\/wp-json\/wp\/v2\/pages\/5645\/revisions\/11218"}],"wp:attachment":[{"href":"https:\/\/polyexcel.com.br\/es\/wp-json\/wp\/v2\/media?parent=5645"}],"curies":[{"name":"wp","href":"https:\/\/api.w.org\/{rel}","templated":true}]}}