{"id":5651,"date":"2019-09-18T17:02:33","date_gmt":"2019-09-18T20:02:33","guid":{"rendered":"https:\/\/polyexcel.com.br\/?page_id=5651"},"modified":"2023-06-09T12:49:41","modified_gmt":"2023-06-09T15:49:41","slug":"recursos-humanos","status":"publish","type":"page","link":"https:\/\/polyexcel.com.br\/es\/la-compania\/recursos-humanos\/","title":{"rendered":"Recursos Humanos"},"content":{"rendered":"<div class=\"wpb-content-wrapper\">[vc_row css=\u00bb.vc_custom_1566576970221{margin-top: 5% !important;margin-bottom: 3% !important;}\u00bb][vc_column][vc_column_text]\n<h2 style=\"text-align: center;\"><span style=\"font-weight: 400;\">\u00danase a nuestro equipo. Eche un vistazo a las vacantes abiertas<\/span><\/h2>\n<p>&nbsp;<\/p>\n<p>\u00bfQuiere saber por qu\u00e9 trabajar en Polyexcel? Somos una excelente compa\u00f1\u00eda en la fabricaci\u00f3n de compuestos a base de pol\u00edmeros etil\u00e9nicos. Hemos estado en el mercado durante casi 10 a\u00f1os, invistiendo en tecnolog\u00eda e innovaci\u00f3n para seguir evolucionando.<\/p>\n<p>Entonces, si desea trabajar en una empresa donde tendr\u00e1 la oportunidad de crecer y desarrollarse, \u00fanase a nosotros. Eche un vistazo a las vacantes disponibles actualmente.<\/p>\n[\/vc_column_text][\/vc_column][\/vc_row][vc_row][vc_column]<div class=\"cws_spacing\"><div class=\"cws_spacing cws_spacing_default\" style=\"height:32px;\"><\/div><\/div>[\/vc_column][\/vc_row][vc_row full_width=\u00bbstretch_row\u00bb css=\u00bb.vc_custom_1659121821328{padding-top: 90px !important;padding-bottom: 90px !important;background-color: #ededed !important;}\u00bb][vc_column]<div class='cws_textmodule cws_vc_shortcode_module' id='cws_textmodule_69e9cacfcd439'><div class='cws_textmodule_wrapper '><div class='cws_textmodule_text text_align_center'><div class='cws_textmodule_titles display_block'><h4 class='cws_textmodule_subtitle'>\u00bfQuieres<\/h4><h3 class='cws_textmodule_title'><strong>Trabajar con nosotros?<\/strong><\/h3><\/div><div class='cws_textmodule_content'><div class='text_content_wrapper'><p>\u00a1Gracias por su inter\u00e9s en formar parte de nuestro equipo!<\/p>\n<div class='cws_custom_button_wrapper simple'><span><a href=\"https:\/\/polyexcel.com.br\/es\/la-compania\/trabaje-con-nosotros\/\" class='cws_custom_button'>Env\u00eda tu curr\u00edculum<\/a><\/span><\/div><\/div><\/div><\/div><\/div><\/div>[\/vc_column][\/vc_row]\n<\/div>","protected":false},"excerpt":{"rendered":"<p>[vc_row css=\u00bb.vc_custom_1566576970221{margin-top: 5% !important;margin-bottom: 3% !important;}\u00bb][vc_column][vc_column_text] \u00danase a nuestro equipo. Eche un vistazo a las vacantes abiertas &nbsp; \u00bfQuiere saber por qu\u00e9 trabajar en Polyexcel? Somos una excelente compa\u00f1\u00eda en la fabricaci\u00f3n de compuestos a base de pol\u00edmeros etil\u00e9nicos. Hemos estado en el mercado durante casi 10 a\u00f1os, invistiendo en tecnolog\u00eda e innovaci\u00f3n para seguir evolucionando. Entonces, si desea trabajar en una empresa donde tendr\u00e1 la oportunidad de crecer y desarrollarse, \u00fanase a nosotros. Eche un vistazo a las vacantes disponibles actualmente. [\/vc_column_text][\/vc_column][\/vc_row][vc_row][vc_column][\/vc_column][\/vc_row][vc_row full_width=\u00bbstretch_row\u00bb css=\u00bb.vc_custom_1659121821328{padding-top: 90px !important;padding-bottom: 90px !important;background-color: #ededed !important;}\u00bb][vc_column][\/vc_column][\/vc_row]<\/p>\n","protected":false},"author":1,"featured_media":0,"parent":5625,"menu_order":0,"comment_status":"closed","ping_status":"closed","template":"","meta":{"footnotes":""},"class_list":["post-5651","page","type-page","status-publish","hentry"],"yoast_head":"<!-- This site is optimized with the Yoast SEO plugin v27.4 - https:\/\/yoast.com\/product\/yoast-seo-wordpress\/ -->\n<title>Recursos Humanos: unase a nuestro equipo | Polyexcel<\/title>\n<meta name=\"description\" content=\"Visite nuestro sitio y vea las vacantes abiertas en el Recursos Humanos y tenga una oportunidad \u00fanica de crecer \u00a1Haga parte de nuestro equipo!\" \/>\n<meta name=\"robots\" content=\"index, follow, max-snippet:-1, max-image-preview:large, max-video-preview:-1\" \/>\n<link rel=\"canonical\" href=\"https:\/\/polyexcel.com.br\/es\/la-compania\/recursos-humanos\/\" \/>\n<meta property=\"og:locale\" content=\"es_ES\" \/>\n<meta property=\"og:type\" content=\"article\" \/>\n<meta property=\"og:title\" content=\"Recursos Humanos: unase a nuestro equipo | Polyexcel\" \/>\n<meta property=\"og:description\" content=\"Visite nuestro sitio y vea las vacantes abiertas en el Recursos Humanos y tenga una oportunidad \u00fanica de crecer \u00a1Haga parte de nuestro equipo!\" \/>\n<meta property=\"og:url\" content=\"https:\/\/polyexcel.com.br\/es\/la-compania\/recursos-humanos\/\" \/>\n<meta property=\"og:site_name\" content=\"Polyexcel\" \/>\n<meta property=\"article:publisher\" content=\"https:\/\/www.facebook.com\/polyexcel\/\" \/>\n<meta property=\"article:modified_time\" content=\"2023-06-09T15:49:41+00:00\" \/>\n<meta name=\"twitter:card\" content=\"summary_large_image\" \/>\n<meta name=\"twitter:label1\" content=\"Tiempo de lectura\" \/>\n\t<meta name=\"twitter:data1\" content=\"1 minuto\" \/>\n<script type=\"application\/ld+json\" class=\"yoast-schema-graph\">{\"@context\":\"https:\\\/\\\/schema.org\",\"@graph\":[{\"@type\":\"WebPage\",\"@id\":\"https:\\\/\\\/polyexcel.com.br\\\/es\\\/la-compania\\\/recursos-humanos\\\/\",\"url\":\"https:\\\/\\\/polyexcel.com.br\\\/es\\\/la-compania\\\/recursos-humanos\\\/\",\"name\":\"Recursos Humanos: unase a nuestro equipo | Polyexcel\",\"isPartOf\":{\"@id\":\"https:\\\/\\\/polyexcel.com.br\\\/es\\\/#website\"},\"datePublished\":\"2019-09-18T20:02:33+00:00\",\"dateModified\":\"2023-06-09T15:49:41+00:00\",\"description\":\"Visite nuestro sitio y vea las vacantes abiertas en el Recursos Humanos y tenga una oportunidad \u00fanica de crecer \u00a1Haga parte de nuestro equipo!\",\"breadcrumb\":{\"@id\":\"https:\\\/\\\/polyexcel.com.br\\\/es\\\/la-compania\\\/recursos-humanos\\\/#breadcrumb\"},\"inLanguage\":\"es\",\"potentialAction\":[{\"@type\":\"ReadAction\",\"target\":[\"https:\\\/\\\/polyexcel.com.br\\\/es\\\/la-compania\\\/recursos-humanos\\\/\"]}]},{\"@type\":\"BreadcrumbList\",\"@id\":\"https:\\\/\\\/polyexcel.com.br\\\/es\\\/la-compania\\\/recursos-humanos\\\/#breadcrumb\",\"itemListElement\":[{\"@type\":\"ListItem\",\"position\":1,\"name\":\"comienzo\",\"item\":\"https:\\\/\\\/polyexcel.com.br\\\/es\\\/\"},{\"@type\":\"ListItem\",\"position\":2,\"name\":\"La Compa\u00f1\u00eda\",\"item\":\"https:\\\/\\\/polyexcel.com.br\\\/es\\\/la-compania\\\/\"},{\"@type\":\"ListItem\",\"position\":3,\"name\":\"Recursos Humanos\"}]},{\"@type\":\"WebSite\",\"@id\":\"https:\\\/\\\/polyexcel.com.br\\\/es\\\/#website\",\"url\":\"https:\\\/\\\/polyexcel.com.br\\\/es\\\/\",\"name\":\"Polyexcel\",\"description\":\"\",\"publisher\":{\"@id\":\"https:\\\/\\\/polyexcel.com.br\\\/es\\\/#organization\"},\"potentialAction\":[{\"@type\":\"SearchAction\",\"target\":{\"@type\":\"EntryPoint\",\"urlTemplate\":\"https:\\\/\\\/polyexcel.com.br\\\/es\\\/?s={search_term_string}\"},\"query-input\":{\"@type\":\"PropertyValueSpecification\",\"valueRequired\":true,\"valueName\":\"search_term_string\"}}],\"inLanguage\":\"es\"},{\"@type\":\"Organization\",\"@id\":\"https:\\\/\\\/polyexcel.com.br\\\/es\\\/#organization\",\"name\":\"Polyexcel Ind\u00fastria e Com\u00e9rcio de Compostos Polim\u00e9ricos Ltda\",\"url\":\"https:\\\/\\\/polyexcel.com.br\\\/es\\\/\",\"logo\":{\"@type\":\"ImageObject\",\"inLanguage\":\"es\",\"@id\":\"https:\\\/\\\/polyexcel.com.br\\\/es\\\/#\\\/schema\\\/logo\\\/image\\\/\",\"url\":\"https:\\\/\\\/polyexcel.com.br\\\/wp-content\\\/uploads\\\/2023\\\/01\\\/Logo-Polyexcel-Assinado-16x9SQ.png\",\"contentUrl\":\"https:\\\/\\\/polyexcel.com.br\\\/wp-content\\\/uploads\\\/2023\\\/01\\\/Logo-Polyexcel-Assinado-16x9SQ.png\",\"width\":1920,\"height\":1080,\"caption\":\"Polyexcel Ind\u00fastria e Com\u00e9rcio de Compostos Polim\u00e9ricos Ltda\"},\"image\":{\"@id\":\"https:\\\/\\\/polyexcel.com.br\\\/es\\\/#\\\/schema\\\/logo\\\/image\\\/\"},\"sameAs\":[\"https:\\\/\\\/www.facebook.com\\\/polyexcel\\\/\",\"https:\\\/\\\/www.instagram.com\\\/polyexcel\\\/\",\"https:\\\/\\\/www.linkedin.com\\\/company\\\/polyexcel\\\/\"]}]}<\/script>\n<!-- \/ Yoast SEO plugin. -->","yoast_head_json":{"title":"Recursos Humanos: unase a nuestro equipo | Polyexcel","description":"Visite nuestro sitio y vea las vacantes abiertas en el Recursos Humanos y tenga una oportunidad \u00fanica de crecer \u00a1Haga parte de nuestro equipo!","robots":{"index":"index","follow":"follow","max-snippet":"max-snippet:-1","max-image-preview":"max-image-preview:large","max-video-preview":"max-video-preview:-1"},"canonical":"https:\/\/polyexcel.com.br\/es\/la-compania\/recursos-humanos\/","og_locale":"es_ES","og_type":"article","og_title":"Recursos Humanos: unase a nuestro equipo | Polyexcel","og_description":"Visite nuestro sitio y vea las vacantes abiertas en el Recursos Humanos y tenga una oportunidad \u00fanica de crecer \u00a1Haga parte de nuestro equipo!","og_url":"https:\/\/polyexcel.com.br\/es\/la-compania\/recursos-humanos\/","og_site_name":"Polyexcel","article_publisher":"https:\/\/www.facebook.com\/polyexcel\/","article_modified_time":"2023-06-09T15:49:41+00:00","twitter_card":"summary_large_image","twitter_misc":{"Tiempo de lectura":"1 minuto"},"schema":{"@context":"https:\/\/schema.org","@graph":[{"@type":"WebPage","@id":"https:\/\/polyexcel.com.br\/es\/la-compania\/recursos-humanos\/","url":"https:\/\/polyexcel.com.br\/es\/la-compania\/recursos-humanos\/","name":"Recursos Humanos: unase a nuestro equipo | Polyexcel","isPartOf":{"@id":"https:\/\/polyexcel.com.br\/es\/#website"},"datePublished":"2019-09-18T20:02:33+00:00","dateModified":"2023-06-09T15:49:41+00:00","description":"Visite nuestro sitio y vea las vacantes abiertas en el Recursos Humanos y tenga una oportunidad \u00fanica de crecer \u00a1Haga parte de nuestro equipo!","breadcrumb":{"@id":"https:\/\/polyexcel.com.br\/es\/la-compania\/recursos-humanos\/#breadcrumb"},"inLanguage":"es","potentialAction":[{"@type":"ReadAction","target":["https:\/\/polyexcel.com.br\/es\/la-compania\/recursos-humanos\/"]}]},{"@type":"BreadcrumbList","@id":"https:\/\/polyexcel.com.br\/es\/la-compania\/recursos-humanos\/#breadcrumb","itemListElement":[{"@type":"ListItem","position":1,"name":"comienzo","item":"https:\/\/polyexcel.com.br\/es\/"},{"@type":"ListItem","position":2,"name":"La Compa\u00f1\u00eda","item":"https:\/\/polyexcel.com.br\/es\/la-compania\/"},{"@type":"ListItem","position":3,"name":"Recursos Humanos"}]},{"@type":"WebSite","@id":"https:\/\/polyexcel.com.br\/es\/#website","url":"https:\/\/polyexcel.com.br\/es\/","name":"Polyexcel","description":"","publisher":{"@id":"https:\/\/polyexcel.com.br\/es\/#organization"},"potentialAction":[{"@type":"SearchAction","target":{"@type":"EntryPoint","urlTemplate":"https:\/\/polyexcel.com.br\/es\/?s={search_term_string}"},"query-input":{"@type":"PropertyValueSpecification","valueRequired":true,"valueName":"search_term_string"}}],"inLanguage":"es"},{"@type":"Organization","@id":"https:\/\/polyexcel.com.br\/es\/#organization","name":"Polyexcel Ind\u00fastria e Com\u00e9rcio de Compostos Polim\u00e9ricos Ltda","url":"https:\/\/polyexcel.com.br\/es\/","logo":{"@type":"ImageObject","inLanguage":"es","@id":"https:\/\/polyexcel.com.br\/es\/#\/schema\/logo\/image\/","url":"https:\/\/polyexcel.com.br\/wp-content\/uploads\/2023\/01\/Logo-Polyexcel-Assinado-16x9SQ.png","contentUrl":"https:\/\/polyexcel.com.br\/wp-content\/uploads\/2023\/01\/Logo-Polyexcel-Assinado-16x9SQ.png","width":1920,"height":1080,"caption":"Polyexcel Ind\u00fastria e Com\u00e9rcio de Compostos Polim\u00e9ricos Ltda"},"image":{"@id":"https:\/\/polyexcel.com.br\/es\/#\/schema\/logo\/image\/"},"sameAs":["https:\/\/www.facebook.com\/polyexcel\/","https:\/\/www.instagram.com\/polyexcel\/","https:\/\/www.linkedin.com\/company\/polyexcel\/"]}]}},"_links":{"self":[{"href":"https:\/\/polyexcel.com.br\/es\/wp-json\/wp\/v2\/pages\/5651","targetHints":{"allow":["GET"]}}],"collection":[{"href":"https:\/\/polyexcel.com.br\/es\/wp-json\/wp\/v2\/pages"}],"about":[{"href":"https:\/\/polyexcel.com.br\/es\/wp-json\/wp\/v2\/types\/page"}],"author":[{"embeddable":true,"href":"https:\/\/polyexcel.com.br\/es\/wp-json\/wp\/v2\/users\/1"}],"replies":[{"embeddable":true,"href":"https:\/\/polyexcel.com.br\/es\/wp-json\/wp\/v2\/comments?post=5651"}],"version-history":[{"count":5,"href":"https:\/\/polyexcel.com.br\/es\/wp-json\/wp\/v2\/pages\/5651\/revisions"}],"predecessor-version":[{"id":11792,"href":"https:\/\/polyexcel.com.br\/es\/wp-json\/wp\/v2\/pages\/5651\/revisions\/11792"}],"up":[{"embeddable":true,"href":"https:\/\/polyexcel.com.br\/es\/wp-json\/wp\/v2\/pages\/5625"}],"wp:attachment":[{"href":"https:\/\/polyexcel.com.br\/es\/wp-json\/wp\/v2\/media?parent=5651"}],"curies":[{"name":"wp","href":"https:\/\/api.w.org\/{rel}","templated":true}]}}