{"id":5660,"date":"2019-09-18T17:22:13","date_gmt":"2019-09-18T20:22:13","guid":{"rendered":"https:\/\/polyexcel.com.br\/?page_id=5660"},"modified":"2023-02-13T14:57:56","modified_gmt":"2023-02-13T17:57:56","slug":"energia","status":"publish","type":"page","link":"https:\/\/polyexcel.com.br\/es\/energia\/","title":{"rendered":"Energia"},"content":{"rendered":"<div class=\"wpb-content-wrapper\">[vc_row css=\u00bb.vc_custom_1566588375010{margin-top: 5% !important;margin-bottom: 5% !important;}\u00bb][vc_column][vc_column_text]<a href=\"https:\/\/polyexcel.com.br\/wp-content\/uploads\/2019\/08\/fios-cabos-eletricos-300x200.jpg\"><img loading=\"lazy\" decoding=\"async\" class=\"wp-image-4923 alignright\" src=\"https:\/\/polyexcel.com.br\/wp-content\/uploads\/2019\/08\/fios-cabos-eletricos-300x200.jpg\" alt=\"fios e cabos el\u00e9tricos\" width=\"381\" height=\"254\" srcset=\"https:\/\/polyexcel.com.br\/wp-content\/uploads\/2019\/08\/fios-cabos-eletricos-300x200.jpg 300w, https:\/\/polyexcel.com.br\/wp-content\/uploads\/2019\/08\/fios-cabos-eletricos-768x512.jpg 768w, https:\/\/polyexcel.com.br\/wp-content\/uploads\/2019\/08\/fios-cabos-eletricos-1024x682.jpg 1024w, https:\/\/polyexcel.com.br\/wp-content\/uploads\/2019\/08\/fios-cabos-eletricos.jpg 2000w\" sizes=\"auto, (max-width: 381px) 100vw, 381px\" \/><\/a>La mayor\u00eda de las actividades humanas necesitan alg\u00fan tipo de energ\u00eda. Ya sea en las industrias, en la electricidad utilizada en el hogar y en otros momentos del d\u00eda, porque siempre estamos conectados. La mayor parte de esta energ\u00eda tiene su origen en la quema de<a href=\"https:\/\/www.epe.gov.br\/pt\/abcdenergia\/fontes-de-energia#FONTES-FOSSEIS\"> combustibles f\u00f3siles<\/a>.<\/p>\n<p>En el mundo, la principal fuente de generaci\u00f3n de energ\u00eda el\u00e9ctrica es el carb\u00f3n. En el transporte, la energ\u00eda para mover los veh\u00edculos proviene, principalmente, de la quema de gasolina y di\u00e9sel. En la industria, por ejemplo, se utiliza el gas natural y otros derivados del petr\u00f3leo.<\/p>\n<p>Hay una diferencia entre la matriz de energ\u00eda y la <b>matriz el\u00e9ctrica<\/b>, aunque mucha gente piensa que es la misma cosa. La primera representa el conjunto de fuentes de energ\u00eda disponibles para mover los veh\u00edculos y generar electricidad, ya la segunda se forma por medio de un conjunto de fuentes disponibles necesarias para la generaci\u00f3n de energ\u00eda el\u00e9ctrica.<\/p>\n<p>O sea, la matriz el\u00e9ctrica es parte de la matriz energ\u00e9tica. Necesitamos la energ\u00eda el\u00e9ctrica para realizar diversas actividades como ver una pel\u00edcula, mantener la nevera encendida, cargar computadoras y tel\u00e9fonos celulares, entre tantas otras cosas.<\/p>\n<p>La matriz el\u00e9ctrica brasile\u00f1a es m\u00e1s renovable que la energ\u00e9tica, ya que gran parte de la electricidad generada en Brasil proviene de usinas hidroel\u00e9ctricas. La energ\u00eda e\u00f3lica est\u00e1 creciendo y contribuyendo para que nuestra matriz el\u00e9ctrica mantenga la mayor parte renovable.<\/p>\n<p>Como pueden ver, la energ\u00eda el\u00e9ctrica es fundamental. Entre las formas de <b>transmisi\u00f3n de energ\u00eda<\/b>, la energ\u00eda el\u00e9ctrica tiene la forma m\u00e1s simple de transmisi\u00f3n. Consiste en elevar el voltaje en los centros generadores a un nivel que tenga pierdas m\u00e1s bajas y a un costo aceptable y, al llegar a los centros consumidores, realiza una segunda transformaci\u00f3n.<\/p>\n<p>El sector el\u00e9ctrico es un proceso que se puede dividir en tres \u00e1reas:<a href=\"https:\/\/polyexcel.com.br\/wp-content\/uploads\/2019\/09\/matriz-electrica-brasilena-2017-300x218.jpg\"><img loading=\"lazy\" decoding=\"async\" class=\"size-medium wp-image-5959 alignright\" src=\"https:\/\/polyexcel.com.br\/wp-content\/uploads\/2019\/09\/matriz-electrica-brasilena-2017-300x218.jpg\" alt=\"\" width=\"300\" height=\"218\" srcset=\"https:\/\/polyexcel.com.br\/wp-content\/uploads\/2019\/09\/matriz-electrica-brasilena-2017-300x218.jpg 300w, https:\/\/polyexcel.com.br\/wp-content\/uploads\/2019\/09\/matriz-electrica-brasilena-2017-768x559.jpg 768w, https:\/\/polyexcel.com.br\/wp-content\/uploads\/2019\/09\/matriz-electrica-brasilena-2017.jpg 800w\" sizes=\"auto, (max-width: 300px) 100vw, 300px\" \/><\/a><\/p>\n<p>Generaci\u00f3n (G): es responsable por la transformaci\u00f3n de la energ\u00eda primaria (como aguas de reservorios, energ\u00eda e\u00f3lica, energ\u00eda solar, gas) en energ\u00eda el\u00e9ctrica. En Brasil, la generaci\u00f3n de energ\u00eda por el sistema hidr\u00e1ulico es predominante debido al gran potencial de nuestros r\u00edos.<\/p>\n<p>Transmisi\u00f3n (Tlt i): es la que transporta la energ\u00eda generada a los centros consumidores de carga. En general, los grandes centros de consumo est\u00e1n localizados lejos de grandes potenciales energ\u00e9ticos. Esto requiere una gran cantidad de l\u00edneas de transmisi\u00f3n, con cientos de kil\u00f3metros. Predominan las empresas estatales\/de capital mixto como: Eletrobr\u00e1s, CEMIG, COPEL.<\/p>\n<p>Distribuci\u00f3n (D): la funci\u00f3n de este sector es recibir energ\u00eda de las empresas de transmisi\u00f3n y distribuirla a los centros de consumo, tanto residenciales como industriales.<\/p>\n<p>La siguiente figura ilustra la generaci\u00f3n, transmisi\u00f3n y <b>distribuci\u00f3n de energ\u00eda<\/b>. Polyexcel opera en la fabricaci\u00f3n de compuestos para la producci\u00f3n de alambres y cables utilizados en las \u00e1reas de distribuci\u00f3n de energ\u00eda.[\/vc_column_text][vc_single_image image=\u00bb5955&#8243; img_size=\u00bbfull\u00bb add_caption=\u00bbyes\u00bb alignment=\u00bbcenter\u00bb css=\u00bb.vc_custom_1569357709874{margin-top: 20px !important;}\u00bb][\/vc_column][\/vc_row][vc_section][vc_row full_width=\u00bbstretch_row\u00bb equal_height=\u00bbyes\u00bb bg_cws_repeat=\u00bbno-repeat\u00bb bg_cws_size=\u00bbcover\u00bb bg_image_position=\u00bbcenter_center\u00bb bg_cws_color=\u00bbcolor\u00bb cws_overlay_color=\u00bbrgba(29,45,70,0.85)\u00bb css=\u00bb.vc_custom_1676309477107{background-image: url(https:\/\/polyexcel.com.br\/wp-content\/uploads\/2019\/08\/banner-empresa.jpg?id=4220) !important;}\u00bb][vc_column width=\u00bb1\/6&#8243;][\/vc_column][vc_column width=\u00bb2\/3&#8243;][vc_empty_space height=\u00bb30px\u00bb][vc_column_text el_class=\u00bbbranco\u00bb]\n<p style=\"text-align: center;\"><strong>Haga un presupuesto con Polyexcel ahora mismo!<\/strong><\/p>\n[\/vc_column_text][vc_empty_space height=\u00bb30px\u00bb][vc_row_inner css=\u00bb.vc_custom_1676309380972{background-color: #ffffff !important;}\u00bb][vc_column_inner]<div class=\"wpforms-container wpforms-container-full\" id=\"wpforms-11082\"><form id=\"wpforms-form-11082\" class=\"wpforms-validate wpforms-form wpforms-ajax-form\" data-formid=\"11082\" method=\"post\" enctype=\"multipart\/form-data\" action=\"\/es\/wp-json\/wp\/v2\/pages\/5660\" data-token=\"b7a0b90d61f49604daec2d2f2d30ddf6\" data-token-time=\"1776978541\"><noscript class=\"wpforms-error-noscript\">Por favor, activa JavaScript en tu navegador para completar este formulario.<\/noscript><div class=\"wpforms-field-container\"><div id=\"wpforms-11082-field_1-container\" class=\"wpforms-field wpforms-field-name\" data-field-id=\"1\"><label class=\"wpforms-field-label\" for=\"wpforms-11082-field_1\">Nombre <span class=\"wpforms-required-label\">*<\/span><\/label><input type=\"text\" id=\"wpforms-11082-field_1\" class=\"wpforms-field-large wpforms-field-required\" name=\"wpforms[fields][1]\" required><\/div><div id=\"wpforms-11082-field_2-container\" class=\"wpforms-field wpforms-field-email wpforms-one-half wpforms-first\" data-field-id=\"2\"><label class=\"wpforms-field-label\" for=\"wpforms-11082-field_2\">E-mail <span class=\"wpforms-required-label\">*<\/span><\/label><input type=\"email\" id=\"wpforms-11082-field_2\" class=\"wpforms-field-large wpforms-field-required\" name=\"wpforms[fields][2]\" spellcheck=\"false\" required><\/div><div id=\"wpforms-11082-field_4-container\" class=\"wpforms-field wpforms-field-text wpforms-one-half\" data-field-id=\"4\"><label class=\"wpforms-field-label\" for=\"wpforms-11082-field_4\">Tel\u00e9fono <span class=\"wpforms-required-label\">*<\/span><\/label><input type=\"text\" id=\"wpforms-11082-field_4\" class=\"wpforms-field-large wpforms-field-required wpforms-masked-input\" data-rule-inputmask-incomplete=\"1\" data-inputmask-mask=\"99 9999-9999[9]\" name=\"wpforms[fields][4]\" required><\/div><div id=\"wpforms-11082-field_5-container\" class=\"wpforms-field wpforms-field-text wpforms-one-half wpforms-first\" data-field-id=\"5\"><label class=\"wpforms-field-label\" for=\"wpforms-11082-field_5\">Empresa <span class=\"wpforms-required-label\">*<\/span><\/label><input type=\"text\" id=\"wpforms-11082-field_5\" class=\"wpforms-field-large wpforms-field-required\" name=\"wpforms[fields][5]\" required><\/div><div id=\"wpforms-11082-field_6-container\" class=\"wpforms-field wpforms-field-select wpforms-one-half wpforms-field-select-style-classic\" data-field-id=\"6\"><label class=\"wpforms-field-label\" for=\"wpforms-11082-field_6\">Seguimiento <span class=\"wpforms-required-label\">*<\/span><\/label><select id=\"wpforms-11082-field_6\" class=\"wpforms-field-large wpforms-field-required\" name=\"wpforms[fields][6]\" required=\"required\"><option value=\"\" class=\"placeholder\" disabled  selected='selected'>Elige...<\/option><option value=\"Energ\u00eda\"  class=\"choice-1 depth-1\"  >Energ\u00eda<\/option><option value=\"Telecomunicaciones\"  class=\"choice-2 depth-1\"  >Telecomunicaciones<\/option><option value=\"Industria\"  class=\"choice-3 depth-1\"  >Industria<\/option><option value=\"Otros\"  class=\"choice-4 depth-1\"  >Otros<\/option><\/select><\/div><div id=\"wpforms-11082-field_8-container\" class=\"wpforms-field wpforms-field-textarea\" data-field-id=\"8\"><label class=\"wpforms-field-label\" for=\"wpforms-11082-field_8\">Mensage <span class=\"wpforms-required-label\">*<\/span><\/label><textarea id=\"wpforms-11082-field_8\" class=\"wpforms-field-large wpforms-field-required wpforms-limit-characters-enabled\" data-form-id=\"11082\" data-field-id=\"8\" data-text-limit=\"500\" name=\"wpforms[fields][8]\" maxlength=\"500\" required><\/textarea><\/div><\/div><!-- .wpforms-field-container --><div class=\"wpforms-recaptcha-container wpforms-is-recaptcha wpforms-is-recaptcha-type-invisible\" ><div class=\"g-recaptcha\" data-sitekey=\"6Lf6VR4hAAAAAI4iWo7J_9g7pcd-JgbSp3XVwI3s\" data-size=\"invisible\"><\/div><\/div><div class=\"wpforms-submit-container\" ><input type=\"hidden\" name=\"wpforms[id]\" value=\"11082\"><input type=\"hidden\" name=\"page_title\" value=\"\"><input type=\"hidden\" name=\"page_url\" value=\"https:\/\/polyexcel.com.br\/es\/wp-json\/wp\/v2\/pages\/5660\"><input type=\"hidden\" name=\"url_referer\" value=\"\"><button type=\"submit\" name=\"wpforms[submit]\" id=\"wpforms-submit-11082\" class=\"wpforms-submit\" data-alt-text=\"Enviando...\" data-submit-text=\"Enviar\" aria-live=\"assertive\" value=\"wpforms-submit\">Enviar<\/button><img loading=\"lazy\" decoding=\"async\" src=\"https:\/\/polyexcel.com.br\/wp-content\/plugins\/wpforms-lite\/assets\/images\/submit-spin.svg\" class=\"wpforms-submit-spinner\" style=\"display: none;\" width=\"26\" height=\"26\" alt=\"Cargando\"><\/div><\/form><\/div>  <!-- .wpforms-container -->[\/vc_column_inner][\/vc_row_inner][vc_empty_space height=\u00bb30px\u00bb][\/vc_column][vc_column width=\u00bb1\/6&#8243;][\/vc_column][\/vc_row][\/vc_section]\n<\/div>","protected":false},"excerpt":{"rendered":"<p>[vc_row css=\u00bb.vc_custom_1566588375010{margin-top: 5% !important;margin-bottom: 5% !important;}\u00bb][vc_column][vc_column_text]La mayor\u00eda de las actividades humanas necesitan alg\u00fan tipo de energ\u00eda. Ya sea en las industrias, en la electricidad utilizada en el hogar y en otros momentos del d\u00eda, porque siempre estamos conectados. La mayor parte de esta energ\u00eda tiene su origen en la quema de combustibles f\u00f3siles. En el mundo, la principal fuente de generaci\u00f3n de energ\u00eda el\u00e9ctrica es el carb\u00f3n. En el transporte, la energ\u00eda para mover los veh\u00edculos proviene, principalmente, de la quema de gasolina y di\u00e9sel. En la industria, por ejemplo, se utiliza el gas natural y otros derivados del petr\u00f3leo. Hay una diferencia entre la matriz de energ\u00eda y la matriz el\u00e9ctrica, aunque mucha gente piensa que es la misma cosa. La primera representa el conjunto de fuentes de energ\u00eda disponibles para mover los veh\u00edculos y generar electricidad, ya la segunda se forma por medio de un conjunto de fuentes disponibles necesarias para la generaci\u00f3n de energ\u00eda el\u00e9ctrica. O sea, la matriz el\u00e9ctrica es parte de la matriz energ\u00e9tica. Necesitamos la energ\u00eda el\u00e9ctrica para realizar diversas actividades como ver una pel\u00edcula, mantener la nevera encendida, cargar computadoras y tel\u00e9fonos celulares, entre tantas otras cosas. La matriz el\u00e9ctrica brasile\u00f1a es m\u00e1s renovable que la energ\u00e9tica, ya que gran parte de la electricidad generada en Brasil proviene de usinas hidroel\u00e9ctricas. La energ\u00eda e\u00f3lica est\u00e1 creciendo y contribuyendo para que nuestra matriz el\u00e9ctrica mantenga la mayor parte renovable. Como pueden ver, la energ\u00eda el\u00e9ctrica es fundamental. Entre las formas de transmisi\u00f3n de energ\u00eda, la energ\u00eda el\u00e9ctrica tiene la forma m\u00e1s simple de transmisi\u00f3n. Consiste en elevar el voltaje en los centros generadores a un nivel que tenga pierdas m\u00e1s bajas y a un costo aceptable y, al llegar a los centros consumidores, realiza una segunda transformaci\u00f3n. El sector el\u00e9ctrico es un proceso que se puede dividir en tres \u00e1reas: Generaci\u00f3n (G): es responsable por la transformaci\u00f3n de la energ\u00eda primaria (como aguas de reservorios, energ\u00eda e\u00f3lica, energ\u00eda solar, gas) en energ\u00eda el\u00e9ctrica. En Brasil, la generaci\u00f3n de energ\u00eda por el sistema hidr\u00e1ulico es predominante debido al gran potencial de nuestros r\u00edos. Transmisi\u00f3n (Tlt i): es la que transporta la energ\u00eda generada a los centros consumidores de carga. En general, los grandes centros de consumo est\u00e1n localizados lejos de grandes potenciales energ\u00e9ticos. Esto requiere una gran cantidad de l\u00edneas de transmisi\u00f3n, con cientos de kil\u00f3metros. Predominan las empresas estatales\/de capital mixto como: Eletrobr\u00e1s, CEMIG, COPEL. Distribuci\u00f3n (D): la funci\u00f3n de este sector es recibir energ\u00eda de las empresas de transmisi\u00f3n y distribuirla a los centros de consumo, tanto residenciales como industriales. La siguiente figura ilustra la generaci\u00f3n, transmisi\u00f3n y distribuci\u00f3n de energ\u00eda. Polyexcel opera en la fabricaci\u00f3n de compuestos para la producci\u00f3n de alambres y cables utilizados en las \u00e1reas de distribuci\u00f3n de energ\u00eda.[\/vc_column_text][vc_single_image image=\u00bb5955&#8243; img_size=\u00bbfull\u00bb add_caption=\u00bbyes\u00bb alignment=\u00bbcenter\u00bb css=\u00bb.vc_custom_1569357709874{margin-top: 20px !important;}\u00bb][\/vc_column][\/vc_row][vc_section][vc_row full_width=\u00bbstretch_row\u00bb equal_height=\u00bbyes\u00bb bg_cws_repeat=\u00bbno-repeat\u00bb bg_cws_size=\u00bbcover\u00bb bg_image_position=\u00bbcenter_center\u00bb bg_cws_color=\u00bbcolor\u00bb cws_overlay_color=\u00bbrgba(29,45,70,0.85)\u00bb css=\u00bb.vc_custom_1676309477107{background-image: url(https:\/\/polyexcel.com.br\/wp-content\/uploads\/2019\/08\/banner-empresa.jpg?id=4220) !important;}\u00bb][vc_column width=\u00bb1\/6&#8243;][\/vc_column][vc_column width=\u00bb2\/3&#8243;][vc_empty_space height=\u00bb30px\u00bb][vc_column_text el_class=\u00bbbranco\u00bb] Haga un presupuesto con Polyexcel ahora mismo! [\/vc_column_text][vc_empty_space height=\u00bb30px\u00bb][vc_row_inner css=\u00bb.vc_custom_1676309380972{background-color: #ffffff !important;}\u00bb][vc_column_inner][\/vc_column_inner][\/vc_row_inner][vc_empty_space height=\u00bb30px\u00bb][\/vc_column][vc_column width=\u00bb1\/6&#8243;][\/vc_column][\/vc_row][\/vc_section]<\/p>\n","protected":false},"author":1,"featured_media":0,"parent":0,"menu_order":0,"comment_status":"closed","ping_status":"closed","template":"","meta":{"footnotes":""},"class_list":["post-5660","page","type-page","status-publish","hentry"],"yoast_head":"<!-- This site is optimized with the Yoast SEO plugin v27.4 - https:\/\/yoast.com\/product\/yoast-seo-wordpress\/ -->\n<title>Energia: conozca a un de nuestros segmentos | Polyexcel<\/title>\n<meta name=\"description\" content=\"Polyexcel haz parte del proceso de generaci\u00f3n de luz al producir compuestos polim\u00e9ricos que son usados en los aislamientos de los cables\" \/>\n<meta name=\"robots\" content=\"index, follow, max-snippet:-1, max-image-preview:large, max-video-preview:-1\" \/>\n<link rel=\"canonical\" href=\"https:\/\/polyexcel.com.br\/es\/energia\/\" \/>\n<meta property=\"og:locale\" content=\"es_ES\" \/>\n<meta property=\"og:type\" content=\"article\" \/>\n<meta property=\"og:title\" content=\"Energia: conozca a un de nuestros segmentos | Polyexcel\" \/>\n<meta property=\"og:description\" content=\"Polyexcel haz parte del proceso de generaci\u00f3n de luz al producir compuestos polim\u00e9ricos que son usados en los aislamientos de los cables\" \/>\n<meta property=\"og:url\" content=\"https:\/\/polyexcel.com.br\/es\/energia\/\" \/>\n<meta property=\"og:site_name\" content=\"Polyexcel\" \/>\n<meta property=\"article:publisher\" content=\"https:\/\/www.facebook.com\/polyexcel\/\" \/>\n<meta property=\"article:modified_time\" content=\"2023-02-13T17:57:56+00:00\" \/>\n<meta property=\"og:image\" content=\"https:\/\/polyexcel.com.br\/wp-content\/uploads\/2019\/08\/fios-cabos-eletricos-300x200.jpg\" \/>\n<meta name=\"twitter:card\" content=\"summary_large_image\" \/>\n<meta name=\"twitter:label1\" content=\"Tiempo de lectura\" \/>\n\t<meta name=\"twitter:data1\" content=\"4 minutos\" \/>\n<script type=\"application\/ld+json\" class=\"yoast-schema-graph\">{\"@context\":\"https:\\\/\\\/schema.org\",\"@graph\":[{\"@type\":\"WebPage\",\"@id\":\"https:\\\/\\\/polyexcel.com.br\\\/es\\\/energia\\\/\",\"url\":\"https:\\\/\\\/polyexcel.com.br\\\/es\\\/energia\\\/\",\"name\":\"Energia: conozca a un de nuestros segmentos | Polyexcel\",\"isPartOf\":{\"@id\":\"https:\\\/\\\/polyexcel.com.br\\\/es\\\/#website\"},\"primaryImageOfPage\":{\"@id\":\"https:\\\/\\\/polyexcel.com.br\\\/es\\\/energia\\\/#primaryimage\"},\"image\":{\"@id\":\"https:\\\/\\\/polyexcel.com.br\\\/es\\\/energia\\\/#primaryimage\"},\"thumbnailUrl\":\"https:\\\/\\\/polyexcel.com.br\\\/wp-content\\\/uploads\\\/2019\\\/08\\\/fios-cabos-eletricos-300x200.jpg\",\"datePublished\":\"2019-09-18T20:22:13+00:00\",\"dateModified\":\"2023-02-13T17:57:56+00:00\",\"description\":\"Polyexcel haz parte del proceso de generaci\u00f3n de luz al producir compuestos polim\u00e9ricos que son usados en los aislamientos de los cables\",\"breadcrumb\":{\"@id\":\"https:\\\/\\\/polyexcel.com.br\\\/es\\\/energia\\\/#breadcrumb\"},\"inLanguage\":\"es\",\"potentialAction\":[{\"@type\":\"ReadAction\",\"target\":[\"https:\\\/\\\/polyexcel.com.br\\\/es\\\/energia\\\/\"]}]},{\"@type\":\"ImageObject\",\"inLanguage\":\"es\",\"@id\":\"https:\\\/\\\/polyexcel.com.br\\\/es\\\/energia\\\/#primaryimage\",\"url\":\"https:\\\/\\\/polyexcel.com.br\\\/wp-content\\\/uploads\\\/2019\\\/08\\\/fios-cabos-eletricos-300x200.jpg\",\"contentUrl\":\"https:\\\/\\\/polyexcel.com.br\\\/wp-content\\\/uploads\\\/2019\\\/08\\\/fios-cabos-eletricos-300x200.jpg\"},{\"@type\":\"BreadcrumbList\",\"@id\":\"https:\\\/\\\/polyexcel.com.br\\\/es\\\/energia\\\/#breadcrumb\",\"itemListElement\":[{\"@type\":\"ListItem\",\"position\":1,\"name\":\"comienzo\",\"item\":\"https:\\\/\\\/polyexcel.com.br\\\/es\\\/\"},{\"@type\":\"ListItem\",\"position\":2,\"name\":\"Energia\"}]},{\"@type\":\"WebSite\",\"@id\":\"https:\\\/\\\/polyexcel.com.br\\\/es\\\/#website\",\"url\":\"https:\\\/\\\/polyexcel.com.br\\\/es\\\/\",\"name\":\"Polyexcel\",\"description\":\"\",\"publisher\":{\"@id\":\"https:\\\/\\\/polyexcel.com.br\\\/es\\\/#organization\"},\"potentialAction\":[{\"@type\":\"SearchAction\",\"target\":{\"@type\":\"EntryPoint\",\"urlTemplate\":\"https:\\\/\\\/polyexcel.com.br\\\/es\\\/?s={search_term_string}\"},\"query-input\":{\"@type\":\"PropertyValueSpecification\",\"valueRequired\":true,\"valueName\":\"search_term_string\"}}],\"inLanguage\":\"es\"},{\"@type\":\"Organization\",\"@id\":\"https:\\\/\\\/polyexcel.com.br\\\/es\\\/#organization\",\"name\":\"Polyexcel Ind\u00fastria e Com\u00e9rcio de Compostos Polim\u00e9ricos Ltda\",\"url\":\"https:\\\/\\\/polyexcel.com.br\\\/es\\\/\",\"logo\":{\"@type\":\"ImageObject\",\"inLanguage\":\"es\",\"@id\":\"https:\\\/\\\/polyexcel.com.br\\\/es\\\/#\\\/schema\\\/logo\\\/image\\\/\",\"url\":\"https:\\\/\\\/polyexcel.com.br\\\/wp-content\\\/uploads\\\/2023\\\/01\\\/Logo-Polyexcel-Assinado-16x9SQ.png\",\"contentUrl\":\"https:\\\/\\\/polyexcel.com.br\\\/wp-content\\\/uploads\\\/2023\\\/01\\\/Logo-Polyexcel-Assinado-16x9SQ.png\",\"width\":1920,\"height\":1080,\"caption\":\"Polyexcel Ind\u00fastria e Com\u00e9rcio de Compostos Polim\u00e9ricos Ltda\"},\"image\":{\"@id\":\"https:\\\/\\\/polyexcel.com.br\\\/es\\\/#\\\/schema\\\/logo\\\/image\\\/\"},\"sameAs\":[\"https:\\\/\\\/www.facebook.com\\\/polyexcel\\\/\",\"https:\\\/\\\/www.instagram.com\\\/polyexcel\\\/\",\"https:\\\/\\\/www.linkedin.com\\\/company\\\/polyexcel\\\/\"]}]}<\/script>\n<!-- \/ Yoast SEO plugin. -->","yoast_head_json":{"title":"Energia: conozca a un de nuestros segmentos | Polyexcel","description":"Polyexcel haz parte del proceso de generaci\u00f3n de luz al producir compuestos polim\u00e9ricos que son usados en los aislamientos de los cables","robots":{"index":"index","follow":"follow","max-snippet":"max-snippet:-1","max-image-preview":"max-image-preview:large","max-video-preview":"max-video-preview:-1"},"canonical":"https:\/\/polyexcel.com.br\/es\/energia\/","og_locale":"es_ES","og_type":"article","og_title":"Energia: conozca a un de nuestros segmentos | Polyexcel","og_description":"Polyexcel haz parte del proceso de generaci\u00f3n de luz al producir compuestos polim\u00e9ricos que son usados en los aislamientos de los cables","og_url":"https:\/\/polyexcel.com.br\/es\/energia\/","og_site_name":"Polyexcel","article_publisher":"https:\/\/www.facebook.com\/polyexcel\/","article_modified_time":"2023-02-13T17:57:56+00:00","og_image":[{"url":"https:\/\/polyexcel.com.br\/wp-content\/uploads\/2019\/08\/fios-cabos-eletricos-300x200.jpg","type":"","width":"","height":""}],"twitter_card":"summary_large_image","twitter_misc":{"Tiempo de lectura":"4 minutos"},"schema":{"@context":"https:\/\/schema.org","@graph":[{"@type":"WebPage","@id":"https:\/\/polyexcel.com.br\/es\/energia\/","url":"https:\/\/polyexcel.com.br\/es\/energia\/","name":"Energia: conozca a un de nuestros segmentos | Polyexcel","isPartOf":{"@id":"https:\/\/polyexcel.com.br\/es\/#website"},"primaryImageOfPage":{"@id":"https:\/\/polyexcel.com.br\/es\/energia\/#primaryimage"},"image":{"@id":"https:\/\/polyexcel.com.br\/es\/energia\/#primaryimage"},"thumbnailUrl":"https:\/\/polyexcel.com.br\/wp-content\/uploads\/2019\/08\/fios-cabos-eletricos-300x200.jpg","datePublished":"2019-09-18T20:22:13+00:00","dateModified":"2023-02-13T17:57:56+00:00","description":"Polyexcel haz parte del proceso de generaci\u00f3n de luz al producir compuestos polim\u00e9ricos que son usados en los aislamientos de los cables","breadcrumb":{"@id":"https:\/\/polyexcel.com.br\/es\/energia\/#breadcrumb"},"inLanguage":"es","potentialAction":[{"@type":"ReadAction","target":["https:\/\/polyexcel.com.br\/es\/energia\/"]}]},{"@type":"ImageObject","inLanguage":"es","@id":"https:\/\/polyexcel.com.br\/es\/energia\/#primaryimage","url":"https:\/\/polyexcel.com.br\/wp-content\/uploads\/2019\/08\/fios-cabos-eletricos-300x200.jpg","contentUrl":"https:\/\/polyexcel.com.br\/wp-content\/uploads\/2019\/08\/fios-cabos-eletricos-300x200.jpg"},{"@type":"BreadcrumbList","@id":"https:\/\/polyexcel.com.br\/es\/energia\/#breadcrumb","itemListElement":[{"@type":"ListItem","position":1,"name":"comienzo","item":"https:\/\/polyexcel.com.br\/es\/"},{"@type":"ListItem","position":2,"name":"Energia"}]},{"@type":"WebSite","@id":"https:\/\/polyexcel.com.br\/es\/#website","url":"https:\/\/polyexcel.com.br\/es\/","name":"Polyexcel","description":"","publisher":{"@id":"https:\/\/polyexcel.com.br\/es\/#organization"},"potentialAction":[{"@type":"SearchAction","target":{"@type":"EntryPoint","urlTemplate":"https:\/\/polyexcel.com.br\/es\/?s={search_term_string}"},"query-input":{"@type":"PropertyValueSpecification","valueRequired":true,"valueName":"search_term_string"}}],"inLanguage":"es"},{"@type":"Organization","@id":"https:\/\/polyexcel.com.br\/es\/#organization","name":"Polyexcel Ind\u00fastria e Com\u00e9rcio de Compostos Polim\u00e9ricos Ltda","url":"https:\/\/polyexcel.com.br\/es\/","logo":{"@type":"ImageObject","inLanguage":"es","@id":"https:\/\/polyexcel.com.br\/es\/#\/schema\/logo\/image\/","url":"https:\/\/polyexcel.com.br\/wp-content\/uploads\/2023\/01\/Logo-Polyexcel-Assinado-16x9SQ.png","contentUrl":"https:\/\/polyexcel.com.br\/wp-content\/uploads\/2023\/01\/Logo-Polyexcel-Assinado-16x9SQ.png","width":1920,"height":1080,"caption":"Polyexcel Ind\u00fastria e Com\u00e9rcio de Compostos Polim\u00e9ricos Ltda"},"image":{"@id":"https:\/\/polyexcel.com.br\/es\/#\/schema\/logo\/image\/"},"sameAs":["https:\/\/www.facebook.com\/polyexcel\/","https:\/\/www.instagram.com\/polyexcel\/","https:\/\/www.linkedin.com\/company\/polyexcel\/"]}]}},"_links":{"self":[{"href":"https:\/\/polyexcel.com.br\/es\/wp-json\/wp\/v2\/pages\/5660","targetHints":{"allow":["GET"]}}],"collection":[{"href":"https:\/\/polyexcel.com.br\/es\/wp-json\/wp\/v2\/pages"}],"about":[{"href":"https:\/\/polyexcel.com.br\/es\/wp-json\/wp\/v2\/types\/page"}],"author":[{"embeddable":true,"href":"https:\/\/polyexcel.com.br\/es\/wp-json\/wp\/v2\/users\/1"}],"replies":[{"embeddable":true,"href":"https:\/\/polyexcel.com.br\/es\/wp-json\/wp\/v2\/comments?post=5660"}],"version-history":[{"count":2,"href":"https:\/\/polyexcel.com.br\/es\/wp-json\/wp\/v2\/pages\/5660\/revisions"}],"predecessor-version":[{"id":11188,"href":"https:\/\/polyexcel.com.br\/es\/wp-json\/wp\/v2\/pages\/5660\/revisions\/11188"}],"wp:attachment":[{"href":"https:\/\/polyexcel.com.br\/es\/wp-json\/wp\/v2\/media?parent=5660"}],"curies":[{"name":"wp","href":"https:\/\/api.w.org\/{rel}","templated":true}]}}