{"id":5714,"date":"2019-09-19T10:22:09","date_gmt":"2019-09-19T13:22:09","guid":{"rendered":"https:\/\/polyexcel.com.br\/?page_id=5714"},"modified":"2023-02-13T16:16:17","modified_gmt":"2023-02-13T19:16:17","slug":"hepr","status":"publish","type":"page","link":"https:\/\/polyexcel.com.br\/es\/hepr\/","title":{"rendered":"HEPR"},"content":{"rendered":"<div class=\"wpb-content-wrapper\">[vc_row css=\u00bb.vc_custom_1566579406908{margin-top: 5% !important;margin-bottom: 3% !important;}\u00bb][vc_column][vc_column_text el_class=\u00bbprincipal\u00bb]<a href=\"https:\/\/polyexcel.com.br\/wp-content\/uploads\/2019\/09\/HEPR.jpg\"><img loading=\"lazy\" decoding=\"async\" class=\"size-medium wp-image-5314 alignleft\" src=\"https:\/\/polyexcel.com.br\/wp-content\/uploads\/2019\/09\/HEPR-300x200.jpg\" alt=\"HEPR\" width=\"300\" height=\"200\" srcset=\"https:\/\/polyexcel.com.br\/wp-content\/uploads\/2019\/09\/HEPR-300x200.jpg 300w, https:\/\/polyexcel.com.br\/wp-content\/uploads\/2019\/09\/HEPR.jpg 557w\" sizes=\"auto, (max-width: 300px) 100vw, 300px\" \/><\/a>HEPR es un Polietileno termoestable con la adici\u00f3n de elast\u00f3meros olef\u00ednicos que le dan al cable una mayor flexibilidad y menos dureza superficial para facilitar el manejo durante la instalaci\u00f3n.<\/p>\n<p><a href=\"https:\/\/polyexcel.com.br\/wp-content\/uploads\/2022\/12\/Catalogo-Polyexcel-2022-espanhol.pdf\" target=\"_blank\" rel=\"noopener\"><button class=\"catalogo\">Descargar Cat\u00e1logo<\/button><\/a>[\/vc_column_text][\/vc_column][\/vc_row][vc_row full_width=\u00bbstretch_row\u00bb css=\u00bb.vc_custom_1566777840126{padding-top: 2% !important;padding-bottom: 2% !important;background-color: #f4f4f4 !important;}\u00bb][vc_column][vc_tta_tabs alignment=\u00bbcenter\u00bb active_section=\u00bb1&#8243;][vc_tta_section title=\u00bbHPR42&#8243; tab_id=\u00bb1567618613884-f212ad41-94b7&#8243;][vc_column_text]\n<h2>HPR42<\/h2>\n<p>Compuesto de base etil\u00e9nica y elast\u00f3mero olef\u00ednico modificado con Vinil Silano, reticulable en h\u00famedo, recomendado para aislar cables de tensi\u00f3n, control y energ\u00eda para voltajes de hasta 1KV.[\/vc_column_text][\/vc_tta_section][vc_tta_section title=\u00bbHPR52&#8243; tab_id=\u00bb1567618613946-531a0371-878d\u00bb][vc_column_text]Compuesto de base etil\u00e9nica con un alto contenido de elast\u00f3mero olef\u00ednico para permitir flexibilidad y manejo del cable, mayor alargamiento a la rotura, menos deformaci\u00f3n permanente a la compresi\u00f3n, mejor resistencia a la abrasi\u00f3n y menor dureza.[\/vc_column_text][\/vc_tta_section][vc_tta_section title=\u00bbHPR53&#8243; tab_id=\u00bb1567628653687-2ed4a8f3-4120&#8243;][vc_column_text]\n<h2>HPR53<\/h2>\n<p>Compuesto de base etil\u00e9nica con alto contenido de elast\u00f3mero poliolef\u00ednico, para permitir flexibilidad y manejo del cable, mayor alargamiento a la rotura, menos deformaci\u00f3n permanente a la compresi\u00f3n, mejor resistencia a la abrasi\u00f3n y menor dureza..[\/vc_column_text][\/vc_tta_section][\/vc_tta_tabs][\/vc_column][\/vc_row][vc_section][vc_row full_width=\u00bbstretch_row\u00bb equal_height=\u00bbyes\u00bb bg_cws_repeat=\u00bbno-repeat\u00bb bg_cws_size=\u00bbcover\u00bb bg_image_position=\u00bbcenter_center\u00bb bg_cws_color=\u00bbcolor\u00bb cws_overlay_color=\u00bbrgba(29,45,70,0.85)\u00bb css=\u00bb.vc_custom_1676309477107{background-image: url(https:\/\/polyexcel.com.br\/wp-content\/uploads\/2019\/08\/banner-empresa.jpg?id=4220) !important;}\u00bb][vc_column width=\u00bb1\/6&#8243;][\/vc_column][vc_column width=\u00bb2\/3&#8243;][vc_empty_space height=\u00bb30px\u00bb][vc_column_text el_class=\u00bbbranco\u00bb]\n<p style=\"text-align: center;\"><strong>Haga un presupuesto con Polyexcel ahora mismo!<\/strong><\/p>\n[\/vc_column_text][vc_empty_space height=\u00bb30px\u00bb][vc_row_inner css=\u00bb.vc_custom_1676309380972{background-color: #ffffff !important;}\u00bb][vc_column_inner]<div class=\"wpforms-container wpforms-container-full\" id=\"wpforms-11082\"><form id=\"wpforms-form-11082\" class=\"wpforms-validate wpforms-form wpforms-ajax-form\" data-formid=\"11082\" method=\"post\" enctype=\"multipart\/form-data\" action=\"\/es\/wp-json\/wp\/v2\/pages\/5714\" data-token=\"b7a0b90d61f49604daec2d2f2d30ddf6\" data-token-time=\"1776978526\"><noscript class=\"wpforms-error-noscript\">Por favor, activa JavaScript en tu navegador para completar este formulario.<\/noscript><div class=\"wpforms-field-container\"><div id=\"wpforms-11082-field_1-container\" class=\"wpforms-field wpforms-field-name\" data-field-id=\"1\"><label class=\"wpforms-field-label\" for=\"wpforms-11082-field_1\">Nombre <span class=\"wpforms-required-label\">*<\/span><\/label><input type=\"text\" id=\"wpforms-11082-field_1\" class=\"wpforms-field-large wpforms-field-required\" name=\"wpforms[fields][1]\" required><\/div><div id=\"wpforms-11082-field_2-container\" class=\"wpforms-field wpforms-field-email wpforms-one-half wpforms-first\" data-field-id=\"2\"><label class=\"wpforms-field-label\" for=\"wpforms-11082-field_2\">E-mail <span class=\"wpforms-required-label\">*<\/span><\/label><input type=\"email\" id=\"wpforms-11082-field_2\" class=\"wpforms-field-large wpforms-field-required\" name=\"wpforms[fields][2]\" spellcheck=\"false\" required><\/div><div id=\"wpforms-11082-field_4-container\" class=\"wpforms-field wpforms-field-text wpforms-one-half\" data-field-id=\"4\"><label class=\"wpforms-field-label\" for=\"wpforms-11082-field_4\">Tel\u00e9fono <span class=\"wpforms-required-label\">*<\/span><\/label><input type=\"text\" id=\"wpforms-11082-field_4\" class=\"wpforms-field-large wpforms-field-required wpforms-masked-input\" data-rule-inputmask-incomplete=\"1\" data-inputmask-mask=\"99 9999-9999[9]\" name=\"wpforms[fields][4]\" required><\/div><div id=\"wpforms-11082-field_5-container\" class=\"wpforms-field wpforms-field-text wpforms-one-half wpforms-first\" data-field-id=\"5\"><label class=\"wpforms-field-label\" for=\"wpforms-11082-field_5\">Empresa <span class=\"wpforms-required-label\">*<\/span><\/label><input type=\"text\" id=\"wpforms-11082-field_5\" class=\"wpforms-field-large wpforms-field-required\" name=\"wpforms[fields][5]\" required><\/div><div id=\"wpforms-11082-field_6-container\" class=\"wpforms-field wpforms-field-select wpforms-one-half wpforms-field-select-style-classic\" data-field-id=\"6\"><label class=\"wpforms-field-label\" for=\"wpforms-11082-field_6\">Seguimiento <span class=\"wpforms-required-label\">*<\/span><\/label><select id=\"wpforms-11082-field_6\" class=\"wpforms-field-large wpforms-field-required\" name=\"wpforms[fields][6]\" required=\"required\"><option value=\"\" class=\"placeholder\" disabled  selected='selected'>Elige...<\/option><option value=\"Energ\u00eda\"  class=\"choice-1 depth-1\"  >Energ\u00eda<\/option><option value=\"Telecomunicaciones\"  class=\"choice-2 depth-1\"  >Telecomunicaciones<\/option><option value=\"Industria\"  class=\"choice-3 depth-1\"  >Industria<\/option><option value=\"Otros\"  class=\"choice-4 depth-1\"  >Otros<\/option><\/select><\/div><div id=\"wpforms-11082-field_8-container\" class=\"wpforms-field wpforms-field-textarea\" data-field-id=\"8\"><label class=\"wpforms-field-label\" for=\"wpforms-11082-field_8\">Mensage <span class=\"wpforms-required-label\">*<\/span><\/label><textarea id=\"wpforms-11082-field_8\" class=\"wpforms-field-large wpforms-field-required wpforms-limit-characters-enabled\" data-form-id=\"11082\" data-field-id=\"8\" data-text-limit=\"500\" name=\"wpforms[fields][8]\" maxlength=\"500\" required><\/textarea><\/div><\/div><!-- .wpforms-field-container --><div class=\"wpforms-recaptcha-container wpforms-is-recaptcha wpforms-is-recaptcha-type-invisible\" ><div class=\"g-recaptcha\" data-sitekey=\"6Lf6VR4hAAAAAI4iWo7J_9g7pcd-JgbSp3XVwI3s\" data-size=\"invisible\"><\/div><\/div><div class=\"wpforms-submit-container\" ><input type=\"hidden\" name=\"wpforms[id]\" value=\"11082\"><input type=\"hidden\" name=\"page_title\" value=\"\"><input type=\"hidden\" name=\"page_url\" value=\"https:\/\/polyexcel.com.br\/es\/wp-json\/wp\/v2\/pages\/5714\"><input type=\"hidden\" name=\"url_referer\" value=\"\"><button type=\"submit\" name=\"wpforms[submit]\" id=\"wpforms-submit-11082\" class=\"wpforms-submit\" data-alt-text=\"Enviando...\" data-submit-text=\"Enviar\" aria-live=\"assertive\" value=\"wpforms-submit\">Enviar<\/button><img loading=\"lazy\" decoding=\"async\" src=\"https:\/\/polyexcel.com.br\/wp-content\/plugins\/wpforms-lite\/assets\/images\/submit-spin.svg\" class=\"wpforms-submit-spinner\" style=\"display: none;\" width=\"26\" height=\"26\" alt=\"Cargando\"><\/div><\/form><\/div>  <!-- .wpforms-container -->[\/vc_column_inner][\/vc_row_inner][vc_empty_space height=\u00bb30px\u00bb][\/vc_column][vc_column width=\u00bb1\/6&#8243;][\/vc_column][\/vc_row][\/vc_section][vc_row][vc_column][vc_raw_js]JTNDc2NyaXB0JTNFJTBBJTBBJTIwJTIwJTIwJTIwdmFyJTIwZmlsdGVyJTIwJTNEJTIwJTJGJTVFJTI4JTVCYS16QS1aMC05XyU1Qy4lNUMtJTVEJTI5JTJCJTVDJTQwJTI4JTI4JTVCYS16QS1aMC05JTVDLSU1RCUyOSUyQiU1Qy4lMjklMkIlMjglNUJhLXpBLVowLTklNUQlN0IyJTJDNCU3RCUyOSUyQiUyNCUyRiUzQiUwQSUyMCUyMCUyMCUyMCUyMCUyMGpRdWVyeSUyOCUyMGRvY3VtZW50JTIwJTI5LnJlYWR5JTI4JTIwZnVuY3Rpb24lMjglMjklMjAlN0IlMEElMjAlMjAlMjAlMjAlMjAlMjAlMjAlMjBqUXVlcnklMjglMjBkb2N1bWVudCUyMCUyOSUwQSUyMCUyMCUyMCUyMCUyMCUyMCUyMCUyMC5vbiUyOCUyN2NsaWNrJTI3JTJDJTIwJTI3JTIzZm9ybUhFUlBlcyUyNyUyQyUyMGZ1bmN0aW9uJTI4JTI5JTIwJTdCJTIwJTBBJTIwJTIwJTIwJTIwJTIwJTIwJTIwJTIwJTIwJTIwJTIwaWYlMjhqUXVlcnklMjglMjJpbnB1dCU1Qm5hbWUlM0QlMjd5b3VyLWVtcHJlc2ElMjclNUQlMjIlMjkudmFsJTI4JTI5JTIxJTNEJTIyJTIyJTIwJTI2JTI2JTIwalF1ZXJ5JTI4JTIyaW5wdXQlNUJuYW1lJTNEJTI3eW91ci1ub21lJTI3JTVEJTIyJTI5LnZhbCUyOCUyOSUyMSUzRCUyMiUyMiUyMCUyNiUyNiUyMGpRdWVyeSUyOCUyMmlucHV0JTVCbmFtZSUzRCUyN3lvdXItZW1haWwlMjclNUQlMjIlMjkudmFsJTI4JTI5JTIxJTNEJTIyJTIyJTIwJTI2JTI2JTIwZmlsdGVyLnRlc3QlMjglMjBqUXVlcnklMjglMjJpbnB1dCU1Qm5hbWUlM0QlMjd5b3VyLWVtYWlsJTI3JTVEJTIyJTI5LnZhbCUyOCUyOSUyOSUyMSUzRGZhbHNlJTI5JTdCJTBBJTIwJTIwJTIwJTIwJTIwJTIwJTIwJTIwJTIwJTIwJTIwJTIwJTIwJTIwJTIwJTIwJTIwJTBBJTIwZ3RhZyUyOCUyN2V2ZW50JTI3JTJDJTI3Y2xpY2FyJTI3JTJDJTIwJTdCJTI3ZXZlbnRfY2F0ZWdvcnklMjclM0ElMjdDYXB0dXJhRGVMZWFkJTI3JTJDJTI3ZXZlbnRfbGFiZWwlMjclM0ElMjdGb3JtdWxhcmlvX0VuZXJnaWFfSEVSUF9lcyUyNyUyQyUyN3ZhbHVlJTI3JTNBMSU3RCUyOSUzQiUwQSUyMCUyMCUyMCUyMCUyMCUyMCUyMCUyMCUyMCUyMCUyMCU3RCUwQSUyMCUyMCUyMCUyMCUyMCUyMCUyMCUyMCU3RCUyOSUzQiUwQSUyMCUyMCUyMCUyMCUyMCUyMCUyMCUyMCUwQSUyMCUyMCUyMCUyMCUyMCUyMCUyMCUyMCUwQSUwQSUyMCUyMCU3RCUyOSUzQiUwQSUzQyUyRnNjcmlwdCUzRQ==[\/vc_raw_js][\/vc_column][\/vc_row]\n<\/div>","protected":false},"excerpt":{"rendered":"<p>[vc_row css=\u00bb.vc_custom_1566579406908{margin-top: 5% !important;margin-bottom: 3% !important;}\u00bb][vc_column][vc_column_text el_class=\u00bbprincipal\u00bb]HEPR es un Polietileno termoestable con la adici\u00f3n de elast\u00f3meros olef\u00ednicos que le dan al cable una mayor flexibilidad y menos dureza superficial para facilitar el manejo durante la instalaci\u00f3n. Descargar Cat\u00e1logo[\/vc_column_text][\/vc_column][\/vc_row][vc_row full_width=\u00bbstretch_row\u00bb css=\u00bb.vc_custom_1566777840126{padding-top: 2% !important;padding-bottom: 2% !important;background-color: #f4f4f4 !important;}\u00bb][vc_column][vc_tta_tabs alignment=\u00bbcenter\u00bb active_section=\u00bb1&#8243;][vc_tta_section title=\u00bbHPR42&#8243; tab_id=\u00bb1567618613884-f212ad41-94b7&#8243;][vc_column_text] HPR42 Compuesto de base etil\u00e9nica y elast\u00f3mero olef\u00ednico modificado con Vinil Silano, reticulable en h\u00famedo, recomendado para aislar cables de tensi\u00f3n, control y energ\u00eda para voltajes de hasta 1KV.[\/vc_column_text][\/vc_tta_section][vc_tta_section title=\u00bbHPR52&#8243; tab_id=\u00bb1567618613946-531a0371-878d\u00bb][vc_column_text]Compuesto de base etil\u00e9nica con un alto contenido de elast\u00f3mero olef\u00ednico para permitir flexibilidad y manejo del cable, mayor alargamiento a la rotura, menos deformaci\u00f3n permanente a la compresi\u00f3n, mejor resistencia a la abrasi\u00f3n y menor dureza.[\/vc_column_text][\/vc_tta_section][vc_tta_section title=\u00bbHPR53&#8243; tab_id=\u00bb1567628653687-2ed4a8f3-4120&#8243;][vc_column_text] HPR53 Compuesto de base etil\u00e9nica con alto contenido de elast\u00f3mero poliolef\u00ednico, para permitir flexibilidad y manejo del cable, mayor alargamiento a la rotura, menos deformaci\u00f3n permanente a la compresi\u00f3n, mejor resistencia a la abrasi\u00f3n y menor dureza..[\/vc_column_text][\/vc_tta_section][\/vc_tta_tabs][\/vc_column][\/vc_row][vc_section][vc_row full_width=\u00bbstretch_row\u00bb equal_height=\u00bbyes\u00bb bg_cws_repeat=\u00bbno-repeat\u00bb bg_cws_size=\u00bbcover\u00bb bg_image_position=\u00bbcenter_center\u00bb bg_cws_color=\u00bbcolor\u00bb cws_overlay_color=\u00bbrgba(29,45,70,0.85)\u00bb css=\u00bb.vc_custom_1676309477107{background-image: url(https:\/\/polyexcel.com.br\/wp-content\/uploads\/2019\/08\/banner-empresa.jpg?id=4220) !important;}\u00bb][vc_column width=\u00bb1\/6&#8243;][\/vc_column][vc_column width=\u00bb2\/3&#8243;][vc_empty_space height=\u00bb30px\u00bb][vc_column_text el_class=\u00bbbranco\u00bb] Haga un presupuesto con Polyexcel ahora mismo! [\/vc_column_text][vc_empty_space height=\u00bb30px\u00bb][vc_row_inner css=\u00bb.vc_custom_1676309380972{background-color: #ffffff !important;}\u00bb][vc_column_inner][\/vc_column_inner][\/vc_row_inner][vc_empty_space height=\u00bb30px\u00bb][\/vc_column][vc_column width=\u00bb1\/6&#8243;][\/vc_column][\/vc_row][\/vc_section][vc_row][vc_column][vc_raw_js]JTNDc2NyaXB0JTNFJTBBJTBBJTIwJTIwJTIwJTIwdmFyJTIwZmlsdGVyJTIwJTNEJTIwJTJGJTVFJTI4JTVCYS16QS1aMC05XyU1Qy4lNUMtJTVEJTI5JTJCJTVDJTQwJTI4JTI4JTVCYS16QS1aMC05JTVDLSU1RCUyOSUyQiU1Qy4lMjklMkIlMjglNUJhLXpBLVowLTklNUQlN0IyJTJDNCU3RCUyOSUyQiUyNCUyRiUzQiUwQSUyMCUyMCUyMCUyMCUyMCUyMGpRdWVyeSUyOCUyMGRvY3VtZW50JTIwJTI5LnJlYWR5JTI4JTIwZnVuY3Rpb24lMjglMjklMjAlN0IlMEElMjAlMjAlMjAlMjAlMjAlMjAlMjAlMjBqUXVlcnklMjglMjBkb2N1bWVudCUyMCUyOSUwQSUyMCUyMCUyMCUyMCUyMCUyMCUyMCUyMC5vbiUyOCUyN2NsaWNrJTI3JTJDJTIwJTI3JTIzZm9ybUhFUlBlcyUyNyUyQyUyMGZ1bmN0aW9uJTI4JTI5JTIwJTdCJTIwJTBBJTIwJTIwJTIwJTIwJTIwJTIwJTIwJTIwJTIwJTIwJTIwaWYlMjhqUXVlcnklMjglMjJpbnB1dCU1Qm5hbWUlM0QlMjd5b3VyLWVtcHJlc2ElMjclNUQlMjIlMjkudmFsJTI4JTI5JTIxJTNEJTIyJTIyJTIwJTI2JTI2JTIwalF1ZXJ5JTI4JTIyaW5wdXQlNUJuYW1lJTNEJTI3eW91ci1ub21lJTI3JTVEJTIyJTI5LnZhbCUyOCUyOSUyMSUzRCUyMiUyMiUyMCUyNiUyNiUyMGpRdWVyeSUyOCUyMmlucHV0JTVCbmFtZSUzRCUyN3lvdXItZW1haWwlMjclNUQlMjIlMjkudmFsJTI4JTI5JTIxJTNEJTIyJTIyJTIwJTI2JTI2JTIwZmlsdGVyLnRlc3QlMjglMjBqUXVlcnklMjglMjJpbnB1dCU1Qm5hbWUlM0QlMjd5b3VyLWVtYWlsJTI3JTVEJTIyJTI5LnZhbCUyOCUyOSUyOSUyMSUzRGZhbHNlJTI5JTdCJTBBJTIwJTIwJTIwJTIwJTIwJTIwJTIwJTIwJTIwJTIwJTIwJTIwJTIwJTIwJTIwJTIwJTIwJTBBJTIwZ3RhZyUyOCUyN2V2ZW50JTI3JTJDJTI3Y2xpY2FyJTI3JTJDJTIwJTdCJTI3ZXZlbnRfY2F0ZWdvcnklMjclM0ElMjdDYXB0dXJhRGVMZWFkJTI3JTJDJTI3ZXZlbnRfbGFiZWwlMjclM0ElMjdGb3JtdWxhcmlvX0VuZXJnaWFfSEVSUF9lcyUyNyUyQyUyN3ZhbHVlJTI3JTNBMSU3RCUyOSUzQiUwQSUyMCUyMCUyMCUyMCUyMCUyMCUyMCUyMCUyMCUyMCUyMCU3RCUwQSUyMCUyMCUyMCUyMCUyMCUyMCUyMCUyMCU3RCUyOSUzQiUwQSUyMCUyMCUyMCUyMCUyMCUyMCUyMCUyMCUwQSUyMCUyMCUyMCUyMCUyMCUyMCUyMCUyMCUwQSUwQSUyMCUyMCU3RCUyOSUzQiUwQSUzQyUyRnNjcmlwdCUzRQ==[\/vc_raw_js][\/vc_column][\/vc_row]<\/p>\n","protected":false},"author":1,"featured_media":0,"parent":0,"menu_order":0,"comment_status":"closed","ping_status":"closed","template":"","meta":{"footnotes":""},"class_list":["post-5714","page","type-page","status-publish","hentry"],"yoast_head":"<!-- This site is optimized with the Yoast SEO plugin v27.4 - https:\/\/yoast.com\/product\/yoast-seo-wordpress\/ -->\n<title>HPR42: conozca un de los compuestos usados en cables | Polyexcel<\/title>\n<meta name=\"description\" content=\"Con mayor flexibilidad, el HEPR es un compuesto de polietileno termoestable de f\u00e1cil manejo. Acceda para ver los tres tipos que tenemos\" \/>\n<meta name=\"robots\" content=\"index, follow, max-snippet:-1, max-image-preview:large, max-video-preview:-1\" \/>\n<link rel=\"canonical\" href=\"https:\/\/polyexcel.com.br\/es\/hepr\/\" \/>\n<meta property=\"og:locale\" content=\"es_ES\" \/>\n<meta property=\"og:type\" content=\"article\" \/>\n<meta property=\"og:title\" content=\"HPR42: conozca un de los compuestos usados en cables | Polyexcel\" \/>\n<meta property=\"og:description\" content=\"Con mayor flexibilidad, el HEPR es un compuesto de polietileno termoestable de f\u00e1cil manejo. Acceda para ver los tres tipos que tenemos\" \/>\n<meta property=\"og:url\" content=\"https:\/\/polyexcel.com.br\/es\/hepr\/\" \/>\n<meta property=\"og:site_name\" content=\"Polyexcel\" \/>\n<meta property=\"article:publisher\" content=\"https:\/\/www.facebook.com\/polyexcel\/\" \/>\n<meta property=\"article:modified_time\" content=\"2023-02-13T19:16:17+00:00\" \/>\n<meta property=\"og:image\" content=\"https:\/\/polyexcel.com.br\/wp-content\/uploads\/2019\/09\/HEPR-300x200.jpg\" \/>\n<meta name=\"twitter:card\" content=\"summary_large_image\" \/>\n<meta name=\"twitter:label1\" content=\"Tiempo de lectura\" \/>\n\t<meta name=\"twitter:data1\" content=\"2 minutos\" \/>\n<script type=\"application\/ld+json\" class=\"yoast-schema-graph\">{\"@context\":\"https:\\\/\\\/schema.org\",\"@graph\":[{\"@type\":\"WebPage\",\"@id\":\"https:\\\/\\\/polyexcel.com.br\\\/es\\\/hepr\\\/\",\"url\":\"https:\\\/\\\/polyexcel.com.br\\\/es\\\/hepr\\\/\",\"name\":\"HPR42: conozca un de los compuestos usados en cables | Polyexcel\",\"isPartOf\":{\"@id\":\"https:\\\/\\\/polyexcel.com.br\\\/es\\\/#website\"},\"primaryImageOfPage\":{\"@id\":\"https:\\\/\\\/polyexcel.com.br\\\/es\\\/hepr\\\/#primaryimage\"},\"image\":{\"@id\":\"https:\\\/\\\/polyexcel.com.br\\\/es\\\/hepr\\\/#primaryimage\"},\"thumbnailUrl\":\"https:\\\/\\\/polyexcel.com.br\\\/wp-content\\\/uploads\\\/2019\\\/09\\\/HEPR-300x200.jpg\",\"datePublished\":\"2019-09-19T13:22:09+00:00\",\"dateModified\":\"2023-02-13T19:16:17+00:00\",\"description\":\"Con mayor flexibilidad, el HEPR es un compuesto de polietileno termoestable de f\u00e1cil manejo. Acceda para ver los tres tipos que tenemos\",\"breadcrumb\":{\"@id\":\"https:\\\/\\\/polyexcel.com.br\\\/es\\\/hepr\\\/#breadcrumb\"},\"inLanguage\":\"es\",\"potentialAction\":[{\"@type\":\"ReadAction\",\"target\":[\"https:\\\/\\\/polyexcel.com.br\\\/es\\\/hepr\\\/\"]}]},{\"@type\":\"ImageObject\",\"inLanguage\":\"es\",\"@id\":\"https:\\\/\\\/polyexcel.com.br\\\/es\\\/hepr\\\/#primaryimage\",\"url\":\"https:\\\/\\\/polyexcel.com.br\\\/wp-content\\\/uploads\\\/2019\\\/09\\\/HEPR-300x200.jpg\",\"contentUrl\":\"https:\\\/\\\/polyexcel.com.br\\\/wp-content\\\/uploads\\\/2019\\\/09\\\/HEPR-300x200.jpg\"},{\"@type\":\"BreadcrumbList\",\"@id\":\"https:\\\/\\\/polyexcel.com.br\\\/es\\\/hepr\\\/#breadcrumb\",\"itemListElement\":[{\"@type\":\"ListItem\",\"position\":1,\"name\":\"comienzo\",\"item\":\"https:\\\/\\\/polyexcel.com.br\\\/es\\\/\"},{\"@type\":\"ListItem\",\"position\":2,\"name\":\"HEPR\"}]},{\"@type\":\"WebSite\",\"@id\":\"https:\\\/\\\/polyexcel.com.br\\\/es\\\/#website\",\"url\":\"https:\\\/\\\/polyexcel.com.br\\\/es\\\/\",\"name\":\"Polyexcel\",\"description\":\"\",\"publisher\":{\"@id\":\"https:\\\/\\\/polyexcel.com.br\\\/es\\\/#organization\"},\"potentialAction\":[{\"@type\":\"SearchAction\",\"target\":{\"@type\":\"EntryPoint\",\"urlTemplate\":\"https:\\\/\\\/polyexcel.com.br\\\/es\\\/?s={search_term_string}\"},\"query-input\":{\"@type\":\"PropertyValueSpecification\",\"valueRequired\":true,\"valueName\":\"search_term_string\"}}],\"inLanguage\":\"es\"},{\"@type\":\"Organization\",\"@id\":\"https:\\\/\\\/polyexcel.com.br\\\/es\\\/#organization\",\"name\":\"Polyexcel Ind\u00fastria e Com\u00e9rcio de Compostos Polim\u00e9ricos Ltda\",\"url\":\"https:\\\/\\\/polyexcel.com.br\\\/es\\\/\",\"logo\":{\"@type\":\"ImageObject\",\"inLanguage\":\"es\",\"@id\":\"https:\\\/\\\/polyexcel.com.br\\\/es\\\/#\\\/schema\\\/logo\\\/image\\\/\",\"url\":\"https:\\\/\\\/polyexcel.com.br\\\/wp-content\\\/uploads\\\/2023\\\/01\\\/Logo-Polyexcel-Assinado-16x9SQ.png\",\"contentUrl\":\"https:\\\/\\\/polyexcel.com.br\\\/wp-content\\\/uploads\\\/2023\\\/01\\\/Logo-Polyexcel-Assinado-16x9SQ.png\",\"width\":1920,\"height\":1080,\"caption\":\"Polyexcel Ind\u00fastria e Com\u00e9rcio de Compostos Polim\u00e9ricos Ltda\"},\"image\":{\"@id\":\"https:\\\/\\\/polyexcel.com.br\\\/es\\\/#\\\/schema\\\/logo\\\/image\\\/\"},\"sameAs\":[\"https:\\\/\\\/www.facebook.com\\\/polyexcel\\\/\",\"https:\\\/\\\/www.instagram.com\\\/polyexcel\\\/\",\"https:\\\/\\\/www.linkedin.com\\\/company\\\/polyexcel\\\/\"]}]}<\/script>\n<!-- \/ Yoast SEO plugin. -->","yoast_head_json":{"title":"HPR42: conozca un de los compuestos usados en cables | Polyexcel","description":"Con mayor flexibilidad, el HEPR es un compuesto de polietileno termoestable de f\u00e1cil manejo. Acceda para ver los tres tipos que tenemos","robots":{"index":"index","follow":"follow","max-snippet":"max-snippet:-1","max-image-preview":"max-image-preview:large","max-video-preview":"max-video-preview:-1"},"canonical":"https:\/\/polyexcel.com.br\/es\/hepr\/","og_locale":"es_ES","og_type":"article","og_title":"HPR42: conozca un de los compuestos usados en cables | Polyexcel","og_description":"Con mayor flexibilidad, el HEPR es un compuesto de polietileno termoestable de f\u00e1cil manejo. Acceda para ver los tres tipos que tenemos","og_url":"https:\/\/polyexcel.com.br\/es\/hepr\/","og_site_name":"Polyexcel","article_publisher":"https:\/\/www.facebook.com\/polyexcel\/","article_modified_time":"2023-02-13T19:16:17+00:00","og_image":[{"url":"https:\/\/polyexcel.com.br\/wp-content\/uploads\/2019\/09\/HEPR-300x200.jpg","type":"","width":"","height":""}],"twitter_card":"summary_large_image","twitter_misc":{"Tiempo de lectura":"2 minutos"},"schema":{"@context":"https:\/\/schema.org","@graph":[{"@type":"WebPage","@id":"https:\/\/polyexcel.com.br\/es\/hepr\/","url":"https:\/\/polyexcel.com.br\/es\/hepr\/","name":"HPR42: conozca un de los compuestos usados en cables | Polyexcel","isPartOf":{"@id":"https:\/\/polyexcel.com.br\/es\/#website"},"primaryImageOfPage":{"@id":"https:\/\/polyexcel.com.br\/es\/hepr\/#primaryimage"},"image":{"@id":"https:\/\/polyexcel.com.br\/es\/hepr\/#primaryimage"},"thumbnailUrl":"https:\/\/polyexcel.com.br\/wp-content\/uploads\/2019\/09\/HEPR-300x200.jpg","datePublished":"2019-09-19T13:22:09+00:00","dateModified":"2023-02-13T19:16:17+00:00","description":"Con mayor flexibilidad, el HEPR es un compuesto de polietileno termoestable de f\u00e1cil manejo. Acceda para ver los tres tipos que tenemos","breadcrumb":{"@id":"https:\/\/polyexcel.com.br\/es\/hepr\/#breadcrumb"},"inLanguage":"es","potentialAction":[{"@type":"ReadAction","target":["https:\/\/polyexcel.com.br\/es\/hepr\/"]}]},{"@type":"ImageObject","inLanguage":"es","@id":"https:\/\/polyexcel.com.br\/es\/hepr\/#primaryimage","url":"https:\/\/polyexcel.com.br\/wp-content\/uploads\/2019\/09\/HEPR-300x200.jpg","contentUrl":"https:\/\/polyexcel.com.br\/wp-content\/uploads\/2019\/09\/HEPR-300x200.jpg"},{"@type":"BreadcrumbList","@id":"https:\/\/polyexcel.com.br\/es\/hepr\/#breadcrumb","itemListElement":[{"@type":"ListItem","position":1,"name":"comienzo","item":"https:\/\/polyexcel.com.br\/es\/"},{"@type":"ListItem","position":2,"name":"HEPR"}]},{"@type":"WebSite","@id":"https:\/\/polyexcel.com.br\/es\/#website","url":"https:\/\/polyexcel.com.br\/es\/","name":"Polyexcel","description":"","publisher":{"@id":"https:\/\/polyexcel.com.br\/es\/#organization"},"potentialAction":[{"@type":"SearchAction","target":{"@type":"EntryPoint","urlTemplate":"https:\/\/polyexcel.com.br\/es\/?s={search_term_string}"},"query-input":{"@type":"PropertyValueSpecification","valueRequired":true,"valueName":"search_term_string"}}],"inLanguage":"es"},{"@type":"Organization","@id":"https:\/\/polyexcel.com.br\/es\/#organization","name":"Polyexcel Ind\u00fastria e Com\u00e9rcio de Compostos Polim\u00e9ricos Ltda","url":"https:\/\/polyexcel.com.br\/es\/","logo":{"@type":"ImageObject","inLanguage":"es","@id":"https:\/\/polyexcel.com.br\/es\/#\/schema\/logo\/image\/","url":"https:\/\/polyexcel.com.br\/wp-content\/uploads\/2023\/01\/Logo-Polyexcel-Assinado-16x9SQ.png","contentUrl":"https:\/\/polyexcel.com.br\/wp-content\/uploads\/2023\/01\/Logo-Polyexcel-Assinado-16x9SQ.png","width":1920,"height":1080,"caption":"Polyexcel Ind\u00fastria e Com\u00e9rcio de Compostos Polim\u00e9ricos Ltda"},"image":{"@id":"https:\/\/polyexcel.com.br\/es\/#\/schema\/logo\/image\/"},"sameAs":["https:\/\/www.facebook.com\/polyexcel\/","https:\/\/www.instagram.com\/polyexcel\/","https:\/\/www.linkedin.com\/company\/polyexcel\/"]}]}},"_links":{"self":[{"href":"https:\/\/polyexcel.com.br\/es\/wp-json\/wp\/v2\/pages\/5714","targetHints":{"allow":["GET"]}}],"collection":[{"href":"https:\/\/polyexcel.com.br\/es\/wp-json\/wp\/v2\/pages"}],"about":[{"href":"https:\/\/polyexcel.com.br\/es\/wp-json\/wp\/v2\/types\/page"}],"author":[{"embeddable":true,"href":"https:\/\/polyexcel.com.br\/es\/wp-json\/wp\/v2\/users\/1"}],"replies":[{"embeddable":true,"href":"https:\/\/polyexcel.com.br\/es\/wp-json\/wp\/v2\/comments?post=5714"}],"version-history":[{"count":4,"href":"https:\/\/polyexcel.com.br\/es\/wp-json\/wp\/v2\/pages\/5714\/revisions"}],"predecessor-version":[{"id":11195,"href":"https:\/\/polyexcel.com.br\/es\/wp-json\/wp\/v2\/pages\/5714\/revisions\/11195"}],"wp:attachment":[{"href":"https:\/\/polyexcel.com.br\/es\/wp-json\/wp\/v2\/media?parent=5714"}],"curies":[{"name":"wp","href":"https:\/\/api.w.org\/{rel}","templated":true}]}}