{"id":5746,"date":"2019-09-19T11:14:37","date_gmt":"2019-09-19T14:14:37","guid":{"rendered":"https:\/\/polyexcel.com.br\/?page_id=5746"},"modified":"2023-02-13T17:03:59","modified_gmt":"2023-02-13T20:03:59","slug":"xlpe-at","status":"publish","type":"page","link":"https:\/\/polyexcel.com.br\/es\/xlpe-at\/","title":{"rendered":"XLPE AT"},"content":{"rendered":"<div class=\"wpb-content-wrapper\">[vc_row css=\u00bb.vc_custom_1566590552075{margin-top: 5% !important;margin-bottom: 3% !important;}\u00bb][vc_column][vc_column_text el_class=\u00bbprincipal\u00bb]<a href=\"https:\/\/polyexcel.com.br\/wp-content\/uploads\/2019\/09\/XLPE-AT.jpg\"><img loading=\"lazy\" decoding=\"async\" class=\"alignleft size-medium wp-image-5318\" src=\"https:\/\/polyexcel.com.br\/wp-content\/uploads\/2019\/09\/XLPE-AT-300x200.jpg\" alt=\"XLPE AT\" width=\"300\" height=\"200\" srcset=\"https:\/\/polyexcel.com.br\/wp-content\/uploads\/2019\/09\/XLPE-AT-300x200.jpg 300w, https:\/\/polyexcel.com.br\/wp-content\/uploads\/2019\/09\/XLPE-AT.jpg 557w\" sizes=\"auto, (max-width: 300px) 100vw, 300px\" \/><\/a><strong>XLPE AT<\/strong> es un compuesto de base etil\u00e9nica, reticulable en h\u00famedo. Utilizado en la fabricaci\u00f3n de cables de red a\u00e9rea compacta de distribuci\u00f3n de energ\u00eda con voltajes de hasta 35KV.<\/p>\n<p><a href=\"https:\/\/polyexcel.com.br\/wp-content\/uploads\/2022\/12\/Catalogo-Polyexcel-2022-espanhol.pdf\" target=\"_blank\" rel=\"noopener\"><button class=\"catalogo\">Descargar Cat\u00e1logo<\/button><\/a>[\/vc_column_text][\/vc_column][\/vc_row][vc_row full_width=\u00bbstretch_row\u00bb css=\u00bb.vc_custom_1566593541653{padding-top: 2% !important;padding-bottom: 2% !important;background-color: #f4f4f4 !important;}\u00bb][vc_column][vc_column_text css=\u00bb.vc_custom_1676318636855{padding-bottom: 2% !important;}\u00bb]\n<h2 class=\"banner_title\" style=\"text-align: left;\">XPEAT 61<\/h2>\n<p>Compuesto de base etil\u00e9nica modificado con Vinil Silano, reticulable en h\u00famedo y resistente al impacto el\u00e9ctrico, recomendado como cubierta de cables de red a\u00e9rea compacta de distribuci\u00f3n de energ\u00eda, con voltajes de hasta 35 KV.[\/vc_column_text][\/vc_column][\/vc_row][vc_section][vc_row full_width=\u00bbstretch_row\u00bb equal_height=\u00bbyes\u00bb bg_cws_repeat=\u00bbno-repeat\u00bb bg_cws_size=\u00bbcover\u00bb bg_image_position=\u00bbcenter_center\u00bb bg_cws_color=\u00bbcolor\u00bb cws_overlay_color=\u00bbrgba(29,45,70,0.85)\u00bb css=\u00bb.vc_custom_1676309477107{background-image: url(https:\/\/polyexcel.com.br\/wp-content\/uploads\/2019\/08\/banner-empresa.jpg?id=4220) !important;}\u00bb][vc_column width=\u00bb1\/6&#8243;][\/vc_column][vc_column width=\u00bb2\/3&#8243;][vc_empty_space height=\u00bb30px\u00bb][vc_column_text el_class=\u00bbbranco\u00bb]\n<p style=\"text-align: center;\"><strong>Haga un presupuesto con Polyexcel ahora mismo!<\/strong><\/p>\n[\/vc_column_text][vc_empty_space height=\u00bb30px\u00bb][vc_row_inner css=\u00bb.vc_custom_1676309380972{background-color: #ffffff !important;}\u00bb][vc_column_inner]<div class=\"wpforms-container wpforms-container-full\" id=\"wpforms-11082\"><form id=\"wpforms-form-11082\" class=\"wpforms-validate wpforms-form wpforms-ajax-form\" data-formid=\"11082\" method=\"post\" enctype=\"multipart\/form-data\" action=\"\/es\/wp-json\/wp\/v2\/pages\/5746\" data-token=\"b7a0b90d61f49604daec2d2f2d30ddf6\" data-token-time=\"1776983548\"><noscript class=\"wpforms-error-noscript\">Por favor, activa JavaScript en tu navegador para completar este formulario.<\/noscript><div class=\"wpforms-field-container\"><div id=\"wpforms-11082-field_1-container\" class=\"wpforms-field wpforms-field-name\" data-field-id=\"1\"><label class=\"wpforms-field-label\" for=\"wpforms-11082-field_1\">Nombre <span class=\"wpforms-required-label\">*<\/span><\/label><input type=\"text\" id=\"wpforms-11082-field_1\" class=\"wpforms-field-large wpforms-field-required\" name=\"wpforms[fields][1]\" required><\/div><div id=\"wpforms-11082-field_2-container\" class=\"wpforms-field wpforms-field-email wpforms-one-half wpforms-first\" data-field-id=\"2\"><label class=\"wpforms-field-label\" for=\"wpforms-11082-field_2\">E-mail <span class=\"wpforms-required-label\">*<\/span><\/label><input type=\"email\" id=\"wpforms-11082-field_2\" class=\"wpforms-field-large wpforms-field-required\" name=\"wpforms[fields][2]\" spellcheck=\"false\" required><\/div><div id=\"wpforms-11082-field_4-container\" class=\"wpforms-field wpforms-field-text wpforms-one-half\" data-field-id=\"4\"><label class=\"wpforms-field-label\" for=\"wpforms-11082-field_4\">Tel\u00e9fono <span class=\"wpforms-required-label\">*<\/span><\/label><input type=\"text\" id=\"wpforms-11082-field_4\" class=\"wpforms-field-large wpforms-field-required wpforms-masked-input\" data-rule-inputmask-incomplete=\"1\" data-inputmask-mask=\"99 9999-9999[9]\" name=\"wpforms[fields][4]\" required><\/div><div id=\"wpforms-11082-field_5-container\" class=\"wpforms-field wpforms-field-text wpforms-one-half wpforms-first\" data-field-id=\"5\"><label class=\"wpforms-field-label\" for=\"wpforms-11082-field_5\">Empresa <span class=\"wpforms-required-label\">*<\/span><\/label><input type=\"text\" id=\"wpforms-11082-field_5\" class=\"wpforms-field-large wpforms-field-required\" name=\"wpforms[fields][5]\" required><\/div><div id=\"wpforms-11082-field_6-container\" class=\"wpforms-field wpforms-field-select wpforms-one-half wpforms-field-select-style-classic\" data-field-id=\"6\"><label class=\"wpforms-field-label\" for=\"wpforms-11082-field_6\">Seguimiento <span class=\"wpforms-required-label\">*<\/span><\/label><select id=\"wpforms-11082-field_6\" class=\"wpforms-field-large wpforms-field-required\" name=\"wpforms[fields][6]\" required=\"required\"><option value=\"\" class=\"placeholder\" disabled  selected='selected'>Elige...<\/option><option value=\"Energ\u00eda\"  class=\"choice-1 depth-1\"  >Energ\u00eda<\/option><option value=\"Telecomunicaciones\"  class=\"choice-2 depth-1\"  >Telecomunicaciones<\/option><option value=\"Industria\"  class=\"choice-3 depth-1\"  >Industria<\/option><option value=\"Otros\"  class=\"choice-4 depth-1\"  >Otros<\/option><\/select><\/div><div id=\"wpforms-11082-field_8-container\" class=\"wpforms-field wpforms-field-textarea\" data-field-id=\"8\"><label class=\"wpforms-field-label\" for=\"wpforms-11082-field_8\">Mensage <span class=\"wpforms-required-label\">*<\/span><\/label><textarea id=\"wpforms-11082-field_8\" class=\"wpforms-field-large wpforms-field-required wpforms-limit-characters-enabled\" data-form-id=\"11082\" data-field-id=\"8\" data-text-limit=\"500\" name=\"wpforms[fields][8]\" maxlength=\"500\" required><\/textarea><\/div><\/div><!-- .wpforms-field-container --><div class=\"wpforms-recaptcha-container wpforms-is-recaptcha wpforms-is-recaptcha-type-invisible\" ><div class=\"g-recaptcha\" data-sitekey=\"6Lf6VR4hAAAAAI4iWo7J_9g7pcd-JgbSp3XVwI3s\" data-size=\"invisible\"><\/div><\/div><div class=\"wpforms-submit-container\" ><input type=\"hidden\" name=\"wpforms[id]\" value=\"11082\"><input type=\"hidden\" name=\"page_title\" value=\"\"><input type=\"hidden\" name=\"page_url\" value=\"https:\/\/polyexcel.com.br\/es\/wp-json\/wp\/v2\/pages\/5746\"><input type=\"hidden\" name=\"url_referer\" value=\"\"><button type=\"submit\" name=\"wpforms[submit]\" id=\"wpforms-submit-11082\" class=\"wpforms-submit\" data-alt-text=\"Enviando...\" data-submit-text=\"Enviar\" aria-live=\"assertive\" value=\"wpforms-submit\">Enviar<\/button><img loading=\"lazy\" decoding=\"async\" src=\"https:\/\/polyexcel.com.br\/wp-content\/plugins\/wpforms-lite\/assets\/images\/submit-spin.svg\" class=\"wpforms-submit-spinner\" style=\"display: none;\" width=\"26\" height=\"26\" alt=\"Cargando\"><\/div><\/form><\/div>  <!-- .wpforms-container -->[\/vc_column_inner][\/vc_row_inner][vc_empty_space height=\u00bb30px\u00bb][\/vc_column][vc_column width=\u00bb1\/6&#8243;][\/vc_column][\/vc_row][\/vc_section][vc_row][vc_column][vc_raw_js]JTNDc2NyaXB0JTNFJTBBJTBBJTIwJTIwJTIwJTIwdmFyJTIwZmlsdGVyJTIwJTNEJTIwJTJGJTVFJTI4JTVCYS16QS1aMC05XyU1Qy4lNUMtJTVEJTI5JTJCJTVDJTQwJTI4JTI4JTVCYS16QS1aMC05JTVDLSU1RCUyOSUyQiU1Qy4lMjklMkIlMjglNUJhLXpBLVowLTklNUQlN0IyJTJDNCU3RCUyOSUyQiUyNCUyRiUzQiUwQSUyMCUyMCUyMCUyMCUyMCUyMGpRdWVyeSUyOCUyMGRvY3VtZW50JTIwJTI5LnJlYWR5JTI4JTIwZnVuY3Rpb24lMjglMjklMjAlN0IlMEElMjAlMjAlMjAlMjAlMjAlMjAlMjAlMjBqUXVlcnklMjglMjBkb2N1bWVudCUyMCUyOSUwQSUyMCUyMCUyMCUyMCUyMCUyMCUyMCUyMC5vbiUyOCUyN2NsaWNrJTI3JTJDJTIwJTI3JTIzZm9ybVhMUEVBVGVzJTI3JTJDJTIwZnVuY3Rpb24lMjglMjklMjAlN0IlMjAlMEElMjAlMjAlMjAlMjAlMjAlMjAlMjAlMjAlMjAlMjAlMjBpZiUyOGpRdWVyeSUyOCUyMmlucHV0JTVCbmFtZSUzRCUyN3lvdXItZW1wcmVzYSUyNyU1RCUyMiUyOS52YWwlMjglMjklMjElM0QlMjIlMjIlMjAlMjYlMjYlMjBqUXVlcnklMjglMjJpbnB1dCU1Qm5hbWUlM0QlMjd5b3VyLW5vbWUlMjclNUQlMjIlMjkudmFsJTI4JTI5JTIxJTNEJTIyJTIyJTIwJTI2JTI2JTIwalF1ZXJ5JTI4JTIyaW5wdXQlNUJuYW1lJTNEJTI3eW91ci1lbWFpbCUyNyU1RCUyMiUyOS52YWwlMjglMjklMjElM0QlMjIlMjIlMjAlMjYlMjYlMjBmaWx0ZXIudGVzdCUyOCUyMGpRdWVyeSUyOCUyMmlucHV0JTVCbmFtZSUzRCUyN3lvdXItZW1haWwlMjclNUQlMjIlMjkudmFsJTI4JTI5JTI5JTIxJTNEZmFsc2UlMjklN0IlMEElMjAlMjAlMjAlMjAlMjAlMjAlMjAlMjAlMjAlMjAlMjAlMjAlMjAlMjAlMjAlMjAlMjAlMEElMjBndGFnJTI4JTI3ZXZlbnQlMjclMkMlMjdjbGljYXIlMjclMkMlMjAlN0IlMjdldmVudF9jYXRlZ29yeSUyNyUzQSUyN0NhcHR1cmFEZUxlYWQlMjclMkMlMjdldmVudF9sYWJlbCUyNyUzQSUyN0Zvcm11bGFyaW9fRW5lcmdpYV9YTFBFQVRfZXMlMjclMkMlMjd2YWx1ZSUyNyUzQTElN0QlMjklM0IlMEElMjAlMjAlMjAlMjAlMjAlMjAlMjAlMjAlMjAlMjAlMjAlN0QlMEElMjAlMjAlMjAlMjAlMjAlMjAlMjAlMjAlN0QlMjklM0IlMEElMjAlMjAlMjAlMjAlMjAlMjAlMjAlMjAlMEElMjAlMjAlMjAlMjAlMjAlMjAlMjAlMjAlMEElMEElMjAlMjAlN0QlMjklM0IlMEElM0MlMkZzY3JpcHQlM0U=[\/vc_raw_js][\/vc_column][\/vc_row]\n<\/div>","protected":false},"excerpt":{"rendered":"<p>[vc_row css=\u00bb.vc_custom_1566590552075{margin-top: 5% !important;margin-bottom: 3% !important;}\u00bb][vc_column][vc_column_text el_class=\u00bbprincipal\u00bb]XLPE AT es un compuesto de base etil\u00e9nica, reticulable en h\u00famedo. Utilizado en la fabricaci\u00f3n de cables de red a\u00e9rea compacta de distribuci\u00f3n de energ\u00eda con voltajes de hasta 35KV. Descargar Cat\u00e1logo[\/vc_column_text][\/vc_column][\/vc_row][vc_row full_width=\u00bbstretch_row\u00bb css=\u00bb.vc_custom_1566593541653{padding-top: 2% !important;padding-bottom: 2% !important;background-color: #f4f4f4 !important;}\u00bb][vc_column][vc_column_text css=\u00bb.vc_custom_1676318636855{padding-bottom: 2% !important;}\u00bb] XPEAT 61 Compuesto de base etil\u00e9nica modificado con Vinil Silano, reticulable en h\u00famedo y resistente al impacto el\u00e9ctrico, recomendado como cubierta de cables de red a\u00e9rea compacta de distribuci\u00f3n de energ\u00eda, con voltajes de hasta 35 KV.[\/vc_column_text][\/vc_column][\/vc_row][vc_section][vc_row full_width=\u00bbstretch_row\u00bb equal_height=\u00bbyes\u00bb bg_cws_repeat=\u00bbno-repeat\u00bb bg_cws_size=\u00bbcover\u00bb bg_image_position=\u00bbcenter_center\u00bb bg_cws_color=\u00bbcolor\u00bb cws_overlay_color=\u00bbrgba(29,45,70,0.85)\u00bb css=\u00bb.vc_custom_1676309477107{background-image: url(https:\/\/polyexcel.com.br\/wp-content\/uploads\/2019\/08\/banner-empresa.jpg?id=4220) !important;}\u00bb][vc_column width=\u00bb1\/6&#8243;][\/vc_column][vc_column width=\u00bb2\/3&#8243;][vc_empty_space height=\u00bb30px\u00bb][vc_column_text el_class=\u00bbbranco\u00bb] Haga un presupuesto con Polyexcel ahora mismo! [\/vc_column_text][vc_empty_space height=\u00bb30px\u00bb][vc_row_inner css=\u00bb.vc_custom_1676309380972{background-color: #ffffff !important;}\u00bb][vc_column_inner][\/vc_column_inner][\/vc_row_inner][vc_empty_space height=\u00bb30px\u00bb][\/vc_column][vc_column width=\u00bb1\/6&#8243;][\/vc_column][\/vc_row][\/vc_section][vc_row][vc_column][vc_raw_js]JTNDc2NyaXB0JTNFJTBBJTBBJTIwJTIwJTIwJTIwdmFyJTIwZmlsdGVyJTIwJTNEJTIwJTJGJTVFJTI4JTVCYS16QS1aMC05XyU1Qy4lNUMtJTVEJTI5JTJCJTVDJTQwJTI4JTI4JTVCYS16QS1aMC05JTVDLSU1RCUyOSUyQiU1Qy4lMjklMkIlMjglNUJhLXpBLVowLTklNUQlN0IyJTJDNCU3RCUyOSUyQiUyNCUyRiUzQiUwQSUyMCUyMCUyMCUyMCUyMCUyMGpRdWVyeSUyOCUyMGRvY3VtZW50JTIwJTI5LnJlYWR5JTI4JTIwZnVuY3Rpb24lMjglMjklMjAlN0IlMEElMjAlMjAlMjAlMjAlMjAlMjAlMjAlMjBqUXVlcnklMjglMjBkb2N1bWVudCUyMCUyOSUwQSUyMCUyMCUyMCUyMCUyMCUyMCUyMCUyMC5vbiUyOCUyN2NsaWNrJTI3JTJDJTIwJTI3JTIzZm9ybVhMUEVBVGVzJTI3JTJDJTIwZnVuY3Rpb24lMjglMjklMjAlN0IlMjAlMEElMjAlMjAlMjAlMjAlMjAlMjAlMjAlMjAlMjAlMjAlMjBpZiUyOGpRdWVyeSUyOCUyMmlucHV0JTVCbmFtZSUzRCUyN3lvdXItZW1wcmVzYSUyNyU1RCUyMiUyOS52YWwlMjglMjklMjElM0QlMjIlMjIlMjAlMjYlMjYlMjBqUXVlcnklMjglMjJpbnB1dCU1Qm5hbWUlM0QlMjd5b3VyLW5vbWUlMjclNUQlMjIlMjkudmFsJTI4JTI5JTIxJTNEJTIyJTIyJTIwJTI2JTI2JTIwalF1ZXJ5JTI4JTIyaW5wdXQlNUJuYW1lJTNEJTI3eW91ci1lbWFpbCUyNyU1RCUyMiUyOS52YWwlMjglMjklMjElM0QlMjIlMjIlMjAlMjYlMjYlMjBmaWx0ZXIudGVzdCUyOCUyMGpRdWVyeSUyOCUyMmlucHV0JTVCbmFtZSUzRCUyN3lvdXItZW1haWwlMjclNUQlMjIlMjkudmFsJTI4JTI5JTI5JTIxJTNEZmFsc2UlMjklN0IlMEElMjAlMjAlMjAlMjAlMjAlMjAlMjAlMjAlMjAlMjAlMjAlMjAlMjAlMjAlMjAlMjAlMjAlMEElMjBndGFnJTI4JTI3ZXZlbnQlMjclMkMlMjdjbGljYXIlMjclMkMlMjAlN0IlMjdldmVudF9jYXRlZ29yeSUyNyUzQSUyN0NhcHR1cmFEZUxlYWQlMjclMkMlMjdldmVudF9sYWJlbCUyNyUzQSUyN0Zvcm11bGFyaW9fRW5lcmdpYV9YTFBFQVRfZXMlMjclMkMlMjd2YWx1ZSUyNyUzQTElN0QlMjklM0IlMEElMjAlMjAlMjAlMjAlMjAlMjAlMjAlMjAlMjAlMjAlMjAlN0QlMEElMjAlMjAlMjAlMjAlMjAlMjAlMjAlMjAlN0QlMjklM0IlMEElMjAlMjAlMjAlMjAlMjAlMjAlMjAlMjAlMEElMjAlMjAlMjAlMjAlMjAlMjAlMjAlMjAlMEElMEElMjAlMjAlN0QlMjklM0IlMEElM0MlMkZzY3JpcHQlM0U=[\/vc_raw_js][\/vc_column][\/vc_row]<\/p>\n","protected":false},"author":1,"featured_media":0,"parent":0,"menu_order":0,"comment_status":"closed","ping_status":"closed","template":"","meta":{"footnotes":""},"class_list":["post-5746","page","type-page","status-publish","hentry"],"yoast_head":"<!-- This site is optimized with the Yoast SEO plugin v27.4 - https:\/\/yoast.com\/product\/yoast-seo-wordpress\/ -->\n<title>XLPE AT: conozca a este producto | Polyexcel<\/title>\n<meta name=\"description\" content=\"Visite a nuestro sitio y entienda m\u00e1s sobre este compuesto de base etil\u00e9nica que es usado como aislamiento de cables de distribuci\u00f3n de energ\u00eda\" \/>\n<meta name=\"robots\" content=\"index, follow, max-snippet:-1, max-image-preview:large, max-video-preview:-1\" \/>\n<link rel=\"canonical\" href=\"https:\/\/polyexcel.com.br\/es\/xlpe-at\/\" \/>\n<meta property=\"og:locale\" content=\"es_ES\" \/>\n<meta property=\"og:type\" content=\"article\" \/>\n<meta property=\"og:title\" content=\"XLPE AT: conozca a este producto | Polyexcel\" \/>\n<meta property=\"og:description\" content=\"Visite a nuestro sitio y entienda m\u00e1s sobre este compuesto de base etil\u00e9nica que es usado como aislamiento de cables de distribuci\u00f3n de energ\u00eda\" \/>\n<meta property=\"og:url\" content=\"https:\/\/polyexcel.com.br\/es\/xlpe-at\/\" \/>\n<meta property=\"og:site_name\" content=\"Polyexcel\" \/>\n<meta property=\"article:publisher\" content=\"https:\/\/www.facebook.com\/polyexcel\/\" \/>\n<meta property=\"article:modified_time\" content=\"2023-02-13T20:03:59+00:00\" \/>\n<meta property=\"og:image\" content=\"https:\/\/polyexcel.com.br\/wp-content\/uploads\/2019\/09\/XLPE-AT-300x200.jpg\" \/>\n<meta name=\"twitter:card\" content=\"summary_large_image\" \/>\n<meta name=\"twitter:label1\" content=\"Tiempo de lectura\" \/>\n\t<meta name=\"twitter:data1\" content=\"1 minuto\" \/>\n<script type=\"application\/ld+json\" class=\"yoast-schema-graph\">{\"@context\":\"https:\\\/\\\/schema.org\",\"@graph\":[{\"@type\":\"WebPage\",\"@id\":\"https:\\\/\\\/polyexcel.com.br\\\/es\\\/xlpe-at\\\/\",\"url\":\"https:\\\/\\\/polyexcel.com.br\\\/es\\\/xlpe-at\\\/\",\"name\":\"XLPE AT: conozca a este producto | Polyexcel\",\"isPartOf\":{\"@id\":\"https:\\\/\\\/polyexcel.com.br\\\/es\\\/#website\"},\"primaryImageOfPage\":{\"@id\":\"https:\\\/\\\/polyexcel.com.br\\\/es\\\/xlpe-at\\\/#primaryimage\"},\"image\":{\"@id\":\"https:\\\/\\\/polyexcel.com.br\\\/es\\\/xlpe-at\\\/#primaryimage\"},\"thumbnailUrl\":\"https:\\\/\\\/polyexcel.com.br\\\/wp-content\\\/uploads\\\/2019\\\/09\\\/XLPE-AT-300x200.jpg\",\"datePublished\":\"2019-09-19T14:14:37+00:00\",\"dateModified\":\"2023-02-13T20:03:59+00:00\",\"description\":\"Visite a nuestro sitio y entienda m\u00e1s sobre este compuesto de base etil\u00e9nica que es usado como aislamiento de cables de distribuci\u00f3n de energ\u00eda\",\"breadcrumb\":{\"@id\":\"https:\\\/\\\/polyexcel.com.br\\\/es\\\/xlpe-at\\\/#breadcrumb\"},\"inLanguage\":\"es\",\"potentialAction\":[{\"@type\":\"ReadAction\",\"target\":[\"https:\\\/\\\/polyexcel.com.br\\\/es\\\/xlpe-at\\\/\"]}]},{\"@type\":\"ImageObject\",\"inLanguage\":\"es\",\"@id\":\"https:\\\/\\\/polyexcel.com.br\\\/es\\\/xlpe-at\\\/#primaryimage\",\"url\":\"https:\\\/\\\/polyexcel.com.br\\\/wp-content\\\/uploads\\\/2019\\\/09\\\/XLPE-AT-300x200.jpg\",\"contentUrl\":\"https:\\\/\\\/polyexcel.com.br\\\/wp-content\\\/uploads\\\/2019\\\/09\\\/XLPE-AT-300x200.jpg\"},{\"@type\":\"BreadcrumbList\",\"@id\":\"https:\\\/\\\/polyexcel.com.br\\\/es\\\/xlpe-at\\\/#breadcrumb\",\"itemListElement\":[{\"@type\":\"ListItem\",\"position\":1,\"name\":\"comienzo\",\"item\":\"https:\\\/\\\/polyexcel.com.br\\\/es\\\/\"},{\"@type\":\"ListItem\",\"position\":2,\"name\":\"XLPE AT\"}]},{\"@type\":\"WebSite\",\"@id\":\"https:\\\/\\\/polyexcel.com.br\\\/es\\\/#website\",\"url\":\"https:\\\/\\\/polyexcel.com.br\\\/es\\\/\",\"name\":\"Polyexcel\",\"description\":\"\",\"publisher\":{\"@id\":\"https:\\\/\\\/polyexcel.com.br\\\/es\\\/#organization\"},\"potentialAction\":[{\"@type\":\"SearchAction\",\"target\":{\"@type\":\"EntryPoint\",\"urlTemplate\":\"https:\\\/\\\/polyexcel.com.br\\\/es\\\/?s={search_term_string}\"},\"query-input\":{\"@type\":\"PropertyValueSpecification\",\"valueRequired\":true,\"valueName\":\"search_term_string\"}}],\"inLanguage\":\"es\"},{\"@type\":\"Organization\",\"@id\":\"https:\\\/\\\/polyexcel.com.br\\\/es\\\/#organization\",\"name\":\"Polyexcel Ind\u00fastria e Com\u00e9rcio de Compostos Polim\u00e9ricos Ltda\",\"url\":\"https:\\\/\\\/polyexcel.com.br\\\/es\\\/\",\"logo\":{\"@type\":\"ImageObject\",\"inLanguage\":\"es\",\"@id\":\"https:\\\/\\\/polyexcel.com.br\\\/es\\\/#\\\/schema\\\/logo\\\/image\\\/\",\"url\":\"https:\\\/\\\/polyexcel.com.br\\\/wp-content\\\/uploads\\\/2023\\\/01\\\/Logo-Polyexcel-Assinado-16x9SQ.png\",\"contentUrl\":\"https:\\\/\\\/polyexcel.com.br\\\/wp-content\\\/uploads\\\/2023\\\/01\\\/Logo-Polyexcel-Assinado-16x9SQ.png\",\"width\":1920,\"height\":1080,\"caption\":\"Polyexcel Ind\u00fastria e Com\u00e9rcio de Compostos Polim\u00e9ricos Ltda\"},\"image\":{\"@id\":\"https:\\\/\\\/polyexcel.com.br\\\/es\\\/#\\\/schema\\\/logo\\\/image\\\/\"},\"sameAs\":[\"https:\\\/\\\/www.facebook.com\\\/polyexcel\\\/\",\"https:\\\/\\\/www.instagram.com\\\/polyexcel\\\/\",\"https:\\\/\\\/www.linkedin.com\\\/company\\\/polyexcel\\\/\"]}]}<\/script>\n<!-- \/ Yoast SEO plugin. -->","yoast_head_json":{"title":"XLPE AT: conozca a este producto | Polyexcel","description":"Visite a nuestro sitio y entienda m\u00e1s sobre este compuesto de base etil\u00e9nica que es usado como aislamiento de cables de distribuci\u00f3n de energ\u00eda","robots":{"index":"index","follow":"follow","max-snippet":"max-snippet:-1","max-image-preview":"max-image-preview:large","max-video-preview":"max-video-preview:-1"},"canonical":"https:\/\/polyexcel.com.br\/es\/xlpe-at\/","og_locale":"es_ES","og_type":"article","og_title":"XLPE AT: conozca a este producto | Polyexcel","og_description":"Visite a nuestro sitio y entienda m\u00e1s sobre este compuesto de base etil\u00e9nica que es usado como aislamiento de cables de distribuci\u00f3n de energ\u00eda","og_url":"https:\/\/polyexcel.com.br\/es\/xlpe-at\/","og_site_name":"Polyexcel","article_publisher":"https:\/\/www.facebook.com\/polyexcel\/","article_modified_time":"2023-02-13T20:03:59+00:00","og_image":[{"url":"https:\/\/polyexcel.com.br\/wp-content\/uploads\/2019\/09\/XLPE-AT-300x200.jpg","type":"","width":"","height":""}],"twitter_card":"summary_large_image","twitter_misc":{"Tiempo de lectura":"1 minuto"},"schema":{"@context":"https:\/\/schema.org","@graph":[{"@type":"WebPage","@id":"https:\/\/polyexcel.com.br\/es\/xlpe-at\/","url":"https:\/\/polyexcel.com.br\/es\/xlpe-at\/","name":"XLPE AT: conozca a este producto | Polyexcel","isPartOf":{"@id":"https:\/\/polyexcel.com.br\/es\/#website"},"primaryImageOfPage":{"@id":"https:\/\/polyexcel.com.br\/es\/xlpe-at\/#primaryimage"},"image":{"@id":"https:\/\/polyexcel.com.br\/es\/xlpe-at\/#primaryimage"},"thumbnailUrl":"https:\/\/polyexcel.com.br\/wp-content\/uploads\/2019\/09\/XLPE-AT-300x200.jpg","datePublished":"2019-09-19T14:14:37+00:00","dateModified":"2023-02-13T20:03:59+00:00","description":"Visite a nuestro sitio y entienda m\u00e1s sobre este compuesto de base etil\u00e9nica que es usado como aislamiento de cables de distribuci\u00f3n de energ\u00eda","breadcrumb":{"@id":"https:\/\/polyexcel.com.br\/es\/xlpe-at\/#breadcrumb"},"inLanguage":"es","potentialAction":[{"@type":"ReadAction","target":["https:\/\/polyexcel.com.br\/es\/xlpe-at\/"]}]},{"@type":"ImageObject","inLanguage":"es","@id":"https:\/\/polyexcel.com.br\/es\/xlpe-at\/#primaryimage","url":"https:\/\/polyexcel.com.br\/wp-content\/uploads\/2019\/09\/XLPE-AT-300x200.jpg","contentUrl":"https:\/\/polyexcel.com.br\/wp-content\/uploads\/2019\/09\/XLPE-AT-300x200.jpg"},{"@type":"BreadcrumbList","@id":"https:\/\/polyexcel.com.br\/es\/xlpe-at\/#breadcrumb","itemListElement":[{"@type":"ListItem","position":1,"name":"comienzo","item":"https:\/\/polyexcel.com.br\/es\/"},{"@type":"ListItem","position":2,"name":"XLPE AT"}]},{"@type":"WebSite","@id":"https:\/\/polyexcel.com.br\/es\/#website","url":"https:\/\/polyexcel.com.br\/es\/","name":"Polyexcel","description":"","publisher":{"@id":"https:\/\/polyexcel.com.br\/es\/#organization"},"potentialAction":[{"@type":"SearchAction","target":{"@type":"EntryPoint","urlTemplate":"https:\/\/polyexcel.com.br\/es\/?s={search_term_string}"},"query-input":{"@type":"PropertyValueSpecification","valueRequired":true,"valueName":"search_term_string"}}],"inLanguage":"es"},{"@type":"Organization","@id":"https:\/\/polyexcel.com.br\/es\/#organization","name":"Polyexcel Ind\u00fastria e Com\u00e9rcio de Compostos Polim\u00e9ricos Ltda","url":"https:\/\/polyexcel.com.br\/es\/","logo":{"@type":"ImageObject","inLanguage":"es","@id":"https:\/\/polyexcel.com.br\/es\/#\/schema\/logo\/image\/","url":"https:\/\/polyexcel.com.br\/wp-content\/uploads\/2023\/01\/Logo-Polyexcel-Assinado-16x9SQ.png","contentUrl":"https:\/\/polyexcel.com.br\/wp-content\/uploads\/2023\/01\/Logo-Polyexcel-Assinado-16x9SQ.png","width":1920,"height":1080,"caption":"Polyexcel Ind\u00fastria e Com\u00e9rcio de Compostos Polim\u00e9ricos Ltda"},"image":{"@id":"https:\/\/polyexcel.com.br\/es\/#\/schema\/logo\/image\/"},"sameAs":["https:\/\/www.facebook.com\/polyexcel\/","https:\/\/www.instagram.com\/polyexcel\/","https:\/\/www.linkedin.com\/company\/polyexcel\/"]}]}},"_links":{"self":[{"href":"https:\/\/polyexcel.com.br\/es\/wp-json\/wp\/v2\/pages\/5746","targetHints":{"allow":["GET"]}}],"collection":[{"href":"https:\/\/polyexcel.com.br\/es\/wp-json\/wp\/v2\/pages"}],"about":[{"href":"https:\/\/polyexcel.com.br\/es\/wp-json\/wp\/v2\/types\/page"}],"author":[{"embeddable":true,"href":"https:\/\/polyexcel.com.br\/es\/wp-json\/wp\/v2\/users\/1"}],"replies":[{"embeddable":true,"href":"https:\/\/polyexcel.com.br\/es\/wp-json\/wp\/v2\/comments?post=5746"}],"version-history":[{"count":5,"href":"https:\/\/polyexcel.com.br\/es\/wp-json\/wp\/v2\/pages\/5746\/revisions"}],"predecessor-version":[{"id":11249,"href":"https:\/\/polyexcel.com.br\/es\/wp-json\/wp\/v2\/pages\/5746\/revisions\/11249"}],"wp:attachment":[{"href":"https:\/\/polyexcel.com.br\/es\/wp-json\/wp\/v2\/media?parent=5746"}],"curies":[{"name":"wp","href":"https:\/\/api.w.org\/{rel}","templated":true}]}}