{"id":5776,"date":"2019-09-19T18:04:17","date_gmt":"2019-09-19T21:04:17","guid":{"rendered":"https:\/\/polyexcel.com.br\/?page_id=5776"},"modified":"2023-02-13T16:56:58","modified_gmt":"2023-02-13T19:56:58","slug":"lldpe-2","status":"publish","type":"page","link":"https:\/\/polyexcel.com.br\/es\/lldpe-2\/","title":{"rendered":"LLDPE"},"content":{"rendered":"<div class=\"wpb-content-wrapper\">[vc_row css=\u00bb.vc_custom_1566590552075{margin-top: 5% !important;margin-bottom: 3% !important;}\u00bb][vc_column][vc_column_text el_class=\u00bbprincipal\u00bb]<a href=\"https:\/\/polyexcel.com.br\/wp-content\/uploads\/2019\/09\/Produto-telecom-LLDPE.jpg\"><img loading=\"lazy\" decoding=\"async\" class=\"alignleft size-medium wp-image-5421\" src=\"https:\/\/polyexcel.com.br\/wp-content\/uploads\/2019\/09\/Produto-telecom-LLDPE-300x177.jpg\" alt=\"LLDPE\" width=\"300\" height=\"177\" srcset=\"https:\/\/polyexcel.com.br\/wp-content\/uploads\/2019\/09\/Produto-telecom-LLDPE-300x177.jpg 300w, https:\/\/polyexcel.com.br\/wp-content\/uploads\/2019\/09\/Produto-telecom-LLDPE.jpg 557w\" sizes=\"auto, (max-width: 300px) 100vw, 300px\" \/><\/a><strong>LLDPE<\/strong> es un Polietileno termopl\u00e1stico lineal de baja densidad. Utilizado como aislamiento y cubierta para cables de energ\u00eda o telecomunicaciones.<\/p>\n<p><a href=\"https:\/\/polyexcel.com.br\/wp-content\/uploads\/2022\/12\/Catalogo-Polyexcel-2022-espanhol.pdf\" target=\"_blank\" rel=\"noopener\"><button class=\"catalogo\">Descargar Cat\u00e1logo<\/button><\/a>[\/vc_column_text][\/vc_column][\/vc_row][vc_row full_width=\u00bbstretch_row\u00bb css=\u00bb.vc_custom_1566593541653{padding-top: 2% !important;padding-bottom: 2% !important;background-color: #f4f4f4 !important;}\u00bb][vc_column][vc_tta_tabs][vc_tta_section title=\u00bbLDPE 81 BK\u00bb tab_id=\u00bb1568051208041-48798015-7ed0&#8243;][vc_column_text]\n<h2>LDPE 81 BK<\/h2>\n<p>Compuesto de base LLDPE con la debida adici\u00f3n de negro de humo, que garantiza la resistencia a la fotodegradaci\u00f3n con un alto coeficiente de absorci\u00f3n UV. El compuesto tiene los aditivos necesarios para un excelente rendimiento de extradurabilidad, minimizando el tiempo de inactividad de la m\u00e1quina para la limpieza del hilo de rosca, la cabeza y la matriz. Utilizado como cubierta y aislamiento de conductores el\u00e9ctricos.[\/vc_column_text][\/vc_tta_section][vc_tta_section title=\u00bbLLDPE 82 BK\u00bb tab_id=\u00bb1568051208105-4153c8bb-2f9e\u00bb][vc_column_text]LLDPE 82 BK<\/p>\n<p>Compuesto de base LLDPE con la debida adici\u00f3n de negro de humo, que garantiza la resistencia a la fotodegradaci\u00f3n con un alto coeficiente de absorci\u00f3n UV. El compuesto contiene los aditivos necesarios para un excelente rendimiento de extradurabilidad, minimizando el tiempo de inactividad de la m\u00e1quina para la limpieza del hilo de rosca, la cabeza y la matriz. Utilizado como cubierta de cables el\u00e9ctricos con caracteristica ST-3.[\/vc_column_text][\/vc_tta_section][\/vc_tta_tabs][\/vc_column][\/vc_row][vc_section][vc_row full_width=\u00bbstretch_row\u00bb equal_height=\u00bbyes\u00bb bg_cws_repeat=\u00bbno-repeat\u00bb bg_cws_size=\u00bbcover\u00bb bg_image_position=\u00bbcenter_center\u00bb bg_cws_color=\u00bbcolor\u00bb cws_overlay_color=\u00bbrgba(29,45,70,0.85)\u00bb css=\u00bb.vc_custom_1676309477107{background-image: url(https:\/\/polyexcel.com.br\/wp-content\/uploads\/2019\/08\/banner-empresa.jpg?id=4220) !important;}\u00bb][vc_column width=\u00bb1\/6&#8243;][\/vc_column][vc_column width=\u00bb2\/3&#8243;][vc_empty_space height=\u00bb30px\u00bb][vc_column_text el_class=\u00bbbranco\u00bb]\n<p style=\"text-align: center;\"><strong>Haga un presupuesto con Polyexcel ahora mismo!<\/strong><\/p>\n[\/vc_column_text][vc_empty_space height=\u00bb30px\u00bb][vc_row_inner css=\u00bb.vc_custom_1676309380972{background-color: #ffffff !important;}\u00bb][vc_column_inner]<div class=\"wpforms-container wpforms-container-full\" id=\"wpforms-11082\"><form id=\"wpforms-form-11082\" class=\"wpforms-validate wpforms-form wpforms-ajax-form\" data-formid=\"11082\" method=\"post\" enctype=\"multipart\/form-data\" action=\"\/es\/wp-json\/wp\/v2\/pages\/5776\" data-token=\"29b7678340b2be17f8600647f99d781e\" data-token-time=\"1777999021\"><noscript class=\"wpforms-error-noscript\">Por favor, activa JavaScript en tu navegador para completar este formulario.<\/noscript><div class=\"wpforms-field-container\"><div id=\"wpforms-11082-field_1-container\" class=\"wpforms-field wpforms-field-name\" data-field-id=\"1\"><label class=\"wpforms-field-label\" for=\"wpforms-11082-field_1\">Nombre <span class=\"wpforms-required-label\">*<\/span><\/label><input type=\"text\" id=\"wpforms-11082-field_1\" class=\"wpforms-field-large wpforms-field-required\" name=\"wpforms[fields][1]\" required><\/div><div id=\"wpforms-11082-field_2-container\" class=\"wpforms-field wpforms-field-email wpforms-one-half wpforms-first\" data-field-id=\"2\"><label class=\"wpforms-field-label\" for=\"wpforms-11082-field_2\">E-mail <span class=\"wpforms-required-label\">*<\/span><\/label><input type=\"email\" id=\"wpforms-11082-field_2\" class=\"wpforms-field-large wpforms-field-required\" name=\"wpforms[fields][2]\" spellcheck=\"false\" required><\/div><div id=\"wpforms-11082-field_4-container\" class=\"wpforms-field wpforms-field-text wpforms-one-half\" data-field-id=\"4\"><label class=\"wpforms-field-label\" for=\"wpforms-11082-field_4\">Tel\u00e9fono <span class=\"wpforms-required-label\">*<\/span><\/label><input type=\"text\" id=\"wpforms-11082-field_4\" class=\"wpforms-field-large wpforms-field-required wpforms-masked-input\" data-rule-inputmask-incomplete=\"1\" data-inputmask-mask=\"99 9999-9999[9]\" name=\"wpforms[fields][4]\" required><\/div><div id=\"wpforms-11082-field_5-container\" class=\"wpforms-field wpforms-field-text wpforms-one-half wpforms-first\" data-field-id=\"5\"><label class=\"wpforms-field-label\" for=\"wpforms-11082-field_5\">Empresa <span class=\"wpforms-required-label\">*<\/span><\/label><input type=\"text\" id=\"wpforms-11082-field_5\" class=\"wpforms-field-large wpforms-field-required\" name=\"wpforms[fields][5]\" required><\/div><div id=\"wpforms-11082-field_6-container\" class=\"wpforms-field wpforms-field-select wpforms-one-half wpforms-field-select-style-classic\" data-field-id=\"6\"><label class=\"wpforms-field-label\" for=\"wpforms-11082-field_6\">Seguimiento <span class=\"wpforms-required-label\">*<\/span><\/label><select id=\"wpforms-11082-field_6\" class=\"wpforms-field-large wpforms-field-required\" name=\"wpforms[fields][6]\" required=\"required\"><option value=\"\" class=\"placeholder\" disabled  selected='selected'>Elige...<\/option><option value=\"Energ\u00eda\"  class=\"choice-1 depth-1\"  >Energ\u00eda<\/option><option value=\"Telecomunicaciones\"  class=\"choice-2 depth-1\"  >Telecomunicaciones<\/option><option value=\"Industria\"  class=\"choice-3 depth-1\"  >Industria<\/option><option value=\"Otros\"  class=\"choice-4 depth-1\"  >Otros<\/option><\/select><\/div><div id=\"wpforms-11082-field_8-container\" class=\"wpforms-field wpforms-field-textarea\" data-field-id=\"8\"><label class=\"wpforms-field-label\" for=\"wpforms-11082-field_8\">Mensage <span class=\"wpforms-required-label\">*<\/span><\/label><textarea id=\"wpforms-11082-field_8\" class=\"wpforms-field-large wpforms-field-required wpforms-limit-characters-enabled\" data-form-id=\"11082\" data-field-id=\"8\" data-text-limit=\"500\" name=\"wpforms[fields][8]\" maxlength=\"500\" required><\/textarea><\/div><\/div><!-- .wpforms-field-container --><div class=\"wpforms-recaptcha-container wpforms-is-recaptcha wpforms-is-recaptcha-type-invisible\" ><div class=\"g-recaptcha\" data-sitekey=\"6Lf6VR4hAAAAAI4iWo7J_9g7pcd-JgbSp3XVwI3s\" data-size=\"invisible\"><\/div><\/div><div class=\"wpforms-submit-container\" ><input type=\"hidden\" name=\"wpforms[id]\" value=\"11082\"><input type=\"hidden\" name=\"page_title\" value=\"\"><input type=\"hidden\" name=\"page_url\" value=\"https:\/\/polyexcel.com.br\/es\/wp-json\/wp\/v2\/pages\/5776\"><input type=\"hidden\" name=\"url_referer\" value=\"\"><button type=\"submit\" name=\"wpforms[submit]\" id=\"wpforms-submit-11082\" class=\"wpforms-submit\" data-alt-text=\"Enviando...\" data-submit-text=\"Enviar\" aria-live=\"assertive\" value=\"wpforms-submit\">Enviar<\/button><img loading=\"lazy\" decoding=\"async\" src=\"https:\/\/polyexcel.com.br\/wp-content\/plugins\/wpforms-lite\/assets\/images\/submit-spin.svg\" class=\"wpforms-submit-spinner\" style=\"display: none;\" width=\"26\" height=\"26\" alt=\"Cargando\"><\/div><\/form><\/div>  <!-- .wpforms-container -->[\/vc_column_inner][\/vc_row_inner][vc_empty_space height=\u00bb30px\u00bb][\/vc_column][vc_column width=\u00bb1\/6&#8243;][\/vc_column][\/vc_row][\/vc_section][vc_row][vc_column][vc_raw_js]JTNDc2NyaXB0JTNFJTBBJTBBJTIwJTIwJTIwJTIwdmFyJTIwZmlsdGVyJTIwJTNEJTIwJTJGJTVFJTI4JTVCYS16QS1aMC05XyU1Qy4lNUMtJTVEJTI5JTJCJTVDJTQwJTI4JTI4JTVCYS16QS1aMC05JTVDLSU1RCUyOSUyQiU1Qy4lMjklMkIlMjglNUJhLXpBLVowLTklNUQlN0IyJTJDNCU3RCUyOSUyQiUyNCUyRiUzQiUwQSUyMCUyMCUyMCUyMCUyMCUyMGpRdWVyeSUyOCUyMGRvY3VtZW50JTIwJTI5LnJlYWR5JTI4JTIwZnVuY3Rpb24lMjglMjklMjAlN0IlMEElMjAlMjAlMjAlMjAlMjAlMjAlMjAlMjBqUXVlcnklMjglMjBkb2N1bWVudCUyMCUyOSUwQSUyMCUyMCUyMCUyMCUyMCUyMCUyMCUyMC5vbiUyOCUyN2NsaWNrJTI3JTJDJTIwJTI3JTIzZm9ybUxEUEVlcyUyNyUyQyUyMGZ1bmN0aW9uJTI4JTI5JTIwJTdCJTIwJTBBJTIwJTIwJTIwJTIwJTIwJTIwJTIwJTIwJTIwJTIwJTIwaWYlMjhqUXVlcnklMjglMjJpbnB1dCU1Qm5hbWUlM0QlMjd5b3VyLWVtcHJlc2ElMjclNUQlMjIlMjkudmFsJTI4JTI5JTIxJTNEJTIyJTIyJTIwJTI2JTI2JTIwalF1ZXJ5JTI4JTIyaW5wdXQlNUJuYW1lJTNEJTI3eW91ci1ub21lJTI3JTVEJTIyJTI5LnZhbCUyOCUyOSUyMSUzRCUyMiUyMiUyMCUyNiUyNiUyMGpRdWVyeSUyOCUyMmlucHV0JTVCbmFtZSUzRCUyN3lvdXItZW1haWwlMjclNUQlMjIlMjkudmFsJTI4JTI5JTIxJTNEJTIyJTIyJTIwJTI2JTI2JTIwZmlsdGVyLnRlc3QlMjglMjBqUXVlcnklMjglMjJpbnB1dCU1Qm5hbWUlM0QlMjd5b3VyLWVtYWlsJTI3JTVEJTIyJTI5LnZhbCUyOCUyOSUyOSUyMSUzRGZhbHNlJTI5JTdCJTBBJTIwJTIwJTIwJTIwJTIwJTIwJTIwJTIwJTIwJTIwJTIwJTIwJTIwJTIwJTIwJTIwJTIwJTBBJTIwZ3RhZyUyOCUyN2V2ZW50JTI3JTJDJTI3Y2xpY2FyJTI3JTJDJTIwJTdCJTI3ZXZlbnRfY2F0ZWdvcnklMjclM0ElMjdDYXB0dXJhRGVMZWFkJTI3JTJDJTI3ZXZlbnRfbGFiZWwlMjclM0ElMjdGb3JtdWxhcmlvX0VuZXJnaWFfTERQRV9lcyUyNyUyQyUyN3ZhbHVlJTI3JTNBMSU3RCUyOSUzQiUwQSUyMCUyMCUyMCUyMCUyMCUyMCUyMCUyMCUyMCUyMCUyMCU3RCUwQSUyMCUyMCUyMCUyMCUyMCUyMCUyMCUyMCU3RCUyOSUzQiUwQSUyMCUyMCUyMCUyMCUyMCUyMCUyMCUyMCUwQSUyMCUyMCUyMCUyMCUyMCUyMCUyMCUyMCUwQSUwQSUyMCUyMCU3RCUyOSUzQiUwQSUzQyUyRnNjcmlwdCUzRQ==[\/vc_raw_js][\/vc_column][\/vc_row]\n<\/div>","protected":false},"excerpt":{"rendered":"<p>[vc_row css=\u00bb.vc_custom_1566590552075{margin-top: 5% !important;margin-bottom: 3% !important;}\u00bb][vc_column][vc_column_text el_class=\u00bbprincipal\u00bb]LLDPE es un Polietileno termopl\u00e1stico lineal de baja densidad. Utilizado como aislamiento y cubierta para cables de energ\u00eda o telecomunicaciones. Descargar Cat\u00e1logo[\/vc_column_text][\/vc_column][\/vc_row][vc_row full_width=\u00bbstretch_row\u00bb css=\u00bb.vc_custom_1566593541653{padding-top: 2% !important;padding-bottom: 2% !important;background-color: #f4f4f4 !important;}\u00bb][vc_column][vc_tta_tabs][vc_tta_section title=\u00bbLDPE 81 BK\u00bb tab_id=\u00bb1568051208041-48798015-7ed0&#8243;][vc_column_text] LDPE 81 BK Compuesto de base LLDPE con la debida adici\u00f3n de negro de humo, que garantiza la resistencia a la fotodegradaci\u00f3n con un alto coeficiente de absorci\u00f3n UV. El compuesto tiene los aditivos necesarios para un excelente rendimiento de extradurabilidad, minimizando el tiempo de inactividad de la m\u00e1quina para la limpieza del hilo de rosca, la cabeza y la matriz. Utilizado como cubierta y aislamiento de conductores el\u00e9ctricos.[\/vc_column_text][\/vc_tta_section][vc_tta_section title=\u00bbLLDPE 82 BK\u00bb tab_id=\u00bb1568051208105-4153c8bb-2f9e\u00bb][vc_column_text]LLDPE 82 BK Compuesto de base LLDPE con la debida adici\u00f3n de negro de humo, que garantiza la resistencia a la fotodegradaci\u00f3n con un alto coeficiente de absorci\u00f3n UV. El compuesto contiene los aditivos necesarios para un excelente rendimiento de extradurabilidad, minimizando el tiempo de inactividad de la m\u00e1quina para la limpieza del hilo de rosca, la cabeza y la matriz. Utilizado como cubierta de cables el\u00e9ctricos con caracteristica ST-3.[\/vc_column_text][\/vc_tta_section][\/vc_tta_tabs][\/vc_column][\/vc_row][vc_section][vc_row full_width=\u00bbstretch_row\u00bb equal_height=\u00bbyes\u00bb bg_cws_repeat=\u00bbno-repeat\u00bb bg_cws_size=\u00bbcover\u00bb bg_image_position=\u00bbcenter_center\u00bb bg_cws_color=\u00bbcolor\u00bb cws_overlay_color=\u00bbrgba(29,45,70,0.85)\u00bb css=\u00bb.vc_custom_1676309477107{background-image: url(https:\/\/polyexcel.com.br\/wp-content\/uploads\/2019\/08\/banner-empresa.jpg?id=4220) !important;}\u00bb][vc_column width=\u00bb1\/6&#8243;][\/vc_column][vc_column width=\u00bb2\/3&#8243;][vc_empty_space height=\u00bb30px\u00bb][vc_column_text el_class=\u00bbbranco\u00bb] Haga un presupuesto con Polyexcel ahora mismo! [\/vc_column_text][vc_empty_space height=\u00bb30px\u00bb][vc_row_inner css=\u00bb.vc_custom_1676309380972{background-color: #ffffff !important;}\u00bb][vc_column_inner][\/vc_column_inner][\/vc_row_inner][vc_empty_space height=\u00bb30px\u00bb][\/vc_column][vc_column width=\u00bb1\/6&#8243;][\/vc_column][\/vc_row][\/vc_section][vc_row][vc_column][vc_raw_js]JTNDc2NyaXB0JTNFJTBBJTBBJTIwJTIwJTIwJTIwdmFyJTIwZmlsdGVyJTIwJTNEJTIwJTJGJTVFJTI4JTVCYS16QS1aMC05XyU1Qy4lNUMtJTVEJTI5JTJCJTVDJTQwJTI4JTI4JTVCYS16QS1aMC05JTVDLSU1RCUyOSUyQiU1Qy4lMjklMkIlMjglNUJhLXpBLVowLTklNUQlN0IyJTJDNCU3RCUyOSUyQiUyNCUyRiUzQiUwQSUyMCUyMCUyMCUyMCUyMCUyMGpRdWVyeSUyOCUyMGRvY3VtZW50JTIwJTI5LnJlYWR5JTI4JTIwZnVuY3Rpb24lMjglMjklMjAlN0IlMEElMjAlMjAlMjAlMjAlMjAlMjAlMjAlMjBqUXVlcnklMjglMjBkb2N1bWVudCUyMCUyOSUwQSUyMCUyMCUyMCUyMCUyMCUyMCUyMCUyMC5vbiUyOCUyN2NsaWNrJTI3JTJDJTIwJTI3JTIzZm9ybUxEUEVlcyUyNyUyQyUyMGZ1bmN0aW9uJTI4JTI5JTIwJTdCJTIwJTBBJTIwJTIwJTIwJTIwJTIwJTIwJTIwJTIwJTIwJTIwJTIwaWYlMjhqUXVlcnklMjglMjJpbnB1dCU1Qm5hbWUlM0QlMjd5b3VyLWVtcHJlc2ElMjclNUQlMjIlMjkudmFsJTI4JTI5JTIxJTNEJTIyJTIyJTIwJTI2JTI2JTIwalF1ZXJ5JTI4JTIyaW5wdXQlNUJuYW1lJTNEJTI3eW91ci1ub21lJTI3JTVEJTIyJTI5LnZhbCUyOCUyOSUyMSUzRCUyMiUyMiUyMCUyNiUyNiUyMGpRdWVyeSUyOCUyMmlucHV0JTVCbmFtZSUzRCUyN3lvdXItZW1haWwlMjclNUQlMjIlMjkudmFsJTI4JTI5JTIxJTNEJTIyJTIyJTIwJTI2JTI2JTIwZmlsdGVyLnRlc3QlMjglMjBqUXVlcnklMjglMjJpbnB1dCU1Qm5hbWUlM0QlMjd5b3VyLWVtYWlsJTI3JTVEJTIyJTI5LnZhbCUyOCUyOSUyOSUyMSUzRGZhbHNlJTI5JTdCJTBBJTIwJTIwJTIwJTIwJTIwJTIwJTIwJTIwJTIwJTIwJTIwJTIwJTIwJTIwJTIwJTIwJTIwJTBBJTIwZ3RhZyUyOCUyN2V2ZW50JTI3JTJDJTI3Y2xpY2FyJTI3JTJDJTIwJTdCJTI3ZXZlbnRfY2F0ZWdvcnklMjclM0ElMjdDYXB0dXJhRGVMZWFkJTI3JTJDJTI3ZXZlbnRfbGFiZWwlMjclM0ElMjdGb3JtdWxhcmlvX0VuZXJnaWFfTERQRV9lcyUyNyUyQyUyN3ZhbHVlJTI3JTNBMSU3RCUyOSUzQiUwQSUyMCUyMCUyMCUyMCUyMCUyMCUyMCUyMCUyMCUyMCUyMCU3RCUwQSUyMCUyMCUyMCUyMCUyMCUyMCUyMCUyMCU3RCUyOSUzQiUwQSUyMCUyMCUyMCUyMCUyMCUyMCUyMCUyMCUwQSUyMCUyMCUyMCUyMCUyMCUyMCUyMCUyMCUwQSUwQSUyMCUyMCU3RCUyOSUzQiUwQSUzQyUyRnNjcmlwdCUzRQ==[\/vc_raw_js][\/vc_column][\/vc_row]<\/p>\n","protected":false},"author":1,"featured_media":0,"parent":0,"menu_order":0,"comment_status":"closed","ping_status":"closed","template":"","meta":{"footnotes":""},"class_list":["post-5776","page","type-page","status-publish","hentry"],"yoast_head":"<!-- This site is optimized with the Yoast SEO plugin v27.5 - https:\/\/yoast.com\/product\/yoast-seo-wordpress\/ -->\n<title>LLDPE: un producto usado cables de energ\u00eda | Polyexcel<\/title>\n<meta name=\"description\" content=\"Usado en el aislamiento y cubierta de cables de energ\u00eda, el LLDPE est\u00e1n presentes en los productos de Polyexcel. \u00a1Eche un vistazo!\" \/>\n<meta name=\"robots\" content=\"index, follow, max-snippet:-1, max-image-preview:large, max-video-preview:-1\" \/>\n<link rel=\"canonical\" href=\"https:\/\/polyexcel.com.br\/es\/lldpe-2\/\" \/>\n<meta property=\"og:locale\" content=\"es_ES\" \/>\n<meta property=\"og:type\" content=\"article\" \/>\n<meta property=\"og:title\" content=\"LLDPE: un producto usado cables de energ\u00eda | Polyexcel\" \/>\n<meta property=\"og:description\" content=\"Usado en el aislamiento y cubierta de cables de energ\u00eda, el LLDPE est\u00e1n presentes en los productos de Polyexcel. \u00a1Eche un vistazo!\" \/>\n<meta property=\"og:url\" content=\"https:\/\/polyexcel.com.br\/es\/lldpe-2\/\" \/>\n<meta property=\"og:site_name\" content=\"Polyexcel\" \/>\n<meta property=\"article:publisher\" content=\"https:\/\/www.facebook.com\/polyexcel\/\" \/>\n<meta property=\"article:modified_time\" content=\"2023-02-13T19:56:58+00:00\" \/>\n<meta property=\"og:image\" content=\"https:\/\/polyexcel.com.br\/wp-content\/uploads\/2019\/09\/Produto-telecom-LLDPE-300x177.jpg\" \/>\n<meta name=\"twitter:card\" content=\"summary_large_image\" \/>\n<meta name=\"twitter:label1\" content=\"Tiempo de lectura\" \/>\n\t<meta name=\"twitter:data1\" content=\"2 minutos\" \/>\n<script type=\"application\/ld+json\" class=\"yoast-schema-graph\">{\"@context\":\"https:\\\/\\\/schema.org\",\"@graph\":[{\"@type\":\"WebPage\",\"@id\":\"https:\\\/\\\/polyexcel.com.br\\\/es\\\/lldpe-2\\\/\",\"url\":\"https:\\\/\\\/polyexcel.com.br\\\/es\\\/lldpe-2\\\/\",\"name\":\"LLDPE: un producto usado cables de energ\u00eda | Polyexcel\",\"isPartOf\":{\"@id\":\"https:\\\/\\\/polyexcel.com.br\\\/es\\\/#website\"},\"primaryImageOfPage\":{\"@id\":\"https:\\\/\\\/polyexcel.com.br\\\/es\\\/lldpe-2\\\/#primaryimage\"},\"image\":{\"@id\":\"https:\\\/\\\/polyexcel.com.br\\\/es\\\/lldpe-2\\\/#primaryimage\"},\"thumbnailUrl\":\"https:\\\/\\\/polyexcel.com.br\\\/wp-content\\\/uploads\\\/2019\\\/09\\\/Produto-telecom-LLDPE-300x177.jpg\",\"datePublished\":\"2019-09-19T21:04:17+00:00\",\"dateModified\":\"2023-02-13T19:56:58+00:00\",\"description\":\"Usado en el aislamiento y cubierta de cables de energ\u00eda, el LLDPE est\u00e1n presentes en los productos de Polyexcel. \u00a1Eche un vistazo!\",\"breadcrumb\":{\"@id\":\"https:\\\/\\\/polyexcel.com.br\\\/es\\\/lldpe-2\\\/#breadcrumb\"},\"inLanguage\":\"es\",\"potentialAction\":[{\"@type\":\"ReadAction\",\"target\":[\"https:\\\/\\\/polyexcel.com.br\\\/es\\\/lldpe-2\\\/\"]}]},{\"@type\":\"ImageObject\",\"inLanguage\":\"es\",\"@id\":\"https:\\\/\\\/polyexcel.com.br\\\/es\\\/lldpe-2\\\/#primaryimage\",\"url\":\"https:\\\/\\\/polyexcel.com.br\\\/wp-content\\\/uploads\\\/2019\\\/09\\\/Produto-telecom-LLDPE-300x177.jpg\",\"contentUrl\":\"https:\\\/\\\/polyexcel.com.br\\\/wp-content\\\/uploads\\\/2019\\\/09\\\/Produto-telecom-LLDPE-300x177.jpg\"},{\"@type\":\"BreadcrumbList\",\"@id\":\"https:\\\/\\\/polyexcel.com.br\\\/es\\\/lldpe-2\\\/#breadcrumb\",\"itemListElement\":[{\"@type\":\"ListItem\",\"position\":1,\"name\":\"comienzo\",\"item\":\"https:\\\/\\\/polyexcel.com.br\\\/es\\\/\"},{\"@type\":\"ListItem\",\"position\":2,\"name\":\"LLDPE\"}]},{\"@type\":\"WebSite\",\"@id\":\"https:\\\/\\\/polyexcel.com.br\\\/es\\\/#website\",\"url\":\"https:\\\/\\\/polyexcel.com.br\\\/es\\\/\",\"name\":\"Polyexcel\",\"description\":\"\",\"publisher\":{\"@id\":\"https:\\\/\\\/polyexcel.com.br\\\/es\\\/#organization\"},\"potentialAction\":[{\"@type\":\"SearchAction\",\"target\":{\"@type\":\"EntryPoint\",\"urlTemplate\":\"https:\\\/\\\/polyexcel.com.br\\\/es\\\/?s={search_term_string}\"},\"query-input\":{\"@type\":\"PropertyValueSpecification\",\"valueRequired\":true,\"valueName\":\"search_term_string\"}}],\"inLanguage\":\"es\"},{\"@type\":\"Organization\",\"@id\":\"https:\\\/\\\/polyexcel.com.br\\\/es\\\/#organization\",\"name\":\"Polyexcel Ind\u00fastria e Com\u00e9rcio de Compostos Polim\u00e9ricos Ltda\",\"url\":\"https:\\\/\\\/polyexcel.com.br\\\/es\\\/\",\"logo\":{\"@type\":\"ImageObject\",\"inLanguage\":\"es\",\"@id\":\"https:\\\/\\\/polyexcel.com.br\\\/es\\\/#\\\/schema\\\/logo\\\/image\\\/\",\"url\":\"https:\\\/\\\/polyexcel.com.br\\\/wp-content\\\/uploads\\\/2023\\\/01\\\/Logo-Polyexcel-Assinado-16x9SQ.png\",\"contentUrl\":\"https:\\\/\\\/polyexcel.com.br\\\/wp-content\\\/uploads\\\/2023\\\/01\\\/Logo-Polyexcel-Assinado-16x9SQ.png\",\"width\":1920,\"height\":1080,\"caption\":\"Polyexcel Ind\u00fastria e Com\u00e9rcio de Compostos Polim\u00e9ricos Ltda\"},\"image\":{\"@id\":\"https:\\\/\\\/polyexcel.com.br\\\/es\\\/#\\\/schema\\\/logo\\\/image\\\/\"},\"sameAs\":[\"https:\\\/\\\/www.facebook.com\\\/polyexcel\\\/\",\"https:\\\/\\\/www.instagram.com\\\/polyexcel\\\/\",\"https:\\\/\\\/www.linkedin.com\\\/company\\\/polyexcel\\\/\"]}]}<\/script>\n<!-- \/ Yoast SEO plugin. -->","yoast_head_json":{"title":"LLDPE: un producto usado cables de energ\u00eda | Polyexcel","description":"Usado en el aislamiento y cubierta de cables de energ\u00eda, el LLDPE est\u00e1n presentes en los productos de Polyexcel. \u00a1Eche un vistazo!","robots":{"index":"index","follow":"follow","max-snippet":"max-snippet:-1","max-image-preview":"max-image-preview:large","max-video-preview":"max-video-preview:-1"},"canonical":"https:\/\/polyexcel.com.br\/es\/lldpe-2\/","og_locale":"es_ES","og_type":"article","og_title":"LLDPE: un producto usado cables de energ\u00eda | Polyexcel","og_description":"Usado en el aislamiento y cubierta de cables de energ\u00eda, el LLDPE est\u00e1n presentes en los productos de Polyexcel. \u00a1Eche un vistazo!","og_url":"https:\/\/polyexcel.com.br\/es\/lldpe-2\/","og_site_name":"Polyexcel","article_publisher":"https:\/\/www.facebook.com\/polyexcel\/","article_modified_time":"2023-02-13T19:56:58+00:00","og_image":[{"url":"https:\/\/polyexcel.com.br\/wp-content\/uploads\/2019\/09\/Produto-telecom-LLDPE-300x177.jpg","type":"","width":"","height":""}],"twitter_card":"summary_large_image","twitter_misc":{"Tiempo de lectura":"2 minutos"},"schema":{"@context":"https:\/\/schema.org","@graph":[{"@type":"WebPage","@id":"https:\/\/polyexcel.com.br\/es\/lldpe-2\/","url":"https:\/\/polyexcel.com.br\/es\/lldpe-2\/","name":"LLDPE: un producto usado cables de energ\u00eda | Polyexcel","isPartOf":{"@id":"https:\/\/polyexcel.com.br\/es\/#website"},"primaryImageOfPage":{"@id":"https:\/\/polyexcel.com.br\/es\/lldpe-2\/#primaryimage"},"image":{"@id":"https:\/\/polyexcel.com.br\/es\/lldpe-2\/#primaryimage"},"thumbnailUrl":"https:\/\/polyexcel.com.br\/wp-content\/uploads\/2019\/09\/Produto-telecom-LLDPE-300x177.jpg","datePublished":"2019-09-19T21:04:17+00:00","dateModified":"2023-02-13T19:56:58+00:00","description":"Usado en el aislamiento y cubierta de cables de energ\u00eda, el LLDPE est\u00e1n presentes en los productos de Polyexcel. \u00a1Eche un vistazo!","breadcrumb":{"@id":"https:\/\/polyexcel.com.br\/es\/lldpe-2\/#breadcrumb"},"inLanguage":"es","potentialAction":[{"@type":"ReadAction","target":["https:\/\/polyexcel.com.br\/es\/lldpe-2\/"]}]},{"@type":"ImageObject","inLanguage":"es","@id":"https:\/\/polyexcel.com.br\/es\/lldpe-2\/#primaryimage","url":"https:\/\/polyexcel.com.br\/wp-content\/uploads\/2019\/09\/Produto-telecom-LLDPE-300x177.jpg","contentUrl":"https:\/\/polyexcel.com.br\/wp-content\/uploads\/2019\/09\/Produto-telecom-LLDPE-300x177.jpg"},{"@type":"BreadcrumbList","@id":"https:\/\/polyexcel.com.br\/es\/lldpe-2\/#breadcrumb","itemListElement":[{"@type":"ListItem","position":1,"name":"comienzo","item":"https:\/\/polyexcel.com.br\/es\/"},{"@type":"ListItem","position":2,"name":"LLDPE"}]},{"@type":"WebSite","@id":"https:\/\/polyexcel.com.br\/es\/#website","url":"https:\/\/polyexcel.com.br\/es\/","name":"Polyexcel","description":"","publisher":{"@id":"https:\/\/polyexcel.com.br\/es\/#organization"},"potentialAction":[{"@type":"SearchAction","target":{"@type":"EntryPoint","urlTemplate":"https:\/\/polyexcel.com.br\/es\/?s={search_term_string}"},"query-input":{"@type":"PropertyValueSpecification","valueRequired":true,"valueName":"search_term_string"}}],"inLanguage":"es"},{"@type":"Organization","@id":"https:\/\/polyexcel.com.br\/es\/#organization","name":"Polyexcel Ind\u00fastria e Com\u00e9rcio de Compostos Polim\u00e9ricos Ltda","url":"https:\/\/polyexcel.com.br\/es\/","logo":{"@type":"ImageObject","inLanguage":"es","@id":"https:\/\/polyexcel.com.br\/es\/#\/schema\/logo\/image\/","url":"https:\/\/polyexcel.com.br\/wp-content\/uploads\/2023\/01\/Logo-Polyexcel-Assinado-16x9SQ.png","contentUrl":"https:\/\/polyexcel.com.br\/wp-content\/uploads\/2023\/01\/Logo-Polyexcel-Assinado-16x9SQ.png","width":1920,"height":1080,"caption":"Polyexcel Ind\u00fastria e Com\u00e9rcio de Compostos Polim\u00e9ricos Ltda"},"image":{"@id":"https:\/\/polyexcel.com.br\/es\/#\/schema\/logo\/image\/"},"sameAs":["https:\/\/www.facebook.com\/polyexcel\/","https:\/\/www.instagram.com\/polyexcel\/","https:\/\/www.linkedin.com\/company\/polyexcel\/"]}]}},"_links":{"self":[{"href":"https:\/\/polyexcel.com.br\/es\/wp-json\/wp\/v2\/pages\/5776","targetHints":{"allow":["GET"]}}],"collection":[{"href":"https:\/\/polyexcel.com.br\/es\/wp-json\/wp\/v2\/pages"}],"about":[{"href":"https:\/\/polyexcel.com.br\/es\/wp-json\/wp\/v2\/types\/page"}],"author":[{"embeddable":true,"href":"https:\/\/polyexcel.com.br\/es\/wp-json\/wp\/v2\/users\/1"}],"replies":[{"embeddable":true,"href":"https:\/\/polyexcel.com.br\/es\/wp-json\/wp\/v2\/comments?post=5776"}],"version-history":[{"count":4,"href":"https:\/\/polyexcel.com.br\/es\/wp-json\/wp\/v2\/pages\/5776\/revisions"}],"predecessor-version":[{"id":11237,"href":"https:\/\/polyexcel.com.br\/es\/wp-json\/wp\/v2\/pages\/5776\/revisions\/11237"}],"wp:attachment":[{"href":"https:\/\/polyexcel.com.br\/es\/wp-json\/wp\/v2\/media?parent=5776"}],"curies":[{"name":"wp","href":"https:\/\/api.w.org\/{rel}","templated":true}]}}