{"id":5864,"date":"2019-09-20T14:00:24","date_gmt":"2019-09-20T17:00:24","guid":{"rendered":"https:\/\/polyexcel.com.br\/?page_id=5864"},"modified":"2024-05-01T16:51:18","modified_gmt":"2024-05-01T19:51:18","slug":"entre-en-contacto","status":"publish","type":"page","link":"https:\/\/polyexcel.com.br\/es\/entre-en-contacto\/","title":{"rendered":"Entre en contacto"},"content":{"rendered":"<div class=\"wpb-content-wrapper\">[vc_row full_width=\u00bbstretch_row\u00bb css=\u00bb.vc_custom_1566480118776{background-color: #ededed !important;}\u00bb][vc_column width=\u00bb1\/2&#8243;]<div class=\"cws_spacing cws_spacing_size_sm_desctop-on cws_spacing_tablet-on cws_spacing_mobile-on\"><div class=\"cws_spacing cws_spacing_default\" style=\"height:90px;\"><\/div> <div class=\"cws_spacing cws_spacing_size_sm_desctop\" style=\"height:90px;\"><\/div> <div class=\"cws_spacing cws_spacing_tablet\" style=\"height:90px;\"><\/div> <div class=\"cws_spacing cws_spacing_mobile\" style=\"height:50px;\"><\/div><\/div><div class='cws_textmodule cws_vc_shortcode_module' id='cws_textmodule_69ed92786d6db'><div class='cws_textmodule_wrapper '><div class='cws_textmodule_text text_align_left'><div class='cws_textmodule_titles display_block'><h3 class='cws_textmodule_title'>Como a Polyexcel pode ajudar?<\/h3><\/div><div class='cws_textmodule_content'><div class='text_content_wrapper'><p>A <b>Polyexcel<\/b> produz compostos baseados em Pol\u00edmeros Etil\u00eanicos. Somos uma empresa nacional que usa tecnologia internacional para criar produtos competitivos no mercado.<\/p>\n<p>Somos refer\u00eancia na cria\u00e7\u00e3o de compostos baseados em<b> pol\u00edmeros<\/b>. Nosso produto possui um aditivo que faz toda a diferen\u00e7a.<\/p>\n<p>Ficou interessado? Preencha no nosso formul\u00e1rio e fa\u00e7a uma cota\u00e7\u00e3o agora mesmo!<\/p>\n<p>Se tiver alguma d\u00favida sobre o <b>mercado de pol\u00edmeros<\/b> ou sobre os nossos produtos, voc\u00ea pode escrever para a gente e iremos entrar em contato.<\/p>\n<\/div><\/div><\/div><\/div><\/div>[\/vc_column][vc_column width=\u00bb1\/2&#8243;]<div class=\"cws_spacing cws_spacing_size_sm_desctop-on cws_spacing_tablet-on cws_spacing_mobile-on\"><div class=\"cws_spacing cws_spacing_default\" style=\"height:90px;\"><\/div> <div class=\"cws_spacing cws_spacing_size_sm_desctop\" style=\"height:90px;\"><\/div> <div class=\"cws_spacing cws_spacing_tablet\" style=\"height:90px;\"><\/div> <div class=\"cws_spacing cws_spacing_mobile\" style=\"height:70px;\"><\/div><\/div><div class=\"wpforms-container wpforms-container-full rmf-form\" id=\"wpforms-10591\"><form id=\"wpforms-form-10591\" class=\"wpforms-validate wpforms-form wpforms-ajax-form\" data-formid=\"10591\" method=\"post\" enctype=\"multipart\/form-data\" action=\"\/es\/wp-json\/wp\/v2\/pages\/5864\" data-token=\"dd134726cfb50545fc05fe11788b9922\" data-token-time=\"1777177208\"><noscript class=\"wpforms-error-noscript\">Por favor, activa JavaScript en tu navegador para completar este formulario.<\/noscript><div class=\"wpforms-field-container\"><div id=\"wpforms-10591-field_0-container\" class=\"wpforms-field wpforms-field-name\" data-field-id=\"0\"><label class=\"wpforms-field-label wpforms-label-hide\" for=\"wpforms-10591-field_0\">Nombre <span class=\"wpforms-required-label\">*<\/span><\/label><div class=\"wpforms-field-row wpforms-field-large\"><div class=\"wpforms-field-row-block wpforms-first wpforms-one-half\"><input type=\"text\" id=\"wpforms-10591-field_0\" class=\"wpforms-field-name-first wpforms-field-required\" name=\"wpforms[fields][0][first]\" placeholder=\"Nombre *\" required><label for=\"wpforms-10591-field_0\" class=\"wpforms-field-sublabel after wpforms-sublabel-hide\">Nombre<\/label><\/div><div class=\"wpforms-field-row-block wpforms-one-half\"><input type=\"text\" id=\"wpforms-10591-field_0-last\" class=\"wpforms-field-name-last wpforms-field-required\" name=\"wpforms[fields][0][last]\" placeholder=\"Apellido *\" required><label for=\"wpforms-10591-field_0-last\" class=\"wpforms-field-sublabel after wpforms-sublabel-hide\">Apellidos<\/label><\/div><\/div><\/div><div id=\"wpforms-10591-field_1-container\" class=\"wpforms-field wpforms-field-email\" data-field-id=\"1\"><label class=\"wpforms-field-label wpforms-label-hide\" for=\"wpforms-10591-field_1\">E-mail <span class=\"wpforms-required-label\">*<\/span><\/label><input type=\"email\" id=\"wpforms-10591-field_1\" class=\"wpforms-field-large wpforms-field-required\" name=\"wpforms[fields][1]\" placeholder=\"E-mail *\" spellcheck=\"false\" required><\/div><div id=\"wpforms-10591-field_6-container\" class=\"wpforms-field wpforms-field-text\" data-field-id=\"6\"><label class=\"wpforms-field-label wpforms-label-hide\" for=\"wpforms-10591-field_6\">Tel\u00e9fono <span class=\"wpforms-required-label\">*<\/span><\/label><input type=\"text\" id=\"wpforms-10591-field_6\" class=\"wpforms-field-large wpforms-field-required wpforms-masked-input\" data-rule-inputmask-incomplete=\"1\" data-inputmask-mask=\"+99 (99) 9999-9999[9]\" name=\"wpforms[fields][6]\" placeholder=\"Tel\u00e9fono *\" required><\/div><div id=\"wpforms-10591-field_3-container\" class=\"wpforms-field wpforms-field-text wpforms-one-half wpforms-first wpforms-one-third wpforms-two-thirds\" data-field-id=\"3\"><label class=\"wpforms-field-label wpforms-label-hide\" for=\"wpforms-10591-field_3\">Empresa <span class=\"wpforms-required-label\">*<\/span><\/label><input type=\"text\" id=\"wpforms-10591-field_3\" class=\"wpforms-field-large wpforms-field-required\" name=\"wpforms[fields][3]\" placeholder=\"Empresa *\" required><\/div><div id=\"wpforms-10591-field_4-container\" class=\"wpforms-field wpforms-field-select wpforms-one-half wpforms-one-third wpforms-field-select-style-modern\" data-field-id=\"4\"><label class=\"wpforms-field-label wpforms-label-hide\" for=\"wpforms-10591-field_4\">Tema <span class=\"wpforms-required-label\">*<\/span><\/label><select id=\"wpforms-10591-field_4\" class=\"wpforms-field-large wpforms-field-required choicesjs-select\" data-size-class=\"wpforms-field-row wpforms-field-large\" data-search-enabled=\"\" name=\"wpforms[fields][4]\" required=\"required\"><option value=\"\" class=\"placeholder\" disabled  selected='selected'>Tema *<\/option><option value=\"Preguntas\"  class=\"choice-1 depth-1\"  >Preguntas<\/option><option value=\"Sugerencias\"  class=\"choice-2 depth-1\"  >Sugerencias<\/option><option value=\"Preguntas t\u00e9cnicas\"  class=\"choice-3 depth-1\"  >Preguntas t\u00e9cnicas<\/option><\/select><\/div><div id=\"wpforms-10591-field_2-container\" class=\"wpforms-field wpforms-field-textarea\" data-field-id=\"2\"><label class=\"wpforms-field-label wpforms-label-hide\" for=\"wpforms-10591-field_2\">Su Mensaje <span class=\"wpforms-required-label\">*<\/span><\/label><textarea id=\"wpforms-10591-field_2\" class=\"wpforms-field-large wpforms-field-required wpforms-limit-words-enabled\" data-form-id=\"10591\" data-field-id=\"2\" data-text-limit=\"300\" name=\"wpforms[fields][2]\" placeholder=\"Mensaje \/ Comentarios *\" required><\/textarea><\/div><\/div><!-- .wpforms-field-container --><div class=\"wpforms-recaptcha-container wpforms-is-recaptcha wpforms-is-recaptcha-type-invisible\" ><div class=\"g-recaptcha\" data-sitekey=\"6Lf6VR4hAAAAAI4iWo7J_9g7pcd-JgbSp3XVwI3s\" data-size=\"invisible\"><\/div><\/div><div class=\"wpforms-submit-container\" ><input type=\"hidden\" name=\"wpforms[id]\" value=\"10591\"><input type=\"hidden\" name=\"page_title\" value=\"\"><input type=\"hidden\" name=\"page_url\" value=\"https:\/\/polyexcel.com.br\/es\/wp-json\/wp\/v2\/pages\/5864\"><input type=\"hidden\" name=\"url_referer\" value=\"\"><button type=\"submit\" name=\"wpforms[submit]\" id=\"wpforms-submit-10591\" class=\"wpforms-submit bt-form\" data-alt-text=\"Enviando...\" data-submit-text=\"Enviar\" aria-live=\"assertive\" value=\"wpforms-submit\">Enviar<\/button><img loading=\"lazy\" decoding=\"async\" src=\"https:\/\/polyexcel.com.br\/wp-content\/plugins\/wpforms-lite\/assets\/images\/submit-spin.svg\" class=\"wpforms-submit-spinner\" style=\"display: none;\" width=\"26\" height=\"26\" alt=\"Cargando\"><\/div><\/form><\/div>  <!-- .wpforms-container -->[\/vc_column][\/vc_row][vc_row full_width=\u00bbstretch_row\u00bb css=\u00bb.vc_custom_1566480537500{padding-top: 5% !important;padding-bottom: 5% !important;background-color: #ededed !important;}\u00bb][vc_column width=\u00bb1\/3&#8243;]<div id='cws_service_item_69ed927871aa4' class='cws_service_item cws_vc_shortcode_module title_beside a-left'><div class='cws_service_item_wrapper clearfix'><div class='cws_service_info'><h6 class='cws_service_title standard_spacing'>Direcci\u00f3n<\/h6><div class='cws_service_desc clearfix'><p>Estrada dos Alpes, 290<br \/>\nJardim Belval, Barueri \u2013 SP<br \/>\nCEP: 06423-080<\/p>\n<\/div><\/div><\/div><\/div>[\/vc_column][vc_column width=\u00bb1\/3&#8243;]<div id='cws_service_item_69ed927871c1d' class='cws_service_item cws_vc_shortcode_module title_beside a-left'><div class='cws_service_item_wrapper clearfix'><div class='cws_service_info'><h6 class='cws_service_title standard_spacing'>Telefone<\/h6><div class='cws_service_desc clearfix'><p>+55 (11) 4161-6775<br \/>\n+55 (11) 4858-0129<\/p>\n<p>Horario de atenci\u00f3n: 07:30 a 17:30<\/p>\n<\/div><\/div><\/div><\/div>[\/vc_column][vc_column width=\u00bb1\/3&#8243;]<div id='cws_service_item_69ed927871d4b' class='cws_service_item cws_vc_shortcode_module title_beside a-left'><div class='cws_service_item_wrapper clearfix'><span class='cws_searvice_icon_wrapper cws_searvice_side'><i class='cws_service_icon cws_vc_shortcode_icon_3\u0445 fa fa-phone'><\/i><\/span><div class='cws_service_info'><h6 class='cws_service_title standard_spacing'>E-mail<\/h6><div class='cws_service_desc clearfix'><p>contato@polyexcel.com.br<\/p>\n<\/div><\/div><\/div><\/div>[\/vc_column][\/vc_row][vc_row full_width=\u00bbstretch_row_content_no_spaces\u00bb css=\u00bb.vc_custom_1538574411369{background-color: #ededed !important;}\u00bb][vc_column][vc_raw_html]JTNDaWZyYW1lJTIwc3JjJTNEJTIyaHR0cHMlM0ElMkYlMkZ3d3cuZ29vZ2xlLmNvbSUyRm1hcHMlMkZlbWJlZCUzRnBiJTNEJTIxMW0xOCUyMTFtMTIlMjExbTMlMjExZDM2NTguNDc5ODY0MTcyNzQxJTIxMmQtNDYuOTMxNDE2NjQ5MjM1NjQlMjEzZC0yMy41MTUyMzcxODQ2MzA3NzQlMjEybTMlMjExZjAlMjEyZjAlMjEzZjAlMjEzbTIlMjExaTEwMjQlMjEyaTc2OCUyMTRmMTMuMSUyMTNtMyUyMTFtMiUyMTFzMHg5NGNmMDM3M2IyMjI2NTIxJTI1M0EweGIzNDc3ZGFmMzMxMjM0OTElMjEyc1BvbHlleGNlbCUyMTVlMCUyMTNtMiUyMTFzcHQtQlIlMjEyc2JyJTIxNHYxNjY3MjM2NTAzMjQ3JTIxNW0yJTIxMXNwdC1CUiUyMTJzYnIlMjIlMjB3aWR0aCUzRCUyMjE5MjAlMjIlMjBoZWlnaHQlM0QlMjIyNDMlMjIlMjBzdHlsZSUzRCUyMmJvcmRlciUzQTAlM0IlMjIlMjBhbGxvd2Z1bGxzY3JlZW4lM0QlMjIlMjIlMjBsb2FkaW5nJTNEJTIybGF6eSUyMiUyMHJlZmVycmVycG9saWN5JTNEJTIybm8tcmVmZXJyZXItd2hlbi1kb3duZ3JhZGUlMjIlM0UlM0MlMkZpZnJhbWUlM0U=[\/vc_raw_html][\/vc_column][\/vc_row]\n<\/div>","protected":false},"excerpt":{"rendered":"<p>[vc_row full_width=\u00bbstretch_row\u00bb css=\u00bb.vc_custom_1566480118776{background-color: #ededed !important;}\u00bb][vc_column width=\u00bb1\/2&#8243;][\/vc_column][vc_column width=\u00bb1\/2&#8243;][\/vc_column][\/vc_row][vc_row full_width=\u00bbstretch_row\u00bb css=\u00bb.vc_custom_1566480537500{padding-top: 5% !important;padding-bottom: 5% !important;background-color: #ededed !important;}\u00bb][vc_column width=\u00bb1\/3&#8243;][\/vc_column][vc_column width=\u00bb1\/3&#8243;][\/vc_column][vc_column width=\u00bb1\/3&#8243;][\/vc_column][\/vc_row][vc_row full_width=\u00bbstretch_row_content_no_spaces\u00bb css=\u00bb.vc_custom_1538574411369{background-color: #ededed !important;}\u00bb][vc_column][vc_raw_html]JTNDaWZyYW1lJTIwc3JjJTNEJTIyaHR0cHMlM0ElMkYlMkZ3d3cuZ29vZ2xlLmNvbSUyRm1hcHMlMkZlbWJlZCUzRnBiJTNEJTIxMW0xOCUyMTFtMTIlMjExbTMlMjExZDM2NTguNDc5ODY0MTcyNzQxJTIxMmQtNDYuOTMxNDE2NjQ5MjM1NjQlMjEzZC0yMy41MTUyMzcxODQ2MzA3NzQlMjEybTMlMjExZjAlMjEyZjAlMjEzZjAlMjEzbTIlMjExaTEwMjQlMjEyaTc2OCUyMTRmMTMuMSUyMTNtMyUyMTFtMiUyMTFzMHg5NGNmMDM3M2IyMjI2NTIxJTI1M0EweGIzNDc3ZGFmMzMxMjM0OTElMjEyc1BvbHlleGNlbCUyMTVlMCUyMTNtMiUyMTFzcHQtQlIlMjEyc2JyJTIxNHYxNjY3MjM2NTAzMjQ3JTIxNW0yJTIxMXNwdC1CUiUyMTJzYnIlMjIlMjB3aWR0aCUzRCUyMjE5MjAlMjIlMjBoZWlnaHQlM0QlMjIyNDMlMjIlMjBzdHlsZSUzRCUyMmJvcmRlciUzQTAlM0IlMjIlMjBhbGxvd2Z1bGxzY3JlZW4lM0QlMjIlMjIlMjBsb2FkaW5nJTNEJTIybGF6eSUyMiUyMHJlZmVycmVycG9saWN5JTNEJTIybm8tcmVmZXJyZXItd2hlbi1kb3duZ3JhZGUlMjIlM0UlM0MlMkZpZnJhbWUlM0U=[\/vc_raw_html][\/vc_column][\/vc_row]<\/p>\n","protected":false},"author":1,"featured_media":0,"parent":0,"menu_order":0,"comment_status":"closed","ping_status":"closed","template":"","meta":{"footnotes":""},"class_list":["post-5864","page","type-page","status-publish","hentry"],"yoast_head":"<!-- This site is optimized with the Yoast SEO plugin v27.4 - https:\/\/yoast.com\/product\/yoast-seo-wordpress\/ -->\n<title>Entre en contacto y haga su cotizaci\u00f3n | Polyexcel<\/title>\n<meta name=\"description\" content=\"Polyexcel es una empresa que produce compuestos polim\u00e9ricos de alta tecnolog\u00eda y calidad. Acceda a nuestro sitio y entre en contacto con nosotros\" \/>\n<meta name=\"robots\" content=\"index, follow, max-snippet:-1, max-image-preview:large, max-video-preview:-1\" \/>\n<link rel=\"canonical\" href=\"https:\/\/polyexcel.com.br\/es\/entre-en-contacto\/\" \/>\n<meta property=\"og:locale\" content=\"es_ES\" \/>\n<meta property=\"og:type\" content=\"article\" \/>\n<meta property=\"og:title\" content=\"Entre en contacto y haga su cotizaci\u00f3n | Polyexcel\" \/>\n<meta property=\"og:description\" content=\"Polyexcel es una empresa que produce compuestos polim\u00e9ricos de alta tecnolog\u00eda y calidad. Acceda a nuestro sitio y entre en contacto con nosotros\" \/>\n<meta property=\"og:url\" content=\"https:\/\/polyexcel.com.br\/es\/entre-en-contacto\/\" \/>\n<meta property=\"og:site_name\" content=\"Polyexcel\" \/>\n<meta property=\"article:publisher\" content=\"https:\/\/www.facebook.com\/polyexcel\/\" \/>\n<meta property=\"article:modified_time\" content=\"2024-05-01T19:51:18+00:00\" \/>\n<meta name=\"twitter:card\" content=\"summary_large_image\" \/>\n<meta name=\"twitter:label1\" content=\"Tiempo de lectura\" \/>\n\t<meta name=\"twitter:data1\" content=\"1 minuto\" \/>\n<script type=\"application\/ld+json\" class=\"yoast-schema-graph\">{\"@context\":\"https:\\\/\\\/schema.org\",\"@graph\":[{\"@type\":\"WebPage\",\"@id\":\"https:\\\/\\\/polyexcel.com.br\\\/es\\\/entre-en-contacto\\\/\",\"url\":\"https:\\\/\\\/polyexcel.com.br\\\/es\\\/entre-en-contacto\\\/\",\"name\":\"Entre en contacto y haga su cotizaci\u00f3n | Polyexcel\",\"isPartOf\":{\"@id\":\"https:\\\/\\\/polyexcel.com.br\\\/es\\\/#website\"},\"datePublished\":\"2019-09-20T17:00:24+00:00\",\"dateModified\":\"2024-05-01T19:51:18+00:00\",\"description\":\"Polyexcel es una empresa que produce compuestos polim\u00e9ricos de alta tecnolog\u00eda y calidad. Acceda a nuestro sitio y entre en contacto con nosotros\",\"breadcrumb\":{\"@id\":\"https:\\\/\\\/polyexcel.com.br\\\/es\\\/entre-en-contacto\\\/#breadcrumb\"},\"inLanguage\":\"es\",\"potentialAction\":[{\"@type\":\"ReadAction\",\"target\":[\"https:\\\/\\\/polyexcel.com.br\\\/es\\\/entre-en-contacto\\\/\"]}]},{\"@type\":\"BreadcrumbList\",\"@id\":\"https:\\\/\\\/polyexcel.com.br\\\/es\\\/entre-en-contacto\\\/#breadcrumb\",\"itemListElement\":[{\"@type\":\"ListItem\",\"position\":1,\"name\":\"comienzo\",\"item\":\"https:\\\/\\\/polyexcel.com.br\\\/es\\\/\"},{\"@type\":\"ListItem\",\"position\":2,\"name\":\"Entre en contacto\"}]},{\"@type\":\"WebSite\",\"@id\":\"https:\\\/\\\/polyexcel.com.br\\\/es\\\/#website\",\"url\":\"https:\\\/\\\/polyexcel.com.br\\\/es\\\/\",\"name\":\"Polyexcel\",\"description\":\"\",\"publisher\":{\"@id\":\"https:\\\/\\\/polyexcel.com.br\\\/es\\\/#organization\"},\"potentialAction\":[{\"@type\":\"SearchAction\",\"target\":{\"@type\":\"EntryPoint\",\"urlTemplate\":\"https:\\\/\\\/polyexcel.com.br\\\/es\\\/?s={search_term_string}\"},\"query-input\":{\"@type\":\"PropertyValueSpecification\",\"valueRequired\":true,\"valueName\":\"search_term_string\"}}],\"inLanguage\":\"es\"},{\"@type\":\"Organization\",\"@id\":\"https:\\\/\\\/polyexcel.com.br\\\/es\\\/#organization\",\"name\":\"Polyexcel Ind\u00fastria e Com\u00e9rcio de Compostos Polim\u00e9ricos Ltda\",\"url\":\"https:\\\/\\\/polyexcel.com.br\\\/es\\\/\",\"logo\":{\"@type\":\"ImageObject\",\"inLanguage\":\"es\",\"@id\":\"https:\\\/\\\/polyexcel.com.br\\\/es\\\/#\\\/schema\\\/logo\\\/image\\\/\",\"url\":\"https:\\\/\\\/polyexcel.com.br\\\/wp-content\\\/uploads\\\/2023\\\/01\\\/Logo-Polyexcel-Assinado-16x9SQ.png\",\"contentUrl\":\"https:\\\/\\\/polyexcel.com.br\\\/wp-content\\\/uploads\\\/2023\\\/01\\\/Logo-Polyexcel-Assinado-16x9SQ.png\",\"width\":1920,\"height\":1080,\"caption\":\"Polyexcel Ind\u00fastria e Com\u00e9rcio de Compostos Polim\u00e9ricos Ltda\"},\"image\":{\"@id\":\"https:\\\/\\\/polyexcel.com.br\\\/es\\\/#\\\/schema\\\/logo\\\/image\\\/\"},\"sameAs\":[\"https:\\\/\\\/www.facebook.com\\\/polyexcel\\\/\",\"https:\\\/\\\/www.instagram.com\\\/polyexcel\\\/\",\"https:\\\/\\\/www.linkedin.com\\\/company\\\/polyexcel\\\/\"]}]}<\/script>\n<!-- \/ Yoast SEO plugin. -->","yoast_head_json":{"title":"Entre en contacto y haga su cotizaci\u00f3n | Polyexcel","description":"Polyexcel es una empresa que produce compuestos polim\u00e9ricos de alta tecnolog\u00eda y calidad. Acceda a nuestro sitio y entre en contacto con nosotros","robots":{"index":"index","follow":"follow","max-snippet":"max-snippet:-1","max-image-preview":"max-image-preview:large","max-video-preview":"max-video-preview:-1"},"canonical":"https:\/\/polyexcel.com.br\/es\/entre-en-contacto\/","og_locale":"es_ES","og_type":"article","og_title":"Entre en contacto y haga su cotizaci\u00f3n | Polyexcel","og_description":"Polyexcel es una empresa que produce compuestos polim\u00e9ricos de alta tecnolog\u00eda y calidad. Acceda a nuestro sitio y entre en contacto con nosotros","og_url":"https:\/\/polyexcel.com.br\/es\/entre-en-contacto\/","og_site_name":"Polyexcel","article_publisher":"https:\/\/www.facebook.com\/polyexcel\/","article_modified_time":"2024-05-01T19:51:18+00:00","twitter_card":"summary_large_image","twitter_misc":{"Tiempo de lectura":"1 minuto"},"schema":{"@context":"https:\/\/schema.org","@graph":[{"@type":"WebPage","@id":"https:\/\/polyexcel.com.br\/es\/entre-en-contacto\/","url":"https:\/\/polyexcel.com.br\/es\/entre-en-contacto\/","name":"Entre en contacto y haga su cotizaci\u00f3n | Polyexcel","isPartOf":{"@id":"https:\/\/polyexcel.com.br\/es\/#website"},"datePublished":"2019-09-20T17:00:24+00:00","dateModified":"2024-05-01T19:51:18+00:00","description":"Polyexcel es una empresa que produce compuestos polim\u00e9ricos de alta tecnolog\u00eda y calidad. Acceda a nuestro sitio y entre en contacto con nosotros","breadcrumb":{"@id":"https:\/\/polyexcel.com.br\/es\/entre-en-contacto\/#breadcrumb"},"inLanguage":"es","potentialAction":[{"@type":"ReadAction","target":["https:\/\/polyexcel.com.br\/es\/entre-en-contacto\/"]}]},{"@type":"BreadcrumbList","@id":"https:\/\/polyexcel.com.br\/es\/entre-en-contacto\/#breadcrumb","itemListElement":[{"@type":"ListItem","position":1,"name":"comienzo","item":"https:\/\/polyexcel.com.br\/es\/"},{"@type":"ListItem","position":2,"name":"Entre en contacto"}]},{"@type":"WebSite","@id":"https:\/\/polyexcel.com.br\/es\/#website","url":"https:\/\/polyexcel.com.br\/es\/","name":"Polyexcel","description":"","publisher":{"@id":"https:\/\/polyexcel.com.br\/es\/#organization"},"potentialAction":[{"@type":"SearchAction","target":{"@type":"EntryPoint","urlTemplate":"https:\/\/polyexcel.com.br\/es\/?s={search_term_string}"},"query-input":{"@type":"PropertyValueSpecification","valueRequired":true,"valueName":"search_term_string"}}],"inLanguage":"es"},{"@type":"Organization","@id":"https:\/\/polyexcel.com.br\/es\/#organization","name":"Polyexcel Ind\u00fastria e Com\u00e9rcio de Compostos Polim\u00e9ricos Ltda","url":"https:\/\/polyexcel.com.br\/es\/","logo":{"@type":"ImageObject","inLanguage":"es","@id":"https:\/\/polyexcel.com.br\/es\/#\/schema\/logo\/image\/","url":"https:\/\/polyexcel.com.br\/wp-content\/uploads\/2023\/01\/Logo-Polyexcel-Assinado-16x9SQ.png","contentUrl":"https:\/\/polyexcel.com.br\/wp-content\/uploads\/2023\/01\/Logo-Polyexcel-Assinado-16x9SQ.png","width":1920,"height":1080,"caption":"Polyexcel Ind\u00fastria e Com\u00e9rcio de Compostos Polim\u00e9ricos Ltda"},"image":{"@id":"https:\/\/polyexcel.com.br\/es\/#\/schema\/logo\/image\/"},"sameAs":["https:\/\/www.facebook.com\/polyexcel\/","https:\/\/www.instagram.com\/polyexcel\/","https:\/\/www.linkedin.com\/company\/polyexcel\/"]}]}},"_links":{"self":[{"href":"https:\/\/polyexcel.com.br\/es\/wp-json\/wp\/v2\/pages\/5864","targetHints":{"allow":["GET"]}}],"collection":[{"href":"https:\/\/polyexcel.com.br\/es\/wp-json\/wp\/v2\/pages"}],"about":[{"href":"https:\/\/polyexcel.com.br\/es\/wp-json\/wp\/v2\/types\/page"}],"author":[{"embeddable":true,"href":"https:\/\/polyexcel.com.br\/es\/wp-json\/wp\/v2\/users\/1"}],"replies":[{"embeddable":true,"href":"https:\/\/polyexcel.com.br\/es\/wp-json\/wp\/v2\/comments?post=5864"}],"version-history":[{"count":6,"href":"https:\/\/polyexcel.com.br\/es\/wp-json\/wp\/v2\/pages\/5864\/revisions"}],"predecessor-version":[{"id":12836,"href":"https:\/\/polyexcel.com.br\/es\/wp-json\/wp\/v2\/pages\/5864\/revisions\/12836"}],"wp:attachment":[{"href":"https:\/\/polyexcel.com.br\/es\/wp-json\/wp\/v2\/media?parent=5864"}],"curies":[{"name":"wp","href":"https:\/\/api.w.org\/{rel}","templated":true}]}}